{"id":8464,"date":"2025-07-15T18:43:05","date_gmt":"2025-07-15T16:43:05","guid":{"rendered":"https:\/\/www.mirnockhueter.com\/?page_id=8464"},"modified":"2025-09-21T08:45:45","modified_gmt":"2025-09-21T06:45:45","slug":"mantra","status":"publish","type":"page","link":"https:\/\/www.mirnockhueter.com\/en\/mantra\/","title":{"rendered":"Mantra"},"content":{"rendered":"<div data-elementor-type=\"wp-page\" data-elementor-id=\"8464\" class=\"elementor elementor-8464\">\n\t\t\t\t\t\t<section class=\"elementor-section elementor-top-section elementor-element elementor-element-3036795 elementor-section-boxed elementor-section-height-default elementor-section-height-default\" data-id=\"3036795\" data-element_type=\"section\" data-e-type=\"section\">\n\t\t\t\t\t\t<div class=\"elementor-container elementor-column-gap-default\">\n\t\t\t\t\t<div class=\"elementor-column elementor-col-100 elementor-top-column elementor-element elementor-element-6aecb28\" data-id=\"6aecb28\" data-element_type=\"column\" data-e-type=\"column\">\n\t\t\t<div class=\"elementor-widget-wrap\">\n\t\t\t\t\t\t\t<\/div>\n\t\t<\/div>\n\t\t\t\t\t<\/div>\n\t\t<\/section>\n\t\t\t\t<section class=\"elementor-section elementor-top-section elementor-element elementor-element-d99c4d7 elementor-section-boxed elementor-section-height-default elementor-section-height-default\" data-id=\"d99c4d7\" data-element_type=\"section\" data-e-type=\"section\">\n\t\t\t\t\t\t<div class=\"elementor-container elementor-column-gap-default\">\n\t\t\t\t\t<div class=\"elementor-column elementor-col-100 elementor-top-column elementor-element elementor-element-70237f4\" data-id=\"70237f4\" data-element_type=\"column\" data-e-type=\"column\">\n\t\t\t<div class=\"elementor-widget-wrap elementor-element-populated\">\n\t\t\t\t\t\t<div class=\"elementor-element elementor-element-7c7fb59 elementor-widget elementor-widget-text-editor\" data-id=\"7c7fb59\" data-element_type=\"widget\" data-e-type=\"widget\" data-widget_type=\"text-editor.default\">\n\t\t\t\t<div class=\"elementor-widget-container\">\n\t\t\t\t\t\t\t\t\t<h3 style=\"text-align: center;\"><strong>Gayatri Mantra<\/strong><\/h3><p style=\"text-align: center;\">Om Bhur Bhuvah Svaha<\/p><p style=\"text-align: center;\">Tat Savitur Varenyam<\/p><p style=\"text-align: center;\">Bhargo Devasya Dhimahi<\/p><p style=\"text-align: center;\">Dhiyo Yonah Prachodayath<\/p><p style=\"text-align: center;\"><em>Let us meditate on the Om, that primal sound of God from which the three realms,<\/em><\/p><p style=\"text-align: center;\"><em>the coarse-earthly (bhur), the finer-ethereal (bhuvah) and the finest-celestial (svah) have emerged.<\/em><\/p><p style=\"text-align: center;\"><em>Let us worship (varenyam) the supreme, indescribable, divine being (tat), the creative one,<\/em><\/p><p style=\"text-align: center;\"><em>life-giving power that manifests itself in the sun (savitur).<\/em><\/p><p style=\"text-align: center;\"><em>Let us meditate (dhimahi) on the radiant light (bhargo) of God (devasya), which destroys all darkness, all ignorance, all vices.<\/em><\/p><p style=\"text-align: center;\"><em>May this (yo) light enlighten (pracodayat) our (na\u1e25) mind (dhiyo).<\/em><\/p><p style=\"text-align: center;\"><em>\u00a0<\/em><\/p><h3 style=\"text-align: center;\"><strong>Karpura Gauram<\/strong><\/h3><p style=\"text-align: center;\">Karpura Gauram Karuna Vataram<\/p><p style=\"text-align: center;\">Samsara Saram Bhujagendra Haram<\/p><p style=\"text-align: center;\">Sada Vasantam Hridayaravinde<\/p><p style=\"text-align: center;\">Bhavam Bhavani Sah\u00edtam Namani<\/p><p style=\"text-align: center;\"><em>I bow before Shiva,<br \/>which is as pure as camphor, the embodiment of compassion,<br \/>the essence of the world,<br \/>adorned with a king cobra,<br \/>always present in the heart,<br \/>together with his consort Bhavani (Parvati).<\/em><\/p><p style=\"text-align: center;\"><em>\u00a0<\/em><\/p><h3 style=\"text-align: center;\"><strong>Tuomeva Mata - Pandava Gita<\/strong><\/h3><p style=\"text-align: center;\">Tuameva Mata Ca Pita Tuameva<\/p><p style=\"text-align: center;\">Tuameva Banduh Ca Sakha Tuameva<\/p><p style=\"text-align: center;\">Tuameva Vidya Dravinam Tuameva<\/p><p style=\"text-align: center;\">Tuameva Saravam Mama Deva Deva<\/p><p style=\"text-align: center;\"><em>You alone are my mother and my father,<br \/>You alone are my relative and my friend,<br \/>You alone are my knowledge and my wealth,<br \/>You alone are my everything, O my God, my divine Lord.<\/em><\/p><p style=\"text-align: center;\"><em>\u00a0<\/em><\/p><h3 style=\"text-align: center;\"><strong>Om Tryambakam - Peace Mantra<\/strong><\/h3><p style=\"text-align: center;\">Om Tryambakam Yajamahe<\/p><p style=\"text-align: center;\">Sughandhim Pusti Vardhanam<\/p><p style=\"text-align: center;\">Urvaru Kamieva Bandhanat<\/p><p style=\"text-align: center;\">Mrytyor Muksir Ma Amritat<\/p><p style=\"text-align: center;\"><em>We worship the Three-Eyed One (Shiva),<br \/>that permeates, nourishes and heals everything.<br \/>How a cucumber separates from its stem,<br \/>may he free us from death and lead us to immortality.<\/em><strong style=\"font-style: inherit;\">\u00a0<\/strong><\/p><p style=\"text-align: center;\"><strong>\u00a0<\/strong><\/p><h3 style=\"text-align: center;\"><strong>\u00a0<\/strong><strong style=\"font-style: inherit;\">Ganga Gangeti<\/strong><\/h3><p style=\"text-align: center;\">Ganga Gangeti Yobriat<\/p><p style=\"text-align: center;\">Yoyanana Chataira Biyet<\/p><p style=\"text-align: center;\">Mujate Sarva Pape<\/p><p style=\"text-align: center;\">Visnu Lokan Sogochate<\/p><p style=\"text-align: center;\"><em>Whoever shouts \u201eGanga, Ganga\u201c, even from 100 yojanas away,<br \/>is freed from all sins<br \/>and reaches the world of Vishnu (the highest heavenly realm).<\/em><\/p><p style=\"text-align: center;\"><em>\u00a0<\/em><\/p><h3 style=\"text-align: center;\"><em>\u00a0<\/em><strong style=\"font-style: inherit;\">Nenan Chendam<\/strong><\/h3><p style=\"text-align: center;\"><strong>\u00a0<\/strong><span style=\"font-style: inherit; font-weight: inherit;\">Nenan chendam tichas trani<\/span><\/p><p style=\"text-align: center;\">Nenam tahati pavacaha<\/p><p style=\"text-align: center;\">No chenam calediam diapo<\/p><p style=\"text-align: center;\">No sociate marutaha<\/p><p style=\"text-align: center;\"><em>No weapon can cut the self,<br \/>No fire can burn it,<br \/>no water can soak it,<br \/>no wind can dry it out.<br \/>It is indestructible, eternal and all-pervading.<\/em><strong style=\"font-style: inherit;\">\u00a0<\/strong><\/p><p style=\"text-align: center;\"><strong>\u00a0<\/strong><strong style=\"font-style: inherit;\">\u00a0<\/strong><\/p><h3 style=\"text-align: center;\"><strong>\u00a0Om Purnamadah<\/strong><\/h3><p style=\"text-align: center;\">Om Purnamadah Purnamidam\u00a0<\/p><p style=\"text-align: center;\">Purnat Purnamudachyate\u00a0<\/p><p style=\"text-align: center;\">Purnasya Purnamadaya\u00a0<\/p><p style=\"text-align: center;\">Purnamevavashishyate<\/p><p style=\"text-align: center;\"><em>\u00a0<\/em><\/p><p style=\"text-align: center;\"><em>This is abundance, this is abundance.<br \/>Out of abundance comes abundance.<br \/>If you take abundance from abundance,<br \/>there is still plenty left.<\/em><\/p><p style=\"text-align: center;\"><em>Explanation:<\/em><\/p><p style=\"text-align: center;\"><em>This relative universe as my horizon of experience is Perfect \/Eternal\/Fullness. That absolute, divine, all-encompassing awareness is Perfect\/Eternal\/Fullness. The one is conditional on the other. The two cannot be separated from each other, as both are Perfect\/Eternal\/Fullness.<\/em><\/p><p style=\"text-align: center;\"><em>\u00a0<\/em><\/p><p style=\"text-align: center;\"><em>\u00a0<\/em><\/p><p style=\"text-align: center;\"><em>\u00a0<\/em><\/p><p style=\"text-align: center;\">\u00a0<\/p><h3 style=\"text-align: center;\" data-start=\"3147\" data-end=\"3178\"><strong data-start=\"3154\" data-end=\"3176\">Asato Ma Sadgamaya<\/strong><\/h3><p style=\"text-align: center;\" data-start=\"3179\" data-end=\"3272\"><strong data-start=\"3179\" data-end=\"3194\">phonetic transcription<\/strong><br data-start=\"3194\" data-end=\"3197\" \/>Asato Ma Sad Gamaya<br data-start=\"3216\" data-end=\"3219\" \/>Tamaso Ma Jyotir Gamaya<br data-start=\"3242\" data-end=\"3245\" \/>Mrityor Ma Amritam Gamaya<\/p><p style=\"text-align: center;\" data-start=\"3274\" data-end=\"3399\"><strong data-start=\"3274\" data-end=\"3289\">Translation of<\/strong><br data-start=\"3289\" data-end=\"3292\" \/>Lead us from the unreal to the real,<br data-start=\"3334\" data-end=\"3337\" \/>from darkness to light,<br data-start=\"3366\" data-end=\"3369\" \/>from death to immortality.<\/p><p style=\"text-align: center;\"><em>\u00a0<\/em><\/p><p style=\"text-align: center;\"><em>\u00a0<\/em><\/p><h3 style=\"text-align: center;\" data-start=\"3406\" data-end=\"3445\"><strong data-start=\"3413\" data-end=\"3443\">Gajananam (Ganesha Mantra)<\/strong><\/h3><p style=\"text-align: center;\" data-start=\"3446\" data-end=\"3604\"><strong data-start=\"3446\" data-end=\"3461\">phonetic transcription<\/strong><br data-start=\"3461\" data-end=\"3464\" \/>Gajananam Bhutaganadi Sevitam<br data-start=\"3493\" data-end=\"3496\" \/>Kapitta Jambu Phala Charu Bhakshitam<br data-start=\"3532\" data-end=\"3535\" \/>Uma Sutam Shoka Vinasha Karanam<br data-start=\"3566\" data-end=\"3569\" \/>Namami Vighneshvara Pada Pankajam<\/p><p style=\"text-align: center;\" data-start=\"3606\" data-end=\"3802\"><strong data-start=\"3606\" data-end=\"3621\">Translation of<\/strong><br data-start=\"3621\" data-end=\"3624\" \/>I bow before Ganesha,<br data-start=\"3654\" data-end=\"3657\" \/>worshipped by heavenly beings,<br data-start=\"3687\" data-end=\"3690\" \/>who enjoys the sweet fruit,<br data-start=\"3720\" data-end=\"3723\" \/>the son of Uma,<br data-start=\"3737\" data-end=\"3740\" \/>who removes all suffering<br data-start=\"3764\" data-end=\"3767\" \/>and embodies the obstacle-free.<\/p><p style=\"text-align: center;\"><em>\u00a0<\/em><\/p><p style=\"text-align: center;\"><em>\u00a0<\/em><\/p><h3 style=\"text-align: center;\" data-start=\"3809\" data-end=\"3855\"><strong data-start=\"3817\" data-end=\"3853\">Namo Stvanantaya (Vishnu Stotra)<\/strong><\/h3><p style=\"text-align: center;\" data-start=\"3856\" data-end=\"4012\"><strong data-start=\"3856\" data-end=\"3871\">phonetic transcription<\/strong><br data-start=\"3871\" data-end=\"3874\" \/>Namo'stu Anantaya Sahasra Murtaye<br data-start=\"3907\" data-end=\"3910\" \/>Sahasra Padakshi Shiro Dharaya<br data-start=\"3940\" data-end=\"3943\" \/>Sahasra Namne Purushaya Shashvate<br data-start=\"3976\" data-end=\"3979\" \/>Sahasra Koti Yuga Dharine Namah<\/p><p style=\"text-align: center;\" data-start=\"4014\" data-end=\"4213\"><strong data-start=\"4014\" data-end=\"4029\">Translation of<\/strong><br data-start=\"4029\" data-end=\"4032\" \/>Glory be to the Infinite,<br data-start=\"4057\" data-end=\"4060\" \/>which has a thousand forms,<br data-start=\"4086\" data-end=\"4089\" \/>thousand feet, eyes, heads and arms.<br data-start=\"4125\" data-end=\"4128\" \/>The one with a thousand names, the eternal Purusha,<br data-start=\"4170\" data-end=\"4173\" \/>through millions of ages.<\/p><p style=\"text-align: center;\"><strong>\u00a0<\/strong><\/p><h3 style=\"text-align: center;\" data-start=\"4220\" data-end=\"4248\"><strong data-start=\"4228\" data-end=\"4246\">Ayushman Bhava<\/strong><\/h3><p style=\"text-align: center;\" data-start=\"4249\" data-end=\"4283\"><strong data-start=\"4249\" data-end=\"4264\">phonetic transcription<\/strong><br data-start=\"4264\" data-end=\"4267\" \/>Ayushman Bhava<\/p><p style=\"text-align: center;\" data-start=\"4285\" data-end=\"4337\"><strong data-start=\"4285\" data-end=\"4300\">Translation of<\/strong><br data-start=\"4300\" data-end=\"4303\" \/>I bless you with long life.<\/p><p style=\"text-align: center;\"><em>\u00a0<\/em><\/p><p style=\"text-align: center;\"><em>\u00a0<\/em><strong style=\"font-style: inherit;\">Mantra of love and compassion<\/strong><\/p><p style=\"text-align: center;\"><strong>\u00a0<\/strong><\/p><h3 style=\"text-align: center;\" data-start=\"4344\" data-end=\"4375\"><strong data-start=\"4352\" data-end=\"4373\">Om Mani Padme Hum<\/strong><\/h3><p style=\"text-align: center;\" data-start=\"4376\" data-end=\"4413\"><strong data-start=\"4376\" data-end=\"4391\">phonetic transcription<\/strong><br data-start=\"4391\" data-end=\"4394\" \/>Om Mani Padme Hum<\/p><p style=\"text-align: center;\" data-start=\"4415\" data-end=\"4552\"><strong data-start=\"4415\" data-end=\"4430\">Translation of<\/strong><br data-start=\"4430\" data-end=\"4433\" \/>Oh, you jewel in the lotus blossom.<br data-start=\"4464\" data-end=\"4467\" \/>It symbolises compassion, wisdom and the union of method and knowledge.<\/p><p style=\"text-align: center;\"><em>\u00a0<\/em><\/p><h3 style=\"text-align: center;\" data-start=\"4559\" data-end=\"4610\"><strong data-start=\"4567\" data-end=\"4608\">Nama\u1e25 Pankaja-Hast\u0101ya (Vishnu-Stotra)<\/strong><\/h3><p style=\"text-align: center;\" data-start=\"4611\" data-end=\"4725\"><strong data-start=\"4611\" data-end=\"4626\">phonetic transcription<\/strong><br data-start=\"4626\" data-end=\"4629\" \/>Namah Pankaja Hastaya<br data-start=\"4650\" data-end=\"4653\" \/>Namah Pankaja Maline<br data-start=\"4673\" data-end=\"4676\" \/>Namah Pankaja Netraya<br data-start=\"4697\" data-end=\"4700\" \/>Bahushrayaya Namo Namah<\/p><p style=\"text-align: center;\" data-start=\"4727\" data-end=\"4965\"><strong data-start=\"4727\" data-end=\"4742\">Translation of<\/strong><br data-start=\"4742\" data-end=\"4745\" \/>I bow to the one with lotus hands.<br data-start=\"4787\" data-end=\"4790\" \/>I bow down to the one who wears a lotus wreath.<br data-start=\"4844\" data-end=\"4847\" \/>I bow down to the one with lotus eyes.<br data-start=\"4888\" data-end=\"4891\" \/>I bow again and again before the One who offers refuge to many.<\/p>\t\t\t\t\t\t\t\t<\/div>\n\t\t\t\t<\/div>\n\t\t\t\t\t<\/div>\n\t\t<\/div>\n\t\t\t\t\t<\/div>\n\t\t<\/section>\n\t\t\t\t<\/div>","protected":false},"excerpt":{"rendered":"<p>Gayatri Mantra Om Bhur Bhuvah Svaha Tat Savitur Varenyam Bhargo Devasya Dhimahi Dhiyo Yonah Prachodayath Lasst uns \u00fcber das Om meditieren, jener Urlaut Gottes, aus dem die drei Bereiche, das Grobe-Irdische (bhur), das Feinere-\u00c4therische (bhuvah) und das Feinste-Himmlische (svah) hervorgegangen sind. Lasst uns das h\u00f6chste, unbeschreibbare, g\u00f6ttliche Sein (tat) (f\u00fcr vorz\u00fcglich halten =) verehren (varenyam), [&hellip;]<\/p>\n","protected":false},"author":1,"featured_media":0,"parent":0,"menu_order":0,"comment_status":"closed","ping_status":"closed","template":"","meta":{"site-sidebar-layout":"no-sidebar","site-content-layout":"page-builder","ast-site-content-layout":"full-width-container","site-content-style":"default","site-sidebar-style":"default","ast-global-header-display":"","ast-banner-title-visibility":"","ast-main-header-display":"","ast-hfb-above-header-display":"","ast-hfb-below-header-display":"","ast-hfb-mobile-header-display":"","site-post-title":"disabled","ast-breadcrumbs-content":"","ast-featured-img":"disabled","footer-sml-layout":"","ast-disable-related-posts":"","theme-transparent-header-meta":"","adv-header-id-meta":"","stick-header-meta":"","header-above-stick-meta":"","header-main-stick-meta":"","header-below-stick-meta":"","astra-migrate-meta-layouts":"set","ast-page-background-enabled":"default","ast-page-background-meta":{"desktop":{"background-color":"var(--ast-global-color-4)","background-image":"","background-repeat":"repeat","background-position":"center center","background-size":"auto","background-attachment":"scroll","background-type":"","background-media":"","overlay-type":"","overlay-color":"","overlay-opacity":"","overlay-gradient":""},"tablet":{"background-color":"","background-image":"","background-repeat":"repeat","background-position":"center center","background-size":"auto","background-attachment":"scroll","background-type":"","background-media":"","overlay-type":"","overlay-color":"","overlay-opacity":"","overlay-gradient":""},"mobile":{"background-color":"","background-image":"","background-repeat":"repeat","background-position":"center center","background-size":"auto","background-attachment":"scroll","background-type":"","background-media":"","overlay-type":"","overlay-color":"","overlay-opacity":"","overlay-gradient":""}},"ast-content-background-meta":{"desktop":{"background-color":"var(--ast-global-color-5)","background-image":"","background-repeat":"repeat","background-position":"center center","background-size":"auto","background-attachment":"scroll","background-type":"","background-media":"","overlay-type":"","overlay-color":"","overlay-opacity":"","overlay-gradient":""},"tablet":{"background-color":"var(--ast-global-color-5)","background-image":"","background-repeat":"repeat","background-position":"center center","background-size":"auto","background-attachment":"scroll","background-type":"","background-media":"","overlay-type":"","overlay-color":"","overlay-opacity":"","overlay-gradient":""},"mobile":{"background-color":"var(--ast-global-color-5)","background-image":"","background-repeat":"repeat","background-position":"center center","background-size":"auto","background-attachment":"scroll","background-type":"","background-media":"","overlay-type":"","overlay-color":"","overlay-opacity":"","overlay-gradient":""}},"iawp_total_views":146,"footnotes":""},"class_list":["post-8464","page","type-page","status-publish","hentry"],"yoast_head":"<!-- This site is optimized with the Yoast SEO plugin v27.0 - https:\/\/yoast.com\/product\/yoast-seo-wordpress\/ -->\n<title>Mantra - Mirnockh\u00fcter<\/title>\n<meta name=\"robots\" content=\"index, follow, max-snippet:-1, max-image-preview:large, max-video-preview:-1\" \/>\n<link rel=\"canonical\" href=\"https:\/\/www.mirnockhueter.com\/en\/mantra\/\" \/>\n<meta property=\"og:locale\" content=\"en_GB\" \/>\n<meta property=\"og:type\" content=\"article\" \/>\n<meta property=\"og:title\" content=\"Mantra - Mirnockh\u00fcter\" \/>\n<meta property=\"og:description\" content=\"Gayatri Mantra Om Bhur Bhuvah Svaha Tat Savitur Varenyam Bhargo Devasya Dhimahi Dhiyo Yonah Prachodayath Lasst uns \u00fcber das Om meditieren, jener Urlaut Gottes, aus dem die drei Bereiche, das Grobe-Irdische (bhur), das Feinere-\u00c4therische (bhuvah) und das Feinste-Himmlische (svah) hervorgegangen sind. Lasst uns das h\u00f6chste, unbeschreibbare, g\u00f6ttliche Sein (tat) (f\u00fcr vorz\u00fcglich halten =) verehren (varenyam), [&hellip;]\" \/>\n<meta property=\"og:url\" content=\"https:\/\/www.mirnockhueter.com\/en\/mantra\/\" \/>\n<meta property=\"og:site_name\" content=\"Mirnockh\u00fcter\" \/>\n<meta property=\"article:publisher\" content=\"https:\/\/www.facebook.com\/mirnockhueter\/\" \/>\n<meta property=\"article:modified_time\" content=\"2025-09-21T06:45:45+00:00\" \/>\n<meta property=\"og:image\" content=\"https:\/\/www.mirnockhueter.com\/wp-content\/uploads\/2022\/08\/Schwitzhuette-aus-der-Luft.jpg\" \/>\n\t<meta property=\"og:image:width\" content=\"2000\" \/>\n\t<meta property=\"og:image:height\" content=\"1125\" \/>\n\t<meta property=\"og:image:type\" content=\"image\/jpeg\" \/>\n<meta name=\"twitter:card\" content=\"summary_large_image\" \/>\n<meta name=\"twitter:label1\" content=\"Estimated reading time\" \/>\n\t<meta name=\"twitter:data1\" content=\"3 minutes\" \/>\n<script type=\"application\/ld+json\" class=\"yoast-schema-graph\">{\"@context\":\"https:\/\/schema.org\",\"@graph\":[{\"@type\":\"WebPage\",\"@id\":\"https:\/\/www.mirnockhueter.com\/mantra\/\",\"url\":\"https:\/\/www.mirnockhueter.com\/mantra\/\",\"name\":\"Mantra - Mirnockh\u00fcter\",\"isPartOf\":{\"@id\":\"https:\/\/www.mirnockhueter.com\/#website\"},\"datePublished\":\"2025-07-15T16:43:05+00:00\",\"dateModified\":\"2025-09-21T06:45:45+00:00\",\"breadcrumb\":{\"@id\":\"https:\/\/www.mirnockhueter.com\/mantra\/#breadcrumb\"},\"inLanguage\":\"en-GB\",\"potentialAction\":[{\"@type\":\"ReadAction\",\"target\":[\"https:\/\/www.mirnockhueter.com\/mantra\/\"]}]},{\"@type\":\"BreadcrumbList\",\"@id\":\"https:\/\/www.mirnockhueter.com\/mantra\/#breadcrumb\",\"itemListElement\":[{\"@type\":\"ListItem\",\"position\":1,\"name\":\"Startseite\",\"item\":\"https:\/\/www.mirnockhueter.com\/\"},{\"@type\":\"ListItem\",\"position\":2,\"name\":\"Mantra\"}]},{\"@type\":\"WebSite\",\"@id\":\"https:\/\/www.mirnockhueter.com\/#website\",\"url\":\"https:\/\/www.mirnockhueter.com\/\",\"name\":\"Mirnockh\u00fcter\",\"description\":\"Schwitzh\u00fctten am Kraftberg Mirnock in K\u00e4rnten\",\"publisher\":{\"@id\":\"https:\/\/www.mirnockhueter.com\/#organization\"},\"potentialAction\":[{\"@type\":\"SearchAction\",\"target\":{\"@type\":\"EntryPoint\",\"urlTemplate\":\"https:\/\/www.mirnockhueter.com\/?s={search_term_string}\"},\"query-input\":{\"@type\":\"PropertyValueSpecification\",\"valueRequired\":true,\"valueName\":\"search_term_string\"}}],\"inLanguage\":\"en-GB\"},{\"@type\":\"Organization\",\"@id\":\"https:\/\/www.mirnockhueter.com\/#organization\",\"name\":\"Mirnockh\u00fcter - -Schwitzh\u00fctten und Pfeifenrituale\",\"url\":\"https:\/\/www.mirnockhueter.com\/\",\"logo\":{\"@type\":\"ImageObject\",\"inLanguage\":\"en-GB\",\"@id\":\"https:\/\/www.mirnockhueter.com\/#\/schema\/logo\/image\/\",\"url\":\"https:\/\/www.mirnockhueter.com\/wp-content\/uploads\/2022\/05\/kraftplatz-mirnock.jpg\",\"contentUrl\":\"https:\/\/www.mirnockhueter.com\/wp-content\/uploads\/2022\/05\/kraftplatz-mirnock.jpg\",\"width\":1619,\"height\":1080,\"caption\":\"Mirnockh\u00fcter - -Schwitzh\u00fctten und Pfeifenrituale\"},\"image\":{\"@id\":\"https:\/\/www.mirnockhueter.com\/#\/schema\/logo\/image\/\"},\"sameAs\":[\"https:\/\/www.facebook.com\/mirnockhueter\/\"]}]}<\/script>\n<!-- \/ Yoast SEO plugin. -->","yoast_head_json":{"title":"Mantra - Mirnock guardian","robots":{"index":"index","follow":"follow","max-snippet":"max-snippet:-1","max-image-preview":"max-image-preview:large","max-video-preview":"max-video-preview:-1"},"canonical":"https:\/\/www.mirnockhueter.com\/en\/mantra\/","og_locale":"en_GB","og_type":"article","og_title":"Mantra - Mirnockh\u00fcter","og_description":"Gayatri Mantra Om Bhur Bhuvah Svaha Tat Savitur Varenyam Bhargo Devasya Dhimahi Dhiyo Yonah Prachodayath Lasst uns \u00fcber das Om meditieren, jener Urlaut Gottes, aus dem die drei Bereiche, das Grobe-Irdische (bhur), das Feinere-\u00c4therische (bhuvah) und das Feinste-Himmlische (svah) hervorgegangen sind. Lasst uns das h\u00f6chste, unbeschreibbare, g\u00f6ttliche Sein (tat) (f\u00fcr vorz\u00fcglich halten =) verehren (varenyam), [&hellip;]","og_url":"https:\/\/www.mirnockhueter.com\/en\/mantra\/","og_site_name":"Mirnockh\u00fcter","article_publisher":"https:\/\/www.facebook.com\/mirnockhueter\/","article_modified_time":"2025-09-21T06:45:45+00:00","og_image":[{"width":2000,"height":1125,"url":"https:\/\/www.mirnockhueter.com\/wp-content\/uploads\/2022\/08\/Schwitzhuette-aus-der-Luft.jpg","type":"image\/jpeg"}],"twitter_card":"summary_large_image","twitter_misc":{"Estimated reading time":"3 minutes"},"schema":{"@context":"https:\/\/schema.org","@graph":[{"@type":"WebPage","@id":"https:\/\/www.mirnockhueter.com\/mantra\/","url":"https:\/\/www.mirnockhueter.com\/mantra\/","name":"Mantra - Mirnock guardian","isPartOf":{"@id":"https:\/\/www.mirnockhueter.com\/#website"},"datePublished":"2025-07-15T16:43:05+00:00","dateModified":"2025-09-21T06:45:45+00:00","breadcrumb":{"@id":"https:\/\/www.mirnockhueter.com\/mantra\/#breadcrumb"},"inLanguage":"en-GB","potentialAction":[{"@type":"ReadAction","target":["https:\/\/www.mirnockhueter.com\/mantra\/"]}]},{"@type":"BreadcrumbList","@id":"https:\/\/www.mirnockhueter.com\/mantra\/#breadcrumb","itemListElement":[{"@type":"ListItem","position":1,"name":"Startseite","item":"https:\/\/www.mirnockhueter.com\/"},{"@type":"ListItem","position":2,"name":"Mantra"}]},{"@type":"WebSite","@id":"https:\/\/www.mirnockhueter.com\/#website","url":"https:\/\/www.mirnockhueter.com\/","name":"Mirnock guardian","description":"Sweat lodges on the Mirnock power mountain in Carinthia","publisher":{"@id":"https:\/\/www.mirnockhueter.com\/#organization"},"potentialAction":[{"@type":"SearchAction","target":{"@type":"EntryPoint","urlTemplate":"https:\/\/www.mirnockhueter.com\/?s={search_term_string}"},"query-input":{"@type":"PropertyValueSpecification","valueRequired":true,"valueName":"search_term_string"}}],"inLanguage":"en-GB"},{"@type":"Organization","@id":"https:\/\/www.mirnockhueter.com\/#organization","name":"Mirnockh\u00fcter - sweat lodges and pipe rituals","url":"https:\/\/www.mirnockhueter.com\/","logo":{"@type":"ImageObject","inLanguage":"en-GB","@id":"https:\/\/www.mirnockhueter.com\/#\/schema\/logo\/image\/","url":"https:\/\/www.mirnockhueter.com\/wp-content\/uploads\/2022\/05\/kraftplatz-mirnock.jpg","contentUrl":"https:\/\/www.mirnockhueter.com\/wp-content\/uploads\/2022\/05\/kraftplatz-mirnock.jpg","width":1619,"height":1080,"caption":"Mirnockh\u00fcter - -Schwitzh\u00fctten und Pfeifenrituale"},"image":{"@id":"https:\/\/www.mirnockhueter.com\/#\/schema\/logo\/image\/"},"sameAs":["https:\/\/www.facebook.com\/mirnockhueter\/"]}]}},"_links":{"self":[{"href":"https:\/\/www.mirnockhueter.com\/en\/wp-json\/wp\/v2\/pages\/8464","targetHints":{"allow":["GET"]}}],"collection":[{"href":"https:\/\/www.mirnockhueter.com\/en\/wp-json\/wp\/v2\/pages"}],"about":[{"href":"https:\/\/www.mirnockhueter.com\/en\/wp-json\/wp\/v2\/types\/page"}],"author":[{"embeddable":true,"href":"https:\/\/www.mirnockhueter.com\/en\/wp-json\/wp\/v2\/users\/1"}],"replies":[{"embeddable":true,"href":"https:\/\/www.mirnockhueter.com\/en\/wp-json\/wp\/v2\/comments?post=8464"}],"version-history":[{"count":13,"href":"https:\/\/www.mirnockhueter.com\/en\/wp-json\/wp\/v2\/pages\/8464\/revisions"}],"predecessor-version":[{"id":8660,"href":"https:\/\/www.mirnockhueter.com\/en\/wp-json\/wp\/v2\/pages\/8464\/revisions\/8660"}],"wp:attachment":[{"href":"https:\/\/www.mirnockhueter.com\/en\/wp-json\/wp\/v2\/media?parent=8464"}],"curies":[{"name":"wp","href":"https:\/\/api.w.org\/{rel}","templated":true}]}}