{"id":2330,"date":"2022-05-15T09:01:00","date_gmt":"2022-05-15T07:01:00","guid":{"rendered":"http:\/\/mirnockhueter.markus-shiatsu.at\/?page_id=2330"},"modified":"2026-02-04T17:11:48","modified_gmt":"2026-02-04T16:11:48","slug":"datenschutzerklaerung-2","status":"publish","type":"page","link":"https:\/\/www.mirnockhueter.com\/en\/datenschutzerklaerung-2\/","title":{"rendered":"Privacy policy"},"content":{"rendered":"<div data-elementor-type=\"wp-page\" data-elementor-id=\"2330\" class=\"elementor elementor-2330\">\n\t\t\t\t\t\t<section class=\"elementor-section elementor-top-section elementor-element elementor-element-8d714f5 elementor-section-boxed elementor-section-height-default elementor-section-height-default\" data-id=\"8d714f5\" data-element_type=\"section\" data-e-type=\"section\">\n\t\t\t\t\t\t<div class=\"elementor-container elementor-column-gap-default\">\n\t\t\t\t\t<div class=\"elementor-column elementor-col-100 elementor-top-column elementor-element elementor-element-3e07fd9\" data-id=\"3e07fd9\" data-element_type=\"column\" data-e-type=\"column\">\n\t\t\t<div class=\"elementor-widget-wrap elementor-element-populated\">\n\t\t\t\t\t\t<div class=\"elementor-element elementor-element-60abcce elementor-widget elementor-widget-spacer\" data-id=\"60abcce\" data-element_type=\"widget\" data-e-type=\"widget\" data-widget_type=\"spacer.default\">\n\t\t\t\t<div class=\"elementor-widget-container\">\n\t\t\t\t\t\t\t<div class=\"elementor-spacer\">\n\t\t\t<div class=\"elementor-spacer-inner\"><\/div>\n\t\t<\/div>\n\t\t\t\t\t\t<\/div>\n\t\t\t\t<\/div>\n\t\t\t\t\t<\/div>\n\t\t<\/div>\n\t\t\t\t\t<\/div>\n\t\t<\/section>\n\t\t\t\t<section class=\"elementor-section elementor-top-section elementor-element elementor-element-a9e1032 elementor-section-boxed elementor-section-height-default elementor-section-height-default\" data-id=\"a9e1032\" data-element_type=\"section\" data-e-type=\"section\">\n\t\t\t\t\t\t<div class=\"elementor-container elementor-column-gap-default\">\n\t\t\t\t\t<div class=\"elementor-column elementor-col-100 elementor-top-column elementor-element elementor-element-694f054\" data-id=\"694f054\" data-element_type=\"column\" data-e-type=\"column\">\n\t\t\t<div class=\"elementor-widget-wrap elementor-element-populated\">\n\t\t\t\t\t\t<div class=\"elementor-element elementor-element-9ba2953 elementor-widget elementor-widget-heading\" data-id=\"9ba2953\" data-element_type=\"widget\" data-e-type=\"widget\" data-widget_type=\"heading.default\">\n\t\t\t\t<div class=\"elementor-widget-container\">\n\t\t\t\t\t<h2 class=\"elementor-heading-title elementor-size-default\">Privacy policy<\/h2>\t\t\t\t<\/div>\n\t\t\t\t<\/div>\n\t\t\t\t\t<\/div>\n\t\t<\/div>\n\t\t\t\t\t<\/div>\n\t\t<\/section>\n\t\t\t\t<section class=\"elementor-section elementor-top-section elementor-element elementor-element-ecf5972 elementor-section-boxed elementor-section-height-default elementor-section-height-default\" data-id=\"ecf5972\" data-element_type=\"section\" data-e-type=\"section\">\n\t\t\t\t\t\t<div class=\"elementor-container elementor-column-gap-default\">\n\t\t\t\t\t<div class=\"elementor-column elementor-col-100 elementor-top-column elementor-element elementor-element-056b82d\" data-id=\"056b82d\" data-element_type=\"column\" data-e-type=\"column\">\n\t\t\t<div class=\"elementor-widget-wrap elementor-element-populated\">\n\t\t\t\t\t\t<div class=\"elementor-element elementor-element-0ec7c6a elementor-widget elementor-widget-text-editor\" data-id=\"0ec7c6a\" data-element_type=\"widget\" data-e-type=\"widget\" data-widget_type=\"text-editor.default\">\n\t\t\t\t<div class=\"elementor-widget-container\">\n\t\t\t\t\t\t\t\t\t<h2 data-start=\"413\" data-end=\"440\">1. general information<\/h2><p data-start=\"441\" data-end=\"756\">The protection of your personal data is of particular concern to us. We process personal data exclusively on the basis of the applicable legal provisions, in particular the General Data Protection Regulation (GDPR), the Data Protection Act (DSG) and the Telecommunications Act 2021 (TKG 2021).<\/p><p data-start=\"758\" data-end=\"903\">In this privacy policy, we inform you about the type, scope and purpose of the processing of personal data on our website.<\/p><hr data-start=\"905\" data-end=\"908\" \/><h2 data-start=\"910\" data-end=\"934\">2. responsible person<\/h2><p data-start=\"935\" data-end=\"994\"><strong data-start=\"935\" data-end=\"959\">Association Mirnockhueter<\/strong><br data-start=\"959\" data-end=\"962\" \/>E-Mail: <a class=\"decorated-link cursor-pointer\" rel=\"noopener\" data-start=\"970\" data-end=\"992\">info@mirnockhueter.com<\/a><\/p><p data-start=\"996\" data-end=\"1038\">(Further information can be found in the imprint).<\/p><hr data-start=\"1040\" data-end=\"1043\" \/><h2 data-start=\"1045\" data-end=\"1068\">3. server log files<\/h2><p data-start=\"1069\" data-end=\"1225\">When you visit our website, the hosting provider automatically collects information in so-called server log files. These include in particular<\/p><ul data-start=\"1227\" data-end=\"1375\"><li data-start=\"1227\" data-end=\"1241\"><p data-start=\"1229\" data-end=\"1241\">IP address<\/p><\/li><li data-start=\"1242\" data-end=\"1276\"><p data-start=\"1244\" data-end=\"1276\">Date and time of access<\/p><\/li><li data-start=\"1277\" data-end=\"1299\"><p data-start=\"1279\" data-end=\"1299\">pages viewed<\/p><\/li><li data-start=\"1300\" data-end=\"1327\"><p data-start=\"1302\" data-end=\"1327\">Browser type and version<\/p><\/li><li data-start=\"1328\" data-end=\"1358\"><p data-start=\"1330\" data-end=\"1358\">Operating system used<\/p><\/li><li data-start=\"1359\" data-end=\"1375\"><p data-start=\"1361\" data-end=\"1375\">Referrer URL<\/p><\/li><\/ul><p data-start=\"1377\" data-end=\"1484\">This data is technically necessary to ensure the secure and stable operation of the website.<\/p><p data-start=\"1486\" data-end=\"1560\"><strong data-start=\"1486\" data-end=\"1506\">Legal basis:<\/strong><br data-start=\"1506\" data-end=\"1509\" \/>Art. 6 para. 1 lit. f GDPR (legitimate interest)<\/p><hr data-start=\"1562\" data-end=\"1565\" \/><h2 data-start=\"1567\" data-end=\"1603\">4. no use of cookies<\/h2><p data-start=\"1604\" data-end=\"1842\">Our website uses <strong data-start=\"1629\" data-end=\"1681\">No tracking, analysis or marketing cookies<\/strong>.<br data-start=\"1682\" data-end=\"1685\" \/>Only technically necessary functions are used that do not require the storage of personal data beyond the visit to the website.<\/p><p data-start=\"1844\" data-end=\"1891\">A cookie banner is therefore not required.<\/p><hr data-start=\"1893\" data-end=\"1896\" \/><h2 data-start=\"1898\" data-end=\"1939\">5. contact &amp; contact form<\/h2><p data-start=\"1940\" data-end=\"2174\">If you contact us by e-mail or via the contact form, the data you provide (e.g. name, e-mail address, message) will be processed for the purpose of processing your enquiry and for possible follow-up questions.<\/p><p data-start=\"2176\" data-end=\"2366\">Data processing takes place via the plugin <strong data-start=\"2222\" data-end=\"2233\">WPForms<\/strong>. The data is either transmitted by e-mail or - depending on the configuration - temporarily stored in the website database.<\/p><p data-start=\"2368\" data-end=\"2538\"><strong data-start=\"2368\" data-end=\"2388\">Legal basis:<\/strong><br data-start=\"2388\" data-end=\"2391\" \/>Art. 6 para. 1 lit. b GDPR (pre-contractual measures)<br data-start=\"2445\" data-end=\"2448\" \/>and Art. 6 para. 1 lit. f GDPR (legitimate interest in responding to enquiries)<\/p><p data-start=\"2540\" data-end=\"2665\">The transmitted data will be deleted at the latest after <strong data-start=\"2587\" data-end=\"2600\">6 months<\/strong> deleted, unless there is a legal obligation to retain the data.<\/p><hr data-start=\"2667\" data-end=\"2670\" \/><h2 data-start=\"2672\" data-end=\"2710\">6. spam protection (friendly captcha)<\/h2><p data-start=\"2711\" data-end=\"2839\">To protect against automated enquiries (spam), we use <strong data-start=\"2772\" data-end=\"2792\">Friendly Captcha<\/strong>, a data protection-friendly CAPTCHA service.<\/p><p data-start=\"2841\" data-end=\"2994\">No cookies are set and no personal user profiles are created. The processing takes place exclusively to prevent misuse.<\/p><p data-start=\"2996\" data-end=\"3100\"><strong data-start=\"2996\" data-end=\"3016\">Legal basis:<\/strong><br data-start=\"3016\" data-end=\"3019\" \/>Art. 6 para. 1 lit. f GDPR (legitimate interest in the security of the website)<\/p><p data-start=\"3102\" data-end=\"3223\">Further information can be found in the privacy policy of Friendly Captcha:<br data-start=\"3184\" data-end=\"3187\" \/><a class=\"decorated-link\" href=\"https:\/\/friendlycaptcha.com\/privacy\/\" target=\"_new\" rel=\"noopener\" data-start=\"3187\" data-end=\"3223\">https:\/\/friendlycaptcha.com\/privacy\/<\/a><\/p><hr data-start=\"3225\" data-end=\"3228\" \/><h2 data-start=\"3230\" data-end=\"3270\">7. google fonts (locally integrated)<\/h2><p data-start=\"3271\" data-end=\"3498\">Our website uses fonts from <strong data-start=\"3313\" data-end=\"3329\">Google Fonts<\/strong>, which <strong data-start=\"3335\" data-end=\"3385\">locally integrated on the server in Austria<\/strong> are.<br data-start=\"3391\" data-end=\"3394\" \/>It takes place <strong data-start=\"3405\" data-end=\"3447\">No connection to Google servers<\/strong> and no transmission of your IP address to Google.<\/p><hr data-start=\"3500\" data-end=\"3503\" \/><h2 data-start=\"3505\" data-end=\"3523\">8th Newsletter<\/h2><p data-start=\"3524\" data-end=\"3690\">If you subscribe to our newsletter, we need your e-mail address and your express consent. The registration takes place in the <strong data-start=\"3662\" data-end=\"3689\">Double opt-in procedure<\/strong>.<\/p><p data-start=\"3692\" data-end=\"3781\">You can unsubscribe from the newsletter at any time by sending an e-mail to<br data-start=\"3741\" data-end=\"3744\" \/><a class=\"decorated-link cursor-pointer\" rel=\"noopener\" data-start=\"3744\" data-end=\"3766\">info@mirnockhueter.com<\/a><br data-start=\"3766\" data-end=\"3769\" \/>unsubscribe.<\/p><p data-start=\"3783\" data-end=\"3838\">Your data will be deleted immediately after cancellation.<\/p><p data-start=\"3840\" data-end=\"3904\"><strong data-start=\"3840\" data-end=\"3860\">Legal basis:<\/strong><br data-start=\"3860\" data-end=\"3863\" \/>Art. 6 para. 1 lit. a GDPR (consent)<\/p><hr data-start=\"3906\" data-end=\"3909\" \/><h2 data-start=\"3911\" data-end=\"3930\">9. your rights<\/h2><p data-start=\"3931\" data-end=\"3965\">You have the right to at any time:<\/p><ul data-start=\"3967\" data-end=\"4256\"><li data-start=\"3967\" data-end=\"3995\"><p data-start=\"3969\" data-end=\"3995\">Information (Art. 15 GDPR)<\/p><\/li><li data-start=\"3996\" data-end=\"4028\"><p data-start=\"3998\" data-end=\"4028\">Rectification (Art. 16 GDPR)<\/p><\/li><li data-start=\"4029\" data-end=\"4057\"><p data-start=\"4031\" data-end=\"4057\">Erasure (Art. 17 GDPR)<\/p><\/li><li data-start=\"4058\" data-end=\"4108\"><p data-start=\"4060\" data-end=\"4108\">Restriction of processing (Art. 18 GDPR)<\/p><\/li><li data-start=\"4109\" data-end=\"4149\"><p data-start=\"4111\" data-end=\"4149\">Data portability (Art. 20 GDPR)<\/p><\/li><li data-start=\"4150\" data-end=\"4204\"><p data-start=\"4152\" data-end=\"4204\">Objection to the processing (Art. 21 GDPR)<\/p><\/li><li data-start=\"4205\" data-end=\"4256\"><p data-start=\"4207\" data-end=\"4256\">Withdrawal of consent (Art. 7 para. 3 GDPR)<\/p><\/li><\/ul><p data-start=\"4258\" data-end=\"4375\">You also have the right to lodge a complaint with the Austrian data protection authority:<br data-start=\"4351\" data-end=\"4354\" \/><a class=\"decorated-link\" href=\"https:\/\/www.dsb.gv.at\" target=\"_new\" rel=\"noopener\" data-start=\"4354\" data-end=\"4375\">https:\/\/www.dsb.gv.at<\/a><\/p><h2 data-start=\"4382\" data-end=\"4406\">10. data security<\/h2><p data-start=\"4407\" data-end=\"4580\">We use suitable technical and organisational security measures to protect your personal data from unauthorised access, loss or manipulation.<\/p><hr data-start=\"4582\" data-end=\"4585\" \/><h2 data-start=\"4587\" data-end=\"4606\">11. changes<\/h2><p data-start=\"4607\" data-end=\"4700\">This privacy policy may be amended in the event of legal or technical changes.<\/p><p data-start=\"4702\" data-end=\"4739\"><strong data-start=\"4702\" data-end=\"4728\">Last updated:<\/strong> February 2026<\/p>\t\t\t\t\t\t\t\t<\/div>\n\t\t\t\t<\/div>\n\t\t\t\t\t<\/div>\n\t\t<\/div>\n\t\t\t\t\t<\/div>\n\t\t<\/section>\n\t\t\t\t<section class=\"elementor-section elementor-top-section elementor-element elementor-element-64cd2d1 elementor-section-boxed elementor-section-height-default elementor-section-height-default\" data-id=\"64cd2d1\" data-element_type=\"section\" data-e-type=\"section\">\n\t\t\t\t\t\t<div class=\"elementor-container elementor-column-gap-default\">\n\t\t\t\t\t<div class=\"elementor-column elementor-col-100 elementor-top-column elementor-element elementor-element-8fd752f\" data-id=\"8fd752f\" data-element_type=\"column\" data-e-type=\"column\">\n\t\t\t<div class=\"elementor-widget-wrap elementor-element-populated\">\n\t\t\t\t\t\t<div class=\"elementor-element elementor-element-4d37438 elementor-widget elementor-widget-spacer\" data-id=\"4d37438\" data-element_type=\"widget\" data-e-type=\"widget\" data-widget_type=\"spacer.default\">\n\t\t\t\t<div class=\"elementor-widget-container\">\n\t\t\t\t\t\t\t<div class=\"elementor-spacer\">\n\t\t\t<div class=\"elementor-spacer-inner\"><\/div>\n\t\t<\/div>\n\t\t\t\t\t\t<\/div>\n\t\t\t\t<\/div>\n\t\t\t\t\t<\/div>\n\t\t<\/div>\n\t\t\t\t\t<\/div>\n\t\t<\/section>\n\t\t\t\t<\/div>","protected":false},"excerpt":{"rendered":"<p>Datenschutzrichtlinien 1. Allgemeine Hinweise Der Schutz Ihrer pers\u00f6nlichen Daten ist uns ein besonderes Anliegen. Wir verarbeiten personenbezogene Daten ausschlie\u00dflich auf Grundlage der geltenden gesetzlichen Bestimmungen, insbesondere der Datenschutz-Grundverordnung (DSGVO), des Datenschutzgesetzes (DSG) sowie des Telekommunikationsgesetzes 2021 (TKG 2021). In dieser Datenschutzerkl\u00e4rung informieren wir Sie \u00fcber Art, Umfang und Zweck der Verarbeitung personenbezogener Daten im Rahmen [&hellip;]<\/p>\n","protected":false},"author":1,"featured_media":0,"parent":0,"menu_order":0,"comment_status":"closed","ping_status":"closed","template":"","meta":{"site-sidebar-layout":"no-sidebar","site-content-layout":"page-builder","ast-site-content-layout":"default","site-content-style":"default","site-sidebar-style":"default","ast-global-header-display":"","ast-banner-title-visibility":"","ast-main-header-display":"","ast-hfb-above-header-display":"","ast-hfb-below-header-display":"","ast-hfb-mobile-header-display":"","site-post-title":"disabled","ast-breadcrumbs-content":"","ast-featured-img":"disabled","footer-sml-layout":"","ast-disable-related-posts":"","theme-transparent-header-meta":"","adv-header-id-meta":"","stick-header-meta":"","header-above-stick-meta":"","header-main-stick-meta":"","header-below-stick-meta":"","astra-migrate-meta-layouts":"default","ast-page-background-enabled":"default","ast-page-background-meta":{"desktop":{"background-color":"var(--ast-global-color-4)","background-image":"","background-repeat":"repeat","background-position":"center center","background-size":"auto","background-attachment":"scroll","background-type":"","background-media":"","overlay-type":"","overlay-color":"","overlay-opacity":"","overlay-gradient":""},"tablet":{"background-color":"","background-image":"","background-repeat":"repeat","background-position":"center center","background-size":"auto","background-attachment":"scroll","background-type":"","background-media":"","overlay-type":"","overlay-color":"","overlay-opacity":"","overlay-gradient":""},"mobile":{"background-color":"","background-image":"","background-repeat":"repeat","background-position":"center center","background-size":"auto","background-attachment":"scroll","background-type":"","background-media":"","overlay-type":"","overlay-color":"","overlay-opacity":"","overlay-gradient":""}},"ast-content-background-meta":{"desktop":{"background-color":"var(--ast-global-color-5)","background-image":"","background-repeat":"repeat","background-position":"center center","background-size":"auto","background-attachment":"scroll","background-type":"","background-media":"","overlay-type":"","overlay-color":"","overlay-opacity":"","overlay-gradient":""},"tablet":{"background-color":"var(--ast-global-color-5)","background-image":"","background-repeat":"repeat","background-position":"center center","background-size":"auto","background-attachment":"scroll","background-type":"","background-media":"","overlay-type":"","overlay-color":"","overlay-opacity":"","overlay-gradient":""},"mobile":{"background-color":"var(--ast-global-color-5)","background-image":"","background-repeat":"repeat","background-position":"center center","background-size":"auto","background-attachment":"scroll","background-type":"","background-media":"","overlay-type":"","overlay-color":"","overlay-opacity":"","overlay-gradient":""}},"iawp_total_views":9,"footnotes":""},"class_list":["post-2330","page","type-page","status-publish","hentry"],"yoast_head":"<!-- This site is optimized with the Yoast SEO plugin v27.0 - https:\/\/yoast.com\/product\/yoast-seo-wordpress\/ -->\n<title>Datenschutzerkl\u00e4rung - Mirnockh\u00fcter<\/title>\n<meta name=\"robots\" content=\"index, follow, max-snippet:-1, max-image-preview:large, max-video-preview:-1\" \/>\n<link rel=\"canonical\" href=\"https:\/\/www.mirnockhueter.com\/en\/datenschutzerklaerung-2\/\" \/>\n<meta property=\"og:locale\" content=\"en_GB\" \/>\n<meta property=\"og:type\" content=\"article\" \/>\n<meta property=\"og:title\" content=\"Datenschutzerkl\u00e4rung - Mirnockh\u00fcter\" \/>\n<meta property=\"og:description\" content=\"Datenschutzrichtlinien 1. Allgemeine Hinweise Der Schutz Ihrer pers\u00f6nlichen Daten ist uns ein besonderes Anliegen. Wir verarbeiten personenbezogene Daten ausschlie\u00dflich auf Grundlage der geltenden gesetzlichen Bestimmungen, insbesondere der Datenschutz-Grundverordnung (DSGVO), des Datenschutzgesetzes (DSG) sowie des Telekommunikationsgesetzes 2021 (TKG 2021). In dieser Datenschutzerkl\u00e4rung informieren wir Sie \u00fcber Art, Umfang und Zweck der Verarbeitung personenbezogener Daten im Rahmen [&hellip;]\" \/>\n<meta property=\"og:url\" content=\"https:\/\/www.mirnockhueter.com\/en\/datenschutzerklaerung-2\/\" \/>\n<meta property=\"og:site_name\" content=\"Mirnockh\u00fcter\" \/>\n<meta property=\"article:publisher\" content=\"https:\/\/www.facebook.com\/mirnockhueter\/\" \/>\n<meta property=\"article:modified_time\" content=\"2026-02-04T16:11:48+00:00\" \/>\n<meta property=\"og:image\" content=\"https:\/\/www.mirnockhueter.com\/wp-content\/uploads\/2022\/08\/Schwitzhuette-aus-der-Luft.jpg\" \/>\n\t<meta property=\"og:image:width\" content=\"2000\" \/>\n\t<meta property=\"og:image:height\" content=\"1125\" \/>\n\t<meta property=\"og:image:type\" content=\"image\/jpeg\" \/>\n<meta name=\"twitter:card\" content=\"summary_large_image\" \/>\n<meta name=\"twitter:label1\" content=\"Estimated reading time\" \/>\n\t<meta name=\"twitter:data1\" content=\"3 minutes\" \/>\n<script type=\"application\/ld+json\" class=\"yoast-schema-graph\">{\"@context\":\"https:\/\/schema.org\",\"@graph\":[{\"@type\":\"WebPage\",\"@id\":\"https:\/\/www.mirnockhueter.com\/datenschutzerklaerung-2\/\",\"url\":\"https:\/\/www.mirnockhueter.com\/datenschutzerklaerung-2\/\",\"name\":\"Datenschutzerkl\u00e4rung - Mirnockh\u00fcter\",\"isPartOf\":{\"@id\":\"https:\/\/www.mirnockhueter.com\/#website\"},\"datePublished\":\"2022-05-15T07:01:00+00:00\",\"dateModified\":\"2026-02-04T16:11:48+00:00\",\"breadcrumb\":{\"@id\":\"https:\/\/www.mirnockhueter.com\/datenschutzerklaerung-2\/#breadcrumb\"},\"inLanguage\":\"en-GB\",\"potentialAction\":[{\"@type\":\"ReadAction\",\"target\":[\"https:\/\/www.mirnockhueter.com\/datenschutzerklaerung-2\/\"]}]},{\"@type\":\"BreadcrumbList\",\"@id\":\"https:\/\/www.mirnockhueter.com\/datenschutzerklaerung-2\/#breadcrumb\",\"itemListElement\":[{\"@type\":\"ListItem\",\"position\":1,\"name\":\"Startseite\",\"item\":\"https:\/\/www.mirnockhueter.com\/\"},{\"@type\":\"ListItem\",\"position\":2,\"name\":\"Datenschutzerkl\u00e4rung\"}]},{\"@type\":\"WebSite\",\"@id\":\"https:\/\/www.mirnockhueter.com\/#website\",\"url\":\"https:\/\/www.mirnockhueter.com\/\",\"name\":\"Mirnockh\u00fcter\",\"description\":\"Schwitzh\u00fctten am Kraftberg Mirnock in K\u00e4rnten\",\"publisher\":{\"@id\":\"https:\/\/www.mirnockhueter.com\/#organization\"},\"potentialAction\":[{\"@type\":\"SearchAction\",\"target\":{\"@type\":\"EntryPoint\",\"urlTemplate\":\"https:\/\/www.mirnockhueter.com\/?s={search_term_string}\"},\"query-input\":{\"@type\":\"PropertyValueSpecification\",\"valueRequired\":true,\"valueName\":\"search_term_string\"}}],\"inLanguage\":\"en-GB\"},{\"@type\":\"Organization\",\"@id\":\"https:\/\/www.mirnockhueter.com\/#organization\",\"name\":\"Mirnockh\u00fcter - -Schwitzh\u00fctten und Pfeifenrituale\",\"url\":\"https:\/\/www.mirnockhueter.com\/\",\"logo\":{\"@type\":\"ImageObject\",\"inLanguage\":\"en-GB\",\"@id\":\"https:\/\/www.mirnockhueter.com\/#\/schema\/logo\/image\/\",\"url\":\"https:\/\/www.mirnockhueter.com\/wp-content\/uploads\/2022\/05\/kraftplatz-mirnock.jpg\",\"contentUrl\":\"https:\/\/www.mirnockhueter.com\/wp-content\/uploads\/2022\/05\/kraftplatz-mirnock.jpg\",\"width\":1619,\"height\":1080,\"caption\":\"Mirnockh\u00fcter - -Schwitzh\u00fctten und Pfeifenrituale\"},\"image\":{\"@id\":\"https:\/\/www.mirnockhueter.com\/#\/schema\/logo\/image\/\"},\"sameAs\":[\"https:\/\/www.facebook.com\/mirnockhueter\/\"]}]}<\/script>\n<!-- \/ Yoast SEO plugin. -->","yoast_head_json":{"title":"Privacy policy - Mirnockh\u00fcter","robots":{"index":"index","follow":"follow","max-snippet":"max-snippet:-1","max-image-preview":"max-image-preview:large","max-video-preview":"max-video-preview:-1"},"canonical":"https:\/\/www.mirnockhueter.com\/en\/datenschutzerklaerung-2\/","og_locale":"en_GB","og_type":"article","og_title":"Datenschutzerkl\u00e4rung - Mirnockh\u00fcter","og_description":"Datenschutzrichtlinien 1. Allgemeine Hinweise Der Schutz Ihrer pers\u00f6nlichen Daten ist uns ein besonderes Anliegen. Wir verarbeiten personenbezogene Daten ausschlie\u00dflich auf Grundlage der geltenden gesetzlichen Bestimmungen, insbesondere der Datenschutz-Grundverordnung (DSGVO), des Datenschutzgesetzes (DSG) sowie des Telekommunikationsgesetzes 2021 (TKG 2021). In dieser Datenschutzerkl\u00e4rung informieren wir Sie \u00fcber Art, Umfang und Zweck der Verarbeitung personenbezogener Daten im Rahmen [&hellip;]","og_url":"https:\/\/www.mirnockhueter.com\/en\/datenschutzerklaerung-2\/","og_site_name":"Mirnockh\u00fcter","article_publisher":"https:\/\/www.facebook.com\/mirnockhueter\/","article_modified_time":"2026-02-04T16:11:48+00:00","og_image":[{"width":2000,"height":1125,"url":"https:\/\/www.mirnockhueter.com\/wp-content\/uploads\/2022\/08\/Schwitzhuette-aus-der-Luft.jpg","type":"image\/jpeg"}],"twitter_card":"summary_large_image","twitter_misc":{"Estimated reading time":"3 minutes"},"schema":{"@context":"https:\/\/schema.org","@graph":[{"@type":"WebPage","@id":"https:\/\/www.mirnockhueter.com\/datenschutzerklaerung-2\/","url":"https:\/\/www.mirnockhueter.com\/datenschutzerklaerung-2\/","name":"Privacy policy - Mirnockh\u00fcter","isPartOf":{"@id":"https:\/\/www.mirnockhueter.com\/#website"},"datePublished":"2022-05-15T07:01:00+00:00","dateModified":"2026-02-04T16:11:48+00:00","breadcrumb":{"@id":"https:\/\/www.mirnockhueter.com\/datenschutzerklaerung-2\/#breadcrumb"},"inLanguage":"en-GB","potentialAction":[{"@type":"ReadAction","target":["https:\/\/www.mirnockhueter.com\/datenschutzerklaerung-2\/"]}]},{"@type":"BreadcrumbList","@id":"https:\/\/www.mirnockhueter.com\/datenschutzerklaerung-2\/#breadcrumb","itemListElement":[{"@type":"ListItem","position":1,"name":"Startseite","item":"https:\/\/www.mirnockhueter.com\/"},{"@type":"ListItem","position":2,"name":"Datenschutzerkl\u00e4rung"}]},{"@type":"WebSite","@id":"https:\/\/www.mirnockhueter.com\/#website","url":"https:\/\/www.mirnockhueter.com\/","name":"Mirnock guardian","description":"Sweat lodges on the Mirnock power mountain in Carinthia","publisher":{"@id":"https:\/\/www.mirnockhueter.com\/#organization"},"potentialAction":[{"@type":"SearchAction","target":{"@type":"EntryPoint","urlTemplate":"https:\/\/www.mirnockhueter.com\/?s={search_term_string}"},"query-input":{"@type":"PropertyValueSpecification","valueRequired":true,"valueName":"search_term_string"}}],"inLanguage":"en-GB"},{"@type":"Organization","@id":"https:\/\/www.mirnockhueter.com\/#organization","name":"Mirnockh\u00fcter - sweat lodges and pipe rituals","url":"https:\/\/www.mirnockhueter.com\/","logo":{"@type":"ImageObject","inLanguage":"en-GB","@id":"https:\/\/www.mirnockhueter.com\/#\/schema\/logo\/image\/","url":"https:\/\/www.mirnockhueter.com\/wp-content\/uploads\/2022\/05\/kraftplatz-mirnock.jpg","contentUrl":"https:\/\/www.mirnockhueter.com\/wp-content\/uploads\/2022\/05\/kraftplatz-mirnock.jpg","width":1619,"height":1080,"caption":"Mirnockh\u00fcter - -Schwitzh\u00fctten und Pfeifenrituale"},"image":{"@id":"https:\/\/www.mirnockhueter.com\/#\/schema\/logo\/image\/"},"sameAs":["https:\/\/www.facebook.com\/mirnockhueter\/"]}]}},"_links":{"self":[{"href":"https:\/\/www.mirnockhueter.com\/en\/wp-json\/wp\/v2\/pages\/2330","targetHints":{"allow":["GET"]}}],"collection":[{"href":"https:\/\/www.mirnockhueter.com\/en\/wp-json\/wp\/v2\/pages"}],"about":[{"href":"https:\/\/www.mirnockhueter.com\/en\/wp-json\/wp\/v2\/types\/page"}],"author":[{"embeddable":true,"href":"https:\/\/www.mirnockhueter.com\/en\/wp-json\/wp\/v2\/users\/1"}],"replies":[{"embeddable":true,"href":"https:\/\/www.mirnockhueter.com\/en\/wp-json\/wp\/v2\/comments?post=2330"}],"version-history":[{"count":79,"href":"https:\/\/www.mirnockhueter.com\/en\/wp-json\/wp\/v2\/pages\/2330\/revisions"}],"predecessor-version":[{"id":8882,"href":"https:\/\/www.mirnockhueter.com\/en\/wp-json\/wp\/v2\/pages\/2330\/revisions\/8882"}],"wp:attachment":[{"href":"https:\/\/www.mirnockhueter.com\/en\/wp-json\/wp\/v2\/media?parent=2330"}],"curies":[{"name":"wp","href":"https:\/\/api.w.org\/{rel}","templated":true}]}}