{"id":2134,"date":"2022-05-13T16:39:59","date_gmt":"2022-05-13T14:39:59","guid":{"rendered":"http:\/\/mirnockhueter.markus-shiatsu.at\/?page_id=2134"},"modified":"2025-09-21T08:53:09","modified_gmt":"2025-09-21T06:53:09","slug":"was-kostet-das","status":"publish","type":"page","link":"https:\/\/www.mirnockhueter.com\/en\/was-kostet-das\/","title":{"rendered":"Prices and costs?"},"content":{"rendered":"<div data-elementor-type=\"wp-page\" data-elementor-id=\"2134\" class=\"elementor elementor-2134\">\n\t\t\t\t\t\t<section class=\"elementor-section elementor-top-section elementor-element elementor-element-9a30382 elementor-section-boxed elementor-section-height-default elementor-section-height-default\" data-id=\"9a30382\" data-element_type=\"section\" data-e-type=\"section\">\n\t\t\t\t\t\t\t<div class=\"elementor-background-overlay\"><\/div>\n\t\t\t\t\t\t\t<div class=\"elementor-container elementor-column-gap-default\">\n\t\t\t\t\t<div class=\"elementor-column elementor-col-100 elementor-top-column elementor-element elementor-element-443e660\" data-id=\"443e660\" data-element_type=\"column\" data-e-type=\"column\">\n\t\t\t<div class=\"elementor-widget-wrap elementor-element-populated\">\n\t\t\t\t\t\t<div class=\"elementor-element elementor-element-e03633d elementor-widget elementor-widget-text-editor\" data-id=\"e03633d\" data-element_type=\"widget\" data-e-type=\"widget\" data-widget_type=\"text-editor.default\">\n\t\t\t\t<div class=\"elementor-widget-container\">\n\t\t\t\t\t\t\t\t\t<p><strong>WHAT DOES IT COST YOU:<\/strong><\/p><p data-start=\"112\" data-end=\"510\">We Mirnockh\u00fcter carry our Indian ceremonies and events with a lot of heart and dedication. We only ask you to cover the costs of organisation and materials. There is also a donation box in which you can make a contribution according to your satisfaction and personal means.<br data-start=\"441\" data-end=\"444\" \/><em data-start=\"444\" data-end=\"508\">(We recommend \u20ac 50 as a guideline for energy equalisation).<\/em><\/p><p data-start=\"512\" data-end=\"597\">For primitive peoples, prayers to the Great Creative Spirit are naturally free. \ud83d\ude4f<\/p><p data-start=\"599\" data-end=\"829\">With a small annual contribution of \u20ac 20,- you can also become a member of the <strong data-start=\"672\" data-end=\"688\">Mirnock guardian<\/strong> become a volunteer. In this way, you support our work, experience new things and make valuable contacts that can enrich your life.\u00a0<\/p><p data-start=\"599\" data-end=\"829\">\u00a0<\/p><p style=\"text-align: center;\"><u>Club account<\/u>:<\/p><div style=\"text-align: center;\"><strong>Harald Schneider<\/strong><\/div><div style=\"text-align: center;\"><strong>Mirnock guardian\u00a0<\/strong><\/div><div style=\"text-align: center;\">\u00a0<\/div><div style=\"text-align: center;\">IBAN:\u00a0<strong>AT83 1200 0100 2936 8775<\/strong><\/div><div style=\"text-align: center;\">BIC:\u00a0\u00a0\u00a0<strong>BKAUATWW<\/strong><\/div><div><img decoding=\"async\" class=\"aligncenter wp-image-5236 size-thumbnail\" src=\"https:\/\/www.mirnockhueter.com\/wp-content\/uploads\/2022\/08\/Qrcode-150x150.jpg\" alt=\"\" width=\"150\" height=\"150\" \/><\/div><div style=\"text-align: center;\">You can scan this Qr code in the bank's app<\/div><div style=\"text-align: center;\">\u00a0<\/div><p style=\"text-align: left;\"><strong>Who are we helping with this?<\/strong><\/p><ul><li data-start=\"257\" data-end=\"439\"><p data-start=\"259\" data-end=\"439\"><strong data-start=\"259\" data-end=\"279\">Social projects<\/strong> for children, young people and young mothers in indigenous cultures - in the reservations of North America, in the highlands of Peru and Bolivia as well as in India and Nepal.<\/p><\/li><li data-start=\"440\" data-end=\"566\"><p data-start=\"442\" data-end=\"566\"><strong data-start=\"442\" data-end=\"476\">Youth initiatives and projects<\/strong> to protect the rainforests and preserve the ancient knowledge of medicinal plants in the Amazon.<\/p><\/li><li data-start=\"567\" data-end=\"670\"><p data-start=\"569\" data-end=\"670\"><strong data-start=\"569\" data-end=\"594\">Local people<\/strong>, who are ill or in need and urgently require support.<\/p><\/li><\/ul>\t\t\t\t\t\t\t\t<\/div>\n\t\t\t\t<\/div>\n\t\t\t\t\t<\/div>\n\t\t<\/div>\n\t\t\t\t\t<\/div>\n\t\t<\/section>\n\t\t\t\t<\/div>","protected":false},"excerpt":{"rendered":"<p>WAS KOSTET SIE DAS: Unsere indianischen Zeremonien und Veranstaltungen tragen wir Mirnockh\u00fcter mit viel Herz und Hingabe. Wir bitten Sie lediglich um den Ersatz der Kosten f\u00fcr Organisation und Material. Dar\u00fcber hinaus steht eine Spendenbox bereit, in die Sie \u2013 je nach Zufriedenheit und Ihren pers\u00f6nlichen M\u00f6glichkeiten \u2013 einen Beitrag geben d\u00fcrfen.(Als Richtwert f\u00fcr den [&hellip;]<\/p>\n","protected":false},"author":1,"featured_media":0,"parent":0,"menu_order":0,"comment_status":"closed","ping_status":"closed","template":"","meta":{"site-sidebar-layout":"no-sidebar","site-content-layout":"page-builder","ast-site-content-layout":"default","site-content-style":"default","site-sidebar-style":"default","ast-global-header-display":"","ast-banner-title-visibility":"","ast-main-header-display":"","ast-hfb-above-header-display":"","ast-hfb-below-header-display":"","ast-hfb-mobile-header-display":"","site-post-title":"disabled","ast-breadcrumbs-content":"","ast-featured-img":"disabled","footer-sml-layout":"","ast-disable-related-posts":"","theme-transparent-header-meta":"","adv-header-id-meta":"","stick-header-meta":"","header-above-stick-meta":"","header-main-stick-meta":"","header-below-stick-meta":"","astra-migrate-meta-layouts":"default","ast-page-background-enabled":"default","ast-page-background-meta":{"desktop":{"background-color":"var(--ast-global-color-4)","background-image":"","background-repeat":"repeat","background-position":"center center","background-size":"auto","background-attachment":"scroll","background-type":"","background-media":"","overlay-type":"","overlay-color":"","overlay-opacity":"","overlay-gradient":""},"tablet":{"background-color":"","background-image":"","background-repeat":"repeat","background-position":"center center","background-size":"auto","background-attachment":"scroll","background-type":"","background-media":"","overlay-type":"","overlay-color":"","overlay-opacity":"","overlay-gradient":""},"mobile":{"background-color":"","background-image":"","background-repeat":"repeat","background-position":"center center","background-size":"auto","background-attachment":"scroll","background-type":"","background-media":"","overlay-type":"","overlay-color":"","overlay-opacity":"","overlay-gradient":""}},"ast-content-background-meta":{"desktop":{"background-color":"var(--ast-global-color-5)","background-image":"","background-repeat":"repeat","background-position":"center center","background-size":"auto","background-attachment":"scroll","background-type":"","background-media":"","overlay-type":"","overlay-color":"","overlay-opacity":"","overlay-gradient":""},"tablet":{"background-color":"var(--ast-global-color-5)","background-image":"","background-repeat":"repeat","background-position":"center center","background-size":"auto","background-attachment":"scroll","background-type":"","background-media":"","overlay-type":"","overlay-color":"","overlay-opacity":"","overlay-gradient":""},"mobile":{"background-color":"var(--ast-global-color-5)","background-image":"","background-repeat":"repeat","background-position":"center center","background-size":"auto","background-attachment":"scroll","background-type":"","background-media":"","overlay-type":"","overlay-color":"","overlay-opacity":"","overlay-gradient":""}},"iawp_total_views":227,"footnotes":""},"class_list":["post-2134","page","type-page","status-publish","hentry"],"yoast_head":"<!-- This site is optimized with the Yoast SEO plugin v27.0 - https:\/\/yoast.com\/product\/yoast-seo-wordpress\/ -->\n<title>Preise und Kosten? - Mirnockh\u00fcter<\/title>\n<meta name=\"robots\" content=\"index, follow, max-snippet:-1, max-image-preview:large, max-video-preview:-1\" \/>\n<link rel=\"canonical\" href=\"https:\/\/www.mirnockhueter.com\/en\/was-kostet-das\/\" \/>\n<meta property=\"og:locale\" content=\"en_GB\" \/>\n<meta property=\"og:type\" content=\"article\" \/>\n<meta property=\"og:title\" content=\"Preise und Kosten? - Mirnockh\u00fcter\" \/>\n<meta property=\"og:description\" content=\"WAS KOSTET SIE DAS: Unsere indianischen Zeremonien und Veranstaltungen tragen wir Mirnockh\u00fcter mit viel Herz und Hingabe. Wir bitten Sie lediglich um den Ersatz der Kosten f\u00fcr Organisation und Material. Dar\u00fcber hinaus steht eine Spendenbox bereit, in die Sie \u2013 je nach Zufriedenheit und Ihren pers\u00f6nlichen M\u00f6glichkeiten \u2013 einen Beitrag geben d\u00fcrfen.(Als Richtwert f\u00fcr den [&hellip;]\" \/>\n<meta property=\"og:url\" content=\"https:\/\/www.mirnockhueter.com\/en\/was-kostet-das\/\" \/>\n<meta property=\"og:site_name\" content=\"Mirnockh\u00fcter\" \/>\n<meta property=\"article:publisher\" content=\"https:\/\/www.facebook.com\/mirnockhueter\/\" \/>\n<meta property=\"article:modified_time\" content=\"2025-09-21T06:53:09+00:00\" \/>\n<meta property=\"og:image\" content=\"https:\/\/www.mirnockhueter.com\/wp-content\/uploads\/2022\/08\/Qrcode.jpg\" \/>\n\t<meta property=\"og:image:width\" content=\"205\" \/>\n\t<meta property=\"og:image:height\" content=\"194\" \/>\n\t<meta property=\"og:image:type\" content=\"image\/jpeg\" \/>\n<meta name=\"twitter:card\" content=\"summary_large_image\" \/>\n<meta name=\"twitter:label1\" content=\"Estimated reading time\" \/>\n\t<meta name=\"twitter:data1\" content=\"2 minutes\" \/>\n<script type=\"application\/ld+json\" class=\"yoast-schema-graph\">{\"@context\":\"https:\/\/schema.org\",\"@graph\":[{\"@type\":\"WebPage\",\"@id\":\"https:\/\/www.mirnockhueter.com\/was-kostet-das\/\",\"url\":\"https:\/\/www.mirnockhueter.com\/was-kostet-das\/\",\"name\":\"Preise und Kosten? - Mirnockh\u00fcter\",\"isPartOf\":{\"@id\":\"https:\/\/www.mirnockhueter.com\/#website\"},\"primaryImageOfPage\":{\"@id\":\"https:\/\/www.mirnockhueter.com\/was-kostet-das\/#primaryimage\"},\"image\":{\"@id\":\"https:\/\/www.mirnockhueter.com\/was-kostet-das\/#primaryimage\"},\"thumbnailUrl\":\"https:\/\/www.mirnockhueter.com\/wp-content\/uploads\/2022\/08\/Qrcode-150x150.jpg\",\"datePublished\":\"2022-05-13T14:39:59+00:00\",\"dateModified\":\"2025-09-21T06:53:09+00:00\",\"breadcrumb\":{\"@id\":\"https:\/\/www.mirnockhueter.com\/was-kostet-das\/#breadcrumb\"},\"inLanguage\":\"en-GB\",\"potentialAction\":[{\"@type\":\"ReadAction\",\"target\":[\"https:\/\/www.mirnockhueter.com\/was-kostet-das\/\"]}]},{\"@type\":\"ImageObject\",\"inLanguage\":\"en-GB\",\"@id\":\"https:\/\/www.mirnockhueter.com\/was-kostet-das\/#primaryimage\",\"url\":\"https:\/\/www.mirnockhueter.com\/wp-content\/uploads\/2022\/08\/Qrcode-150x150.jpg\",\"contentUrl\":\"https:\/\/www.mirnockhueter.com\/wp-content\/uploads\/2022\/08\/Qrcode-150x150.jpg\"},{\"@type\":\"BreadcrumbList\",\"@id\":\"https:\/\/www.mirnockhueter.com\/was-kostet-das\/#breadcrumb\",\"itemListElement\":[{\"@type\":\"ListItem\",\"position\":1,\"name\":\"Startseite\",\"item\":\"https:\/\/www.mirnockhueter.com\/\"},{\"@type\":\"ListItem\",\"position\":2,\"name\":\"Preise und Kosten?\"}]},{\"@type\":\"WebSite\",\"@id\":\"https:\/\/www.mirnockhueter.com\/#website\",\"url\":\"https:\/\/www.mirnockhueter.com\/\",\"name\":\"Mirnockh\u00fcter\",\"description\":\"Schwitzh\u00fctten am Kraftberg Mirnock in K\u00e4rnten\",\"publisher\":{\"@id\":\"https:\/\/www.mirnockhueter.com\/#organization\"},\"potentialAction\":[{\"@type\":\"SearchAction\",\"target\":{\"@type\":\"EntryPoint\",\"urlTemplate\":\"https:\/\/www.mirnockhueter.com\/?s={search_term_string}\"},\"query-input\":{\"@type\":\"PropertyValueSpecification\",\"valueRequired\":true,\"valueName\":\"search_term_string\"}}],\"inLanguage\":\"en-GB\"},{\"@type\":\"Organization\",\"@id\":\"https:\/\/www.mirnockhueter.com\/#organization\",\"name\":\"Mirnockh\u00fcter - -Schwitzh\u00fctten und Pfeifenrituale\",\"url\":\"https:\/\/www.mirnockhueter.com\/\",\"logo\":{\"@type\":\"ImageObject\",\"inLanguage\":\"en-GB\",\"@id\":\"https:\/\/www.mirnockhueter.com\/#\/schema\/logo\/image\/\",\"url\":\"https:\/\/www.mirnockhueter.com\/wp-content\/uploads\/2022\/05\/kraftplatz-mirnock.jpg\",\"contentUrl\":\"https:\/\/www.mirnockhueter.com\/wp-content\/uploads\/2022\/05\/kraftplatz-mirnock.jpg\",\"width\":1619,\"height\":1080,\"caption\":\"Mirnockh\u00fcter - -Schwitzh\u00fctten und Pfeifenrituale\"},\"image\":{\"@id\":\"https:\/\/www.mirnockhueter.com\/#\/schema\/logo\/image\/\"},\"sameAs\":[\"https:\/\/www.facebook.com\/mirnockhueter\/\"]}]}<\/script>\n<!-- \/ Yoast SEO plugin. -->","yoast_head_json":{"title":"Prices and costs? - Mirnock keeper","robots":{"index":"index","follow":"follow","max-snippet":"max-snippet:-1","max-image-preview":"max-image-preview:large","max-video-preview":"max-video-preview:-1"},"canonical":"https:\/\/www.mirnockhueter.com\/en\/was-kostet-das\/","og_locale":"en_GB","og_type":"article","og_title":"Preise und Kosten? - Mirnockh\u00fcter","og_description":"WAS KOSTET SIE DAS: Unsere indianischen Zeremonien und Veranstaltungen tragen wir Mirnockh\u00fcter mit viel Herz und Hingabe. Wir bitten Sie lediglich um den Ersatz der Kosten f\u00fcr Organisation und Material. Dar\u00fcber hinaus steht eine Spendenbox bereit, in die Sie \u2013 je nach Zufriedenheit und Ihren pers\u00f6nlichen M\u00f6glichkeiten \u2013 einen Beitrag geben d\u00fcrfen.(Als Richtwert f\u00fcr den [&hellip;]","og_url":"https:\/\/www.mirnockhueter.com\/en\/was-kostet-das\/","og_site_name":"Mirnockh\u00fcter","article_publisher":"https:\/\/www.facebook.com\/mirnockhueter\/","article_modified_time":"2025-09-21T06:53:09+00:00","og_image":[{"width":205,"height":194,"url":"https:\/\/www.mirnockhueter.com\/wp-content\/uploads\/2022\/08\/Qrcode.jpg","type":"image\/jpeg"}],"twitter_card":"summary_large_image","twitter_misc":{"Estimated reading time":"2 minutes"},"schema":{"@context":"https:\/\/schema.org","@graph":[{"@type":"WebPage","@id":"https:\/\/www.mirnockhueter.com\/was-kostet-das\/","url":"https:\/\/www.mirnockhueter.com\/was-kostet-das\/","name":"Prices and costs? - Mirnock keeper","isPartOf":{"@id":"https:\/\/www.mirnockhueter.com\/#website"},"primaryImageOfPage":{"@id":"https:\/\/www.mirnockhueter.com\/was-kostet-das\/#primaryimage"},"image":{"@id":"https:\/\/www.mirnockhueter.com\/was-kostet-das\/#primaryimage"},"thumbnailUrl":"https:\/\/www.mirnockhueter.com\/wp-content\/uploads\/2022\/08\/Qrcode-150x150.jpg","datePublished":"2022-05-13T14:39:59+00:00","dateModified":"2025-09-21T06:53:09+00:00","breadcrumb":{"@id":"https:\/\/www.mirnockhueter.com\/was-kostet-das\/#breadcrumb"},"inLanguage":"en-GB","potentialAction":[{"@type":"ReadAction","target":["https:\/\/www.mirnockhueter.com\/was-kostet-das\/"]}]},{"@type":"ImageObject","inLanguage":"en-GB","@id":"https:\/\/www.mirnockhueter.com\/was-kostet-das\/#primaryimage","url":"https:\/\/www.mirnockhueter.com\/wp-content\/uploads\/2022\/08\/Qrcode-150x150.jpg","contentUrl":"https:\/\/www.mirnockhueter.com\/wp-content\/uploads\/2022\/08\/Qrcode-150x150.jpg"},{"@type":"BreadcrumbList","@id":"https:\/\/www.mirnockhueter.com\/was-kostet-das\/#breadcrumb","itemListElement":[{"@type":"ListItem","position":1,"name":"Startseite","item":"https:\/\/www.mirnockhueter.com\/"},{"@type":"ListItem","position":2,"name":"Preise und Kosten?"}]},{"@type":"WebSite","@id":"https:\/\/www.mirnockhueter.com\/#website","url":"https:\/\/www.mirnockhueter.com\/","name":"Mirnock guardian","description":"Sweat lodges on the Mirnock power mountain in Carinthia","publisher":{"@id":"https:\/\/www.mirnockhueter.com\/#organization"},"potentialAction":[{"@type":"SearchAction","target":{"@type":"EntryPoint","urlTemplate":"https:\/\/www.mirnockhueter.com\/?s={search_term_string}"},"query-input":{"@type":"PropertyValueSpecification","valueRequired":true,"valueName":"search_term_string"}}],"inLanguage":"en-GB"},{"@type":"Organization","@id":"https:\/\/www.mirnockhueter.com\/#organization","name":"Mirnockh\u00fcter - sweat lodges and pipe rituals","url":"https:\/\/www.mirnockhueter.com\/","logo":{"@type":"ImageObject","inLanguage":"en-GB","@id":"https:\/\/www.mirnockhueter.com\/#\/schema\/logo\/image\/","url":"https:\/\/www.mirnockhueter.com\/wp-content\/uploads\/2022\/05\/kraftplatz-mirnock.jpg","contentUrl":"https:\/\/www.mirnockhueter.com\/wp-content\/uploads\/2022\/05\/kraftplatz-mirnock.jpg","width":1619,"height":1080,"caption":"Mirnockh\u00fcter - -Schwitzh\u00fctten und Pfeifenrituale"},"image":{"@id":"https:\/\/www.mirnockhueter.com\/#\/schema\/logo\/image\/"},"sameAs":["https:\/\/www.facebook.com\/mirnockhueter\/"]}]}},"_links":{"self":[{"href":"https:\/\/www.mirnockhueter.com\/en\/wp-json\/wp\/v2\/pages\/2134","targetHints":{"allow":["GET"]}}],"collection":[{"href":"https:\/\/www.mirnockhueter.com\/en\/wp-json\/wp\/v2\/pages"}],"about":[{"href":"https:\/\/www.mirnockhueter.com\/en\/wp-json\/wp\/v2\/types\/page"}],"author":[{"embeddable":true,"href":"https:\/\/www.mirnockhueter.com\/en\/wp-json\/wp\/v2\/users\/1"}],"replies":[{"embeddable":true,"href":"https:\/\/www.mirnockhueter.com\/en\/wp-json\/wp\/v2\/comments?post=2134"}],"version-history":[{"count":53,"href":"https:\/\/www.mirnockhueter.com\/en\/wp-json\/wp\/v2\/pages\/2134\/revisions"}],"predecessor-version":[{"id":8666,"href":"https:\/\/www.mirnockhueter.com\/en\/wp-json\/wp\/v2\/pages\/2134\/revisions\/8666"}],"wp:attachment":[{"href":"https:\/\/www.mirnockhueter.com\/en\/wp-json\/wp\/v2\/media?parent=2134"}],"curies":[{"name":"wp","href":"https:\/\/api.w.org\/{rel}","templated":true}]}}