{"id":1850,"date":"2022-05-08T12:53:41","date_gmt":"2022-05-08T10:53:41","guid":{"rendered":"http:\/\/mirnockhueter.markus-shiatsu.at\/?page_id=1850"},"modified":"2022-07-29T15:45:17","modified_gmt":"2022-07-29T13:45:17","slug":"patrick","status":"publish","type":"page","link":"https:\/\/www.mirnockhueter.com\/en\/patrick\/","title":{"rendered":"Patrick"},"content":{"rendered":"<div data-elementor-type=\"wp-page\" data-elementor-id=\"1850\" class=\"elementor elementor-1850\">\n\t\t\t\t\t\t<section class=\"elementor-section elementor-top-section elementor-element elementor-element-c5a9652 elementor-section-boxed elementor-section-height-default elementor-section-height-default\" data-id=\"c5a9652\" data-element_type=\"section\" data-e-type=\"section\">\n\t\t\t\t\t\t<div class=\"elementor-container elementor-column-gap-default\">\n\t\t\t\t\t<div class=\"elementor-column elementor-col-100 elementor-top-column elementor-element elementor-element-983afbf\" data-id=\"983afbf\" data-element_type=\"column\" data-e-type=\"column\">\n\t\t\t<div class=\"elementor-widget-wrap elementor-element-populated\">\n\t\t\t\t\t\t<div class=\"elementor-element elementor-element-acf7f14 elementor-widget elementor-widget-text-editor\" data-id=\"acf7f14\" data-element_type=\"widget\" data-e-type=\"widget\" data-widget_type=\"text-editor.default\">\n\t\t\t\t<div class=\"elementor-widget-container\">\n\t\t\t\t\t\t\t\t\t<h1 style=\"text-align: center;\">Patrick Steiner\u00a0<\/h1><p>My name is Patrick, I am 36 years old, live and work in Carinthia. <br \/>I came to my first sweat lodge on the Mirnock for my birthday, and since then I have felt very connected to the ritual and the Mirnock. <br \/>Professionally, I am a social pedagogue and writer.<\/p><p>I started my own business as a life and social counsellor in 2022 and offer counselling for men. In keeping with this, I founded the association with a good friend a year earlier (2021) <a href=\"https:\/\/www.mantoring.at\/\" target=\"_blank\" rel=\"noopener\">\u201eMANTORING\u201c<\/a> - to deepen the development around \u201ebeing a man\u201c and make it accessible to the public.<\/p>\t\t\t\t\t\t\t\t<\/div>\n\t\t\t\t<\/div>\n\t\t\t\t\t<\/div>\n\t\t<\/div>\n\t\t\t\t\t<\/div>\n\t\t<\/section>\n\t\t\t\t<section class=\"elementor-section elementor-top-section elementor-element elementor-element-0bfd6e5 elementor-section-boxed elementor-section-height-default elementor-section-height-default\" data-id=\"0bfd6e5\" data-element_type=\"section\" data-e-type=\"section\">\n\t\t\t\t\t\t<div class=\"elementor-container elementor-column-gap-default\">\n\t\t\t\t\t<div class=\"elementor-column elementor-col-100 elementor-top-column elementor-element elementor-element-cdfd12d\" data-id=\"cdfd12d\" data-element_type=\"column\" data-e-type=\"column\">\n\t\t\t<div class=\"elementor-widget-wrap\">\n\t\t\t\t\t\t\t<\/div>\n\t\t<\/div>\n\t\t\t\t\t<\/div>\n\t\t<\/section>\n\t\t\t\t<section class=\"elementor-section elementor-top-section elementor-element elementor-element-8142c0d elementor-section-boxed elementor-section-height-default elementor-section-height-default\" data-id=\"8142c0d\" data-element_type=\"section\" data-e-type=\"section\">\n\t\t\t\t\t\t<div class=\"elementor-container elementor-column-gap-default\">\n\t\t\t\t\t<div class=\"elementor-column elementor-col-33 elementor-top-column elementor-element elementor-element-05335cc\" data-id=\"05335cc\" data-element_type=\"column\" data-e-type=\"column\">\n\t\t\t<div class=\"elementor-widget-wrap elementor-element-populated\">\n\t\t\t\t\t\t<div class=\"elementor-element elementor-element-e3f9fbf elementor-widget elementor-widget-image\" data-id=\"e3f9fbf\" data-element_type=\"widget\" data-e-type=\"widget\" data-widget_type=\"image.default\">\n\t\t\t\t<div class=\"elementor-widget-container\">\n\t\t\t\t\t\t\t\t\t\t\t\t\t\t\t\t<a href=\"https:\/\/www.mirnockhueter.com\/wp-content\/uploads\/2022\/05\/WhatsApp-Image-2022-05-08-at-15.15.00.jpeg\" data-elementor-open-lightbox=\"yes\" data-e-action-hash=\"#elementor-action%3Aaction%3Dlightbox%26settings%3DeyJpZCI6MTk0MywidXJsIjoiaHR0cHM6XC9cL3d3dy5taXJub2NraHVldGVyLmNvbVwvd3AtY29udGVudFwvdXBsb2Fkc1wvMjAyMlwvMDVcL1doYXRzQXBwLUltYWdlLTIwMjItMDUtMDgtYXQtMTUuMTUuMDAuanBlZyJ9\">\n\t\t\t\t\t\t\t<img fetchpriority=\"high\" decoding=\"async\" width=\"768\" height=\"768\" src=\"https:\/\/www.mirnockhueter.com\/wp-content\/uploads\/2022\/05\/WhatsApp-Image-2022-05-08-at-15.15.00-768x768.jpeg\" class=\"attachment-medium_large size-medium_large wp-image-1943\" alt=\"Patrick Steiner\" srcset=\"https:\/\/www.mirnockhueter.com\/wp-content\/uploads\/2022\/05\/WhatsApp-Image-2022-05-08-at-15.15.00-768x768.jpeg 768w, https:\/\/www.mirnockhueter.com\/wp-content\/uploads\/2022\/05\/WhatsApp-Image-2022-05-08-at-15.15.00-300x300.jpeg 300w, https:\/\/www.mirnockhueter.com\/wp-content\/uploads\/2022\/05\/WhatsApp-Image-2022-05-08-at-15.15.00-1024x1024.jpeg 1024w, https:\/\/www.mirnockhueter.com\/wp-content\/uploads\/2022\/05\/WhatsApp-Image-2022-05-08-at-15.15.00-150x150.jpeg 150w, https:\/\/www.mirnockhueter.com\/wp-content\/uploads\/2022\/05\/elementor\/thumbs\/WhatsApp-Image-2022-05-08-at-15.15.00-pteoj22dzlno8vmlurfreqkdxkqjjc4iwwn6o1hhgg.jpeg 400w, https:\/\/www.mirnockhueter.com\/wp-content\/uploads\/2022\/05\/WhatsApp-Image-2022-05-08-at-15.15.00.jpeg 1200w\" sizes=\"(max-width: 768px) 100vw, 768px\" \/>\t\t\t\t\t\t\t\t<\/a>\n\t\t\t\t\t\t\t\t\t\t\t\t\t\t\t<\/div>\n\t\t\t\t<\/div>\n\t\t\t\t\t<\/div>\n\t\t<\/div>\n\t\t\t\t<div class=\"elementor-column elementor-col-33 elementor-top-column elementor-element elementor-element-382de57\" data-id=\"382de57\" data-element_type=\"column\" data-e-type=\"column\">\n\t\t\t<div class=\"elementor-widget-wrap elementor-element-populated\">\n\t\t\t\t\t\t<div class=\"elementor-element elementor-element-67dbbab elementor-widget elementor-widget-image\" data-id=\"67dbbab\" data-element_type=\"widget\" data-e-type=\"widget\" data-widget_type=\"image.default\">\n\t\t\t\t<div class=\"elementor-widget-container\">\n\t\t\t\t\t\t\t\t\t\t\t\t\t\t\t<img decoding=\"async\" width=\"768\" height=\"530\" src=\"https:\/\/www.mirnockhueter.com\/wp-content\/uploads\/2022\/05\/mantoring-768x530.jpeg\" class=\"attachment-medium_large size-medium_large wp-image-1942\" alt=\"Mantoring\" srcset=\"https:\/\/www.mirnockhueter.com\/wp-content\/uploads\/2022\/05\/mantoring-768x530.jpeg 768w, https:\/\/www.mirnockhueter.com\/wp-content\/uploads\/2022\/05\/mantoring-300x207.jpeg 300w, https:\/\/www.mirnockhueter.com\/wp-content\/uploads\/2022\/05\/mantoring-1024x707.jpeg 1024w, https:\/\/www.mirnockhueter.com\/wp-content\/uploads\/2022\/05\/mantoring.jpeg 1080w\" sizes=\"(max-width: 768px) 100vw, 768px\" \/>\t\t\t\t\t\t\t\t\t\t\t\t\t\t\t<\/div>\n\t\t\t\t<\/div>\n\t\t\t\t<div class=\"elementor-element elementor-element-35687f9 elementor-widget elementor-widget-image\" data-id=\"35687f9\" data-element_type=\"widget\" data-e-type=\"widget\" data-widget_type=\"image.default\">\n\t\t\t\t<div class=\"elementor-widget-container\">\n\t\t\t\t\t\t\t\t\t\t\t\t\t\t\t\t<a href=\"https:\/\/www.mirnockhueter.com\/wp-content\/uploads\/2022\/05\/patrick-stoner-steiner.jpeg\" data-elementor-open-lightbox=\"yes\" data-e-action-hash=\"#elementor-action%3Aaction%3Dlightbox%26settings%3DeyJpZCI6MTkzOSwidXJsIjoiaHR0cHM6XC9cL3d3dy5taXJub2NraHVldGVyLmNvbVwvd3AtY29udGVudFwvdXBsb2Fkc1wvMjAyMlwvMDVcL3BhdHJpY2stc3RvbmVyLXN0ZWluZXIuanBlZyJ9\">\n\t\t\t\t\t\t\t<img decoding=\"async\" width=\"300\" height=\"300\" src=\"https:\/\/www.mirnockhueter.com\/wp-content\/uploads\/2022\/05\/patrick-stoner-steiner-300x300.jpeg\" class=\"attachment-medium size-medium wp-image-1939\" alt=\"Patrick Stoner Steiner\" srcset=\"https:\/\/www.mirnockhueter.com\/wp-content\/uploads\/2022\/05\/patrick-stoner-steiner-300x300.jpeg 300w, https:\/\/www.mirnockhueter.com\/wp-content\/uploads\/2022\/05\/patrick-stoner-steiner-150x150.jpeg 150w, https:\/\/www.mirnockhueter.com\/wp-content\/uploads\/2022\/05\/patrick-stoner-steiner.jpeg 656w\" sizes=\"(max-width: 300px) 100vw, 300px\" \/>\t\t\t\t\t\t\t\t<\/a>\n\t\t\t\t\t\t\t\t\t\t\t\t\t\t\t<\/div>\n\t\t\t\t<\/div>\n\t\t\t\t\t<\/div>\n\t\t<\/div>\n\t\t\t\t<div class=\"elementor-column elementor-col-33 elementor-top-column elementor-element elementor-element-20a4d63\" data-id=\"20a4d63\" data-element_type=\"column\" data-e-type=\"column\">\n\t\t\t<div class=\"elementor-widget-wrap elementor-element-populated\">\n\t\t\t\t\t\t<div class=\"elementor-element elementor-element-5e8f390 elementor-widget elementor-widget-image\" data-id=\"5e8f390\" data-element_type=\"widget\" data-e-type=\"widget\" data-widget_type=\"image.default\">\n\t\t\t\t<div class=\"elementor-widget-container\">\n\t\t\t\t\t\t\t\t\t\t\t\t\t\t\t\t<a href=\"https:\/\/www.mirnockhueter.com\/wp-content\/uploads\/2022\/05\/patrick-steiner.jpeg\" data-elementor-open-lightbox=\"yes\" data-e-action-hash=\"#elementor-action%3Aaction%3Dlightbox%26settings%3DeyJpZCI6MTk0MCwidXJsIjoiaHR0cHM6XC9cL3d3dy5taXJub2NraHVldGVyLmNvbVwvd3AtY29udGVudFwvdXBsb2Fkc1wvMjAyMlwvMDVcL3BhdHJpY2stc3RlaW5lci5qcGVnIn0%3D\">\n\t\t\t\t\t\t\t<img loading=\"lazy\" decoding=\"async\" width=\"720\" height=\"732\" src=\"https:\/\/www.mirnockhueter.com\/wp-content\/uploads\/2022\/05\/patrick-steiner.jpeg\" class=\"attachment-medium_large size-medium_large wp-image-1940\" alt=\"Patrick Steiner\" srcset=\"https:\/\/www.mirnockhueter.com\/wp-content\/uploads\/2022\/05\/patrick-steiner.jpeg 720w, https:\/\/www.mirnockhueter.com\/wp-content\/uploads\/2022\/05\/patrick-steiner-295x300.jpeg 295w\" sizes=\"(max-width: 720px) 100vw, 720px\" \/>\t\t\t\t\t\t\t\t<\/a>\n\t\t\t\t\t\t\t\t\t\t\t\t\t\t\t<\/div>\n\t\t\t\t<\/div>\n\t\t\t\t\t<\/div>\n\t\t<\/div>\n\t\t\t\t\t<\/div>\n\t\t<\/section>\n\t\t\t\t<\/div>","protected":false},"excerpt":{"rendered":"<p>Patrick Steiner\u00a0 Mein Name ist Patrick, bin 36 Jahre alt, lebe und arbeite in K\u00e4rnten. Ich kam zu meiner ersten Schwitzh\u00fctte am Mirnock zu meinem Geburtstag, seitdem f\u00fchle ich mich mit dem Ritual und dem Mirnock sehr verbunden. Beruflich bin ich Sozialp\u00e4dagoge und Schriftsteller. Ich habe mich im Jahr 2022 als Lebens- und Sozialberater Selbstst\u00e4ndig [&hellip;]<\/p>\n","protected":false},"author":1,"featured_media":0,"parent":0,"menu_order":0,"comment_status":"closed","ping_status":"closed","template":"","meta":{"site-sidebar-layout":"no-sidebar","site-content-layout":"page-builder","ast-site-content-layout":"default","site-content-style":"default","site-sidebar-style":"default","ast-global-header-display":"","ast-banner-title-visibility":"","ast-main-header-display":"","ast-hfb-above-header-display":"","ast-hfb-below-header-display":"","ast-hfb-mobile-header-display":"","site-post-title":"disabled","ast-breadcrumbs-content":"","ast-featured-img":"disabled","footer-sml-layout":"","ast-disable-related-posts":"","theme-transparent-header-meta":"","adv-header-id-meta":"","stick-header-meta":"","header-above-stick-meta":"","header-main-stick-meta":"","header-below-stick-meta":"","astra-migrate-meta-layouts":"default","ast-page-background-enabled":"default","ast-page-background-meta":{"desktop":{"background-color":"var(--ast-global-color-4)","background-image":"","background-repeat":"repeat","background-position":"center center","background-size":"auto","background-attachment":"scroll","background-type":"","background-media":"","overlay-type":"","overlay-color":"","overlay-opacity":"","overlay-gradient":""},"tablet":{"background-color":"","background-image":"","background-repeat":"repeat","background-position":"center center","background-size":"auto","background-attachment":"scroll","background-type":"","background-media":"","overlay-type":"","overlay-color":"","overlay-opacity":"","overlay-gradient":""},"mobile":{"background-color":"","background-image":"","background-repeat":"repeat","background-position":"center center","background-size":"auto","background-attachment":"scroll","background-type":"","background-media":"","overlay-type":"","overlay-color":"","overlay-opacity":"","overlay-gradient":""}},"ast-content-background-meta":{"desktop":{"background-color":"var(--ast-global-color-5)","background-image":"","background-repeat":"repeat","background-position":"center center","background-size":"auto","background-attachment":"scroll","background-type":"","background-media":"","overlay-type":"","overlay-color":"","overlay-opacity":"","overlay-gradient":""},"tablet":{"background-color":"var(--ast-global-color-5)","background-image":"","background-repeat":"repeat","background-position":"center center","background-size":"auto","background-attachment":"scroll","background-type":"","background-media":"","overlay-type":"","overlay-color":"","overlay-opacity":"","overlay-gradient":""},"mobile":{"background-color":"var(--ast-global-color-5)","background-image":"","background-repeat":"repeat","background-position":"center center","background-size":"auto","background-attachment":"scroll","background-type":"","background-media":"","overlay-type":"","overlay-color":"","overlay-opacity":"","overlay-gradient":""}},"iawp_total_views":228,"footnotes":""},"class_list":["post-1850","page","type-page","status-publish","hentry"],"yoast_head":"<!-- This site is optimized with the Yoast SEO plugin v27.0 - https:\/\/yoast.com\/product\/yoast-seo-wordpress\/ -->\n<title>Patrick - Mirnockh\u00fcter<\/title>\n<meta name=\"description\" content=\"Patrick Steiner ist Sozialp\u00e4dagoge und Schriftsteller und Mitbegr\u00fcnder des Vereins Mantoring um die Entwicklung rund um das &quot;Mann-Sein&quot;\" \/>\n<meta name=\"robots\" content=\"index, follow, max-snippet:-1, max-image-preview:large, max-video-preview:-1\" \/>\n<link rel=\"canonical\" href=\"https:\/\/www.mirnockhueter.com\/en\/patrick\/\" \/>\n<meta property=\"og:locale\" content=\"en_GB\" \/>\n<meta property=\"og:type\" content=\"article\" \/>\n<meta property=\"og:title\" content=\"Patrick - Mirnockh\u00fcter\" \/>\n<meta property=\"og:description\" content=\"Patrick Steiner ist Sozialp\u00e4dagoge und Schriftsteller und Mitbegr\u00fcnder des Vereins Mantoring um die Entwicklung rund um das &quot;Mann-Sein&quot;\" \/>\n<meta property=\"og:url\" content=\"https:\/\/www.mirnockhueter.com\/en\/patrick\/\" \/>\n<meta property=\"og:site_name\" content=\"Mirnockh\u00fcter\" \/>\n<meta property=\"article:publisher\" content=\"https:\/\/www.facebook.com\/mirnockhueter\/\" \/>\n<meta property=\"article:modified_time\" content=\"2022-07-29T13:45:17+00:00\" \/>\n<meta property=\"og:image\" content=\"https:\/\/www.mirnockhueter.com\/wp-content\/uploads\/2022\/05\/WhatsApp-Image-2022-05-08-at-15.15.00-768x768.jpeg\" \/>\n<meta name=\"twitter:card\" content=\"summary_large_image\" \/>\n<meta name=\"twitter:label1\" content=\"Estimated reading time\" \/>\n\t<meta name=\"twitter:data1\" content=\"2 minutes\" \/>\n<script type=\"application\/ld+json\" class=\"yoast-schema-graph\">{\"@context\":\"https:\/\/schema.org\",\"@graph\":[{\"@type\":\"WebPage\",\"@id\":\"https:\/\/www.mirnockhueter.com\/patrick\/\",\"url\":\"https:\/\/www.mirnockhueter.com\/patrick\/\",\"name\":\"Patrick - Mirnockh\u00fcter\",\"isPartOf\":{\"@id\":\"https:\/\/www.mirnockhueter.com\/#website\"},\"primaryImageOfPage\":{\"@id\":\"https:\/\/www.mirnockhueter.com\/patrick\/#primaryimage\"},\"image\":{\"@id\":\"https:\/\/www.mirnockhueter.com\/patrick\/#primaryimage\"},\"thumbnailUrl\":\"https:\/\/www.mirnockhueter.com\/wp-content\/uploads\/2022\/05\/WhatsApp-Image-2022-05-08-at-15.15.00-768x768.jpeg\",\"datePublished\":\"2022-05-08T10:53:41+00:00\",\"dateModified\":\"2022-07-29T13:45:17+00:00\",\"description\":\"Patrick Steiner ist Sozialp\u00e4dagoge und Schriftsteller und Mitbegr\u00fcnder des Vereins Mantoring um die Entwicklung rund um das \\\"Mann-Sein\\\"\",\"breadcrumb\":{\"@id\":\"https:\/\/www.mirnockhueter.com\/patrick\/#breadcrumb\"},\"inLanguage\":\"en-GB\",\"potentialAction\":[{\"@type\":\"ReadAction\",\"target\":[\"https:\/\/www.mirnockhueter.com\/patrick\/\"]}]},{\"@type\":\"ImageObject\",\"inLanguage\":\"en-GB\",\"@id\":\"https:\/\/www.mirnockhueter.com\/patrick\/#primaryimage\",\"url\":\"https:\/\/www.mirnockhueter.com\/wp-content\/uploads\/2022\/05\/WhatsApp-Image-2022-05-08-at-15.15.00-768x768.jpeg\",\"contentUrl\":\"https:\/\/www.mirnockhueter.com\/wp-content\/uploads\/2022\/05\/WhatsApp-Image-2022-05-08-at-15.15.00-768x768.jpeg\"},{\"@type\":\"BreadcrumbList\",\"@id\":\"https:\/\/www.mirnockhueter.com\/patrick\/#breadcrumb\",\"itemListElement\":[{\"@type\":\"ListItem\",\"position\":1,\"name\":\"Startseite\",\"item\":\"https:\/\/www.mirnockhueter.com\/\"},{\"@type\":\"ListItem\",\"position\":2,\"name\":\"Patrick\"}]},{\"@type\":\"WebSite\",\"@id\":\"https:\/\/www.mirnockhueter.com\/#website\",\"url\":\"https:\/\/www.mirnockhueter.com\/\",\"name\":\"Mirnockh\u00fcter\",\"description\":\"Schwitzh\u00fctten am Kraftberg Mirnock in K\u00e4rnten\",\"publisher\":{\"@id\":\"https:\/\/www.mirnockhueter.com\/#organization\"},\"potentialAction\":[{\"@type\":\"SearchAction\",\"target\":{\"@type\":\"EntryPoint\",\"urlTemplate\":\"https:\/\/www.mirnockhueter.com\/?s={search_term_string}\"},\"query-input\":{\"@type\":\"PropertyValueSpecification\",\"valueRequired\":true,\"valueName\":\"search_term_string\"}}],\"inLanguage\":\"en-GB\"},{\"@type\":\"Organization\",\"@id\":\"https:\/\/www.mirnockhueter.com\/#organization\",\"name\":\"Mirnockh\u00fcter - -Schwitzh\u00fctten und Pfeifenrituale\",\"url\":\"https:\/\/www.mirnockhueter.com\/\",\"logo\":{\"@type\":\"ImageObject\",\"inLanguage\":\"en-GB\",\"@id\":\"https:\/\/www.mirnockhueter.com\/#\/schema\/logo\/image\/\",\"url\":\"https:\/\/www.mirnockhueter.com\/wp-content\/uploads\/2022\/05\/kraftplatz-mirnock.jpg\",\"contentUrl\":\"https:\/\/www.mirnockhueter.com\/wp-content\/uploads\/2022\/05\/kraftplatz-mirnock.jpg\",\"width\":1619,\"height\":1080,\"caption\":\"Mirnockh\u00fcter - -Schwitzh\u00fctten und Pfeifenrituale\"},\"image\":{\"@id\":\"https:\/\/www.mirnockhueter.com\/#\/schema\/logo\/image\/\"},\"sameAs\":[\"https:\/\/www.facebook.com\/mirnockhueter\/\"]}]}<\/script>\n<!-- \/ Yoast SEO plugin. -->","yoast_head_json":{"title":"Patrick - Mirnockh\u00fcter","description":"Patrick Steiner is a social pedagogue and writer and co-founder of the Mantoring association for the development of \"being a man\"","robots":{"index":"index","follow":"follow","max-snippet":"max-snippet:-1","max-image-preview":"max-image-preview:large","max-video-preview":"max-video-preview:-1"},"canonical":"https:\/\/www.mirnockhueter.com\/en\/patrick\/","og_locale":"en_GB","og_type":"article","og_title":"Patrick - Mirnockh\u00fcter","og_description":"Patrick Steiner ist Sozialp\u00e4dagoge und Schriftsteller und Mitbegr\u00fcnder des Vereins Mantoring um die Entwicklung rund um das \"Mann-Sein\"","og_url":"https:\/\/www.mirnockhueter.com\/en\/patrick\/","og_site_name":"Mirnockh\u00fcter","article_publisher":"https:\/\/www.facebook.com\/mirnockhueter\/","article_modified_time":"2022-07-29T13:45:17+00:00","og_image":[{"url":"https:\/\/www.mirnockhueter.com\/wp-content\/uploads\/2022\/05\/WhatsApp-Image-2022-05-08-at-15.15.00-768x768.jpeg","type":"","width":"","height":""}],"twitter_card":"summary_large_image","twitter_misc":{"Estimated reading time":"2 minutes"},"schema":{"@context":"https:\/\/schema.org","@graph":[{"@type":"WebPage","@id":"https:\/\/www.mirnockhueter.com\/patrick\/","url":"https:\/\/www.mirnockhueter.com\/patrick\/","name":"Patrick - Mirnockh\u00fcter","isPartOf":{"@id":"https:\/\/www.mirnockhueter.com\/#website"},"primaryImageOfPage":{"@id":"https:\/\/www.mirnockhueter.com\/patrick\/#primaryimage"},"image":{"@id":"https:\/\/www.mirnockhueter.com\/patrick\/#primaryimage"},"thumbnailUrl":"https:\/\/www.mirnockhueter.com\/wp-content\/uploads\/2022\/05\/WhatsApp-Image-2022-05-08-at-15.15.00-768x768.jpeg","datePublished":"2022-05-08T10:53:41+00:00","dateModified":"2022-07-29T13:45:17+00:00","description":"Patrick Steiner is a social pedagogue and writer and co-founder of the Mantoring association for the development of \"being a man\"","breadcrumb":{"@id":"https:\/\/www.mirnockhueter.com\/patrick\/#breadcrumb"},"inLanguage":"en-GB","potentialAction":[{"@type":"ReadAction","target":["https:\/\/www.mirnockhueter.com\/patrick\/"]}]},{"@type":"ImageObject","inLanguage":"en-GB","@id":"https:\/\/www.mirnockhueter.com\/patrick\/#primaryimage","url":"https:\/\/www.mirnockhueter.com\/wp-content\/uploads\/2022\/05\/WhatsApp-Image-2022-05-08-at-15.15.00-768x768.jpeg","contentUrl":"https:\/\/www.mirnockhueter.com\/wp-content\/uploads\/2022\/05\/WhatsApp-Image-2022-05-08-at-15.15.00-768x768.jpeg"},{"@type":"BreadcrumbList","@id":"https:\/\/www.mirnockhueter.com\/patrick\/#breadcrumb","itemListElement":[{"@type":"ListItem","position":1,"name":"Startseite","item":"https:\/\/www.mirnockhueter.com\/"},{"@type":"ListItem","position":2,"name":"Patrick"}]},{"@type":"WebSite","@id":"https:\/\/www.mirnockhueter.com\/#website","url":"https:\/\/www.mirnockhueter.com\/","name":"Mirnock guardian","description":"Sweat lodges on the Mirnock power mountain in Carinthia","publisher":{"@id":"https:\/\/www.mirnockhueter.com\/#organization"},"potentialAction":[{"@type":"SearchAction","target":{"@type":"EntryPoint","urlTemplate":"https:\/\/www.mirnockhueter.com\/?s={search_term_string}"},"query-input":{"@type":"PropertyValueSpecification","valueRequired":true,"valueName":"search_term_string"}}],"inLanguage":"en-GB"},{"@type":"Organization","@id":"https:\/\/www.mirnockhueter.com\/#organization","name":"Mirnockh\u00fcter - sweat lodges and pipe rituals","url":"https:\/\/www.mirnockhueter.com\/","logo":{"@type":"ImageObject","inLanguage":"en-GB","@id":"https:\/\/www.mirnockhueter.com\/#\/schema\/logo\/image\/","url":"https:\/\/www.mirnockhueter.com\/wp-content\/uploads\/2022\/05\/kraftplatz-mirnock.jpg","contentUrl":"https:\/\/www.mirnockhueter.com\/wp-content\/uploads\/2022\/05\/kraftplatz-mirnock.jpg","width":1619,"height":1080,"caption":"Mirnockh\u00fcter - -Schwitzh\u00fctten und Pfeifenrituale"},"image":{"@id":"https:\/\/www.mirnockhueter.com\/#\/schema\/logo\/image\/"},"sameAs":["https:\/\/www.facebook.com\/mirnockhueter\/"]}]}},"_links":{"self":[{"href":"https:\/\/www.mirnockhueter.com\/en\/wp-json\/wp\/v2\/pages\/1850","targetHints":{"allow":["GET"]}}],"collection":[{"href":"https:\/\/www.mirnockhueter.com\/en\/wp-json\/wp\/v2\/pages"}],"about":[{"href":"https:\/\/www.mirnockhueter.com\/en\/wp-json\/wp\/v2\/types\/page"}],"author":[{"embeddable":true,"href":"https:\/\/www.mirnockhueter.com\/en\/wp-json\/wp\/v2\/users\/1"}],"replies":[{"embeddable":true,"href":"https:\/\/www.mirnockhueter.com\/en\/wp-json\/wp\/v2\/comments?post=1850"}],"version-history":[{"count":32,"href":"https:\/\/www.mirnockhueter.com\/en\/wp-json\/wp\/v2\/pages\/1850\/revisions"}],"predecessor-version":[{"id":4738,"href":"https:\/\/www.mirnockhueter.com\/en\/wp-json\/wp\/v2\/pages\/1850\/revisions\/4738"}],"wp:attachment":[{"href":"https:\/\/www.mirnockhueter.com\/en\/wp-json\/wp\/v2\/media?parent=1850"}],"curies":[{"name":"wp","href":"https:\/\/api.w.org\/{rel}","templated":true}]}}