{"id":1848,"date":"2022-05-08T12:53:31","date_gmt":"2022-05-08T10:53:31","guid":{"rendered":"http:\/\/mirnockhueter.markus-shiatsu.at\/?page_id=1848"},"modified":"2025-09-26T17:19:07","modified_gmt":"2025-09-26T15:19:07","slug":"markus","status":"publish","type":"page","link":"https:\/\/www.mirnockhueter.com\/en\/markus\/","title":{"rendered":"Mark"},"content":{"rendered":"<div data-elementor-type=\"wp-page\" data-elementor-id=\"1848\" class=\"elementor elementor-1848\">\n\t\t\t\t\t\t<section class=\"elementor-section elementor-top-section elementor-element elementor-element-43476e0 elementor-section-boxed elementor-section-height-default elementor-section-height-default\" data-id=\"43476e0\" data-element_type=\"section\" data-e-type=\"section\">\n\t\t\t\t\t\t<div class=\"elementor-container elementor-column-gap-default\">\n\t\t\t\t\t<div class=\"elementor-column elementor-col-50 elementor-top-column elementor-element elementor-element-82f7a62\" data-id=\"82f7a62\" data-element_type=\"column\" data-e-type=\"column\">\n\t\t\t<div class=\"elementor-widget-wrap elementor-element-populated\">\n\t\t\t\t\t\t<div class=\"elementor-element elementor-element-c6f89bc elementor-widget elementor-widget-image\" data-id=\"c6f89bc\" data-element_type=\"widget\" data-e-type=\"widget\" data-widget_type=\"image.default\">\n\t\t\t\t<div class=\"elementor-widget-container\">\n\t\t\t\t\t\t\t\t\t\t\t\t\t\t\t<img fetchpriority=\"high\" decoding=\"async\" width=\"1024\" height=\"683\" src=\"https:\/\/www.mirnockhueter.com\/wp-content\/uploads\/2025\/09\/PB150334.JPG_compressed-1024x683.jpeg\" class=\"attachment-large size-large wp-image-8669\" alt=\"\" srcset=\"https:\/\/www.mirnockhueter.com\/wp-content\/uploads\/2025\/09\/PB150334.JPG_compressed-1024x683.jpeg 1024w, https:\/\/www.mirnockhueter.com\/wp-content\/uploads\/2025\/09\/PB150334.JPG_compressed-300x200.jpeg 300w, https:\/\/www.mirnockhueter.com\/wp-content\/uploads\/2025\/09\/PB150334.JPG_compressed-768x512.jpeg 768w, https:\/\/www.mirnockhueter.com\/wp-content\/uploads\/2025\/09\/PB150334.JPG_compressed-1536x1024.jpeg 1536w, https:\/\/www.mirnockhueter.com\/wp-content\/uploads\/2025\/09\/PB150334.JPG_compressed-1320x880.jpeg 1320w, https:\/\/www.mirnockhueter.com\/wp-content\/uploads\/2025\/09\/PB150334.JPG_compressed.jpeg 1920w\" sizes=\"(max-width: 1024px) 100vw, 1024px\" \/>\t\t\t\t\t\t\t\t\t\t\t\t\t\t\t<\/div>\n\t\t\t\t<\/div>\n\t\t\t\t\t<\/div>\n\t\t<\/div>\n\t\t\t\t<div class=\"elementor-column elementor-col-50 elementor-top-column elementor-element elementor-element-8720d88\" data-id=\"8720d88\" data-element_type=\"column\" data-e-type=\"column\">\n\t\t\t<div class=\"elementor-widget-wrap elementor-element-populated\">\n\t\t\t\t\t\t<div class=\"elementor-element elementor-element-e44424c elementor-widget elementor-widget-image\" data-id=\"e44424c\" data-element_type=\"widget\" data-e-type=\"widget\" data-widget_type=\"image.default\">\n\t\t\t\t<div class=\"elementor-widget-container\">\n\t\t\t\t\t\t\t\t\t\t\t\t\t\t\t<img decoding=\"async\" width=\"768\" height=\"512\" src=\"https:\/\/www.mirnockhueter.com\/wp-content\/uploads\/2022\/05\/shiatsu-markus-bergmann-768x512.jpg\" class=\"attachment-medium_large size-medium_large wp-image-1553\" alt=\"Shiatsu Markus Bergmann\" srcset=\"https:\/\/www.mirnockhueter.com\/wp-content\/uploads\/2022\/05\/shiatsu-markus-bergmann-768x512.jpg 768w, https:\/\/www.mirnockhueter.com\/wp-content\/uploads\/2022\/05\/shiatsu-markus-bergmann-300x200.jpg 300w, https:\/\/www.mirnockhueter.com\/wp-content\/uploads\/2022\/05\/shiatsu-markus-bergmann-1024x683.jpg 1024w, https:\/\/www.mirnockhueter.com\/wp-content\/uploads\/2022\/05\/shiatsu-markus-bergmann-1536x1024.jpg 1536w, https:\/\/www.mirnockhueter.com\/wp-content\/uploads\/2022\/05\/shiatsu-markus-bergmann.jpg 1620w\" sizes=\"(max-width: 768px) 100vw, 768px\" \/>\t\t\t\t\t\t\t\t\t\t\t\t\t\t\t<\/div>\n\t\t\t\t<\/div>\n\t\t\t\t\t<\/div>\n\t\t<\/div>\n\t\t\t\t\t<\/div>\n\t\t<\/section>\n\t\t\t\t<section class=\"elementor-section elementor-top-section elementor-element elementor-element-1d4f946 elementor-section-boxed elementor-section-height-default elementor-section-height-default\" data-id=\"1d4f946\" data-element_type=\"section\" data-e-type=\"section\">\n\t\t\t\t\t\t<div class=\"elementor-container elementor-column-gap-default\">\n\t\t\t\t\t<div class=\"elementor-column elementor-col-100 elementor-top-column elementor-element elementor-element-55fa15c\" data-id=\"55fa15c\" data-element_type=\"column\" data-e-type=\"column\">\n\t\t\t<div class=\"elementor-widget-wrap elementor-element-populated\">\n\t\t\t\t\t\t<div class=\"elementor-element elementor-element-7f182ff elementor-widget elementor-widget-text-editor\" data-id=\"7f182ff\" data-element_type=\"widget\" data-e-type=\"widget\" data-widget_type=\"text-editor.default\">\n\t\t\t\t<div class=\"elementor-widget-container\">\n\t\t\t\t\t\t\t\t\t<div><h1>Markus Bergmann<\/h1><p data-start=\"325\" data-end=\"614\">I had my first encounter with a sweat lodge in 2000, near London. It was led by Inti Cesar Malasquez - and it touched me deeply. Since then, sweat lodges have regularly accompanied me on my journey and have become an essential part of my life.<\/p><p data-start=\"616\" data-end=\"856\">At the same time, I discovered my love for various forms of healing and conscious bodywork. Karate, yoga, qigong and bioenergetics are now part of my regular practice. They give me strength, balance and inner peace.<\/p><p data-start=\"858\" data-end=\"1168\">I completed my training as a qualified Shiatsu practitioner in September 2020 and have been working in my own practice in Hart bei F\u00fcrnitz ever since. For me, Shiatsu is much more than a method - it is an invitation to feel yourself, let go and experience healing on all levels.<\/p><p data-start=\"1170\" data-end=\"1327\">In addition to my practice, I work at <strong>b\u00e4rnd book&amp;leaf <\/strong>in Arnoldstein - a shop selling books, gifts and regional products.<\/p><p data-start=\"1329\" data-end=\"1660\">Music has also accompanied me for many years: I enjoy singing in the choir <strong data-start=\"1409\" data-end=\"1420\">Sea Major<\/strong> in Tsch\u00f6ran. And if it needs to be more powerful, I play drums in the band <strong data-start=\"1574\" data-end=\"1590\">Surfer Moser<\/strong>. We make rock and indie rock - exclusively with our own songs.<\/p><p>06603509936<\/p><p>info@markus-shiatsu.at<\/p><p><a href=\"http:\/\/www.markus-shiatsu.at\">www.markus-shiatsu.at<\/a><\/p><\/div><div><div><div>\u00a0<\/div><\/div><\/div>\t\t\t\t\t\t\t\t<\/div>\n\t\t\t\t<\/div>\n\t\t\t\t\t<\/div>\n\t\t<\/div>\n\t\t\t\t\t<\/div>\n\t\t<\/section>\n\t\t\t\t<\/div>","protected":false},"excerpt":{"rendered":"<p>Markus Bergmann Meine erste Begegnung mit einer Schwitzh\u00fctte hatte ich im Jahr 2000, in der N\u00e4he von London. Geleitet wurde sie von Inti Cesar Malasquez \u2013 und sie hat mich tief ber\u00fchrt. Seitdem begleiten mich Schwitzh\u00fctten regelm\u00e4\u00dfig auf meinem Weg und sind ein wesentlicher Teil meines Lebens geworden. Parallel dazu entdeckte ich meine Liebe zu [&hellip;]<\/p>\n","protected":false},"author":1,"featured_media":0,"parent":0,"menu_order":0,"comment_status":"closed","ping_status":"closed","template":"","meta":{"site-sidebar-layout":"no-sidebar","site-content-layout":"page-builder","ast-site-content-layout":"default","site-content-style":"default","site-sidebar-style":"default","ast-global-header-display":"","ast-banner-title-visibility":"","ast-main-header-display":"","ast-hfb-above-header-display":"","ast-hfb-below-header-display":"","ast-hfb-mobile-header-display":"","site-post-title":"disabled","ast-breadcrumbs-content":"","ast-featured-img":"disabled","footer-sml-layout":"","ast-disable-related-posts":"","theme-transparent-header-meta":"","adv-header-id-meta":"","stick-header-meta":"","header-above-stick-meta":"","header-main-stick-meta":"","header-below-stick-meta":"","astra-migrate-meta-layouts":"default","ast-page-background-enabled":"default","ast-page-background-meta":{"desktop":{"background-color":"var(--ast-global-color-4)","background-image":"","background-repeat":"repeat","background-position":"center center","background-size":"auto","background-attachment":"scroll","background-type":"","background-media":"","overlay-type":"","overlay-color":"","overlay-opacity":"","overlay-gradient":""},"tablet":{"background-color":"","background-image":"","background-repeat":"repeat","background-position":"center center","background-size":"auto","background-attachment":"scroll","background-type":"","background-media":"","overlay-type":"","overlay-color":"","overlay-opacity":"","overlay-gradient":""},"mobile":{"background-color":"","background-image":"","background-repeat":"repeat","background-position":"center center","background-size":"auto","background-attachment":"scroll","background-type":"","background-media":"","overlay-type":"","overlay-color":"","overlay-opacity":"","overlay-gradient":""}},"ast-content-background-meta":{"desktop":{"background-color":"var(--ast-global-color-5)","background-image":"","background-repeat":"repeat","background-position":"center center","background-size":"auto","background-attachment":"scroll","background-type":"","background-media":"","overlay-type":"","overlay-color":"","overlay-opacity":"","overlay-gradient":""},"tablet":{"background-color":"var(--ast-global-color-5)","background-image":"","background-repeat":"repeat","background-position":"center center","background-size":"auto","background-attachment":"scroll","background-type":"","background-media":"","overlay-type":"","overlay-color":"","overlay-opacity":"","overlay-gradient":""},"mobile":{"background-color":"var(--ast-global-color-5)","background-image":"","background-repeat":"repeat","background-position":"center center","background-size":"auto","background-attachment":"scroll","background-type":"","background-media":"","overlay-type":"","overlay-color":"","overlay-opacity":"","overlay-gradient":""}},"iawp_total_views":189,"footnotes":""},"class_list":["post-1848","page","type-page","status-publish","hentry"],"yoast_head":"<!-- This site is optimized with the Yoast SEO plugin v27.0 - https:\/\/yoast.com\/product\/yoast-seo-wordpress\/ -->\n<title>Markus - Mirnockh\u00fcter<\/title>\n<meta name=\"description\" content=\"Markus Bergmann ist Shiatsu Praktiker Musiker und auch leidenschaftlicher Schwitzh\u00fcttengeher seit 2001. Man trifft ihn regelm\u00e4\u00dfig am Mirnock\" \/>\n<meta name=\"robots\" content=\"index, follow, max-snippet:-1, max-image-preview:large, max-video-preview:-1\" \/>\n<link rel=\"canonical\" href=\"https:\/\/www.mirnockhueter.com\/en\/markus\/\" \/>\n<meta property=\"og:locale\" content=\"en_GB\" \/>\n<meta property=\"og:type\" content=\"article\" \/>\n<meta property=\"og:title\" content=\"Markus - Mirnockh\u00fcter\" \/>\n<meta property=\"og:description\" content=\"Markus Bergmann ist Shiatsu Praktiker Musiker und auch leidenschaftlicher Schwitzh\u00fcttengeher seit 2001. Man trifft ihn regelm\u00e4\u00dfig am Mirnock\" \/>\n<meta property=\"og:url\" content=\"https:\/\/www.mirnockhueter.com\/en\/markus\/\" \/>\n<meta property=\"og:site_name\" content=\"Mirnockh\u00fcter\" \/>\n<meta property=\"article:publisher\" content=\"https:\/\/www.facebook.com\/mirnockhueter\/\" \/>\n<meta property=\"article:modified_time\" content=\"2025-09-26T15:19:07+00:00\" \/>\n<meta property=\"og:image\" content=\"https:\/\/www.mirnockhueter.com\/wp-content\/uploads\/2025\/09\/PB150334.JPG_compressed.jpeg\" \/>\n\t<meta property=\"og:image:width\" content=\"1920\" \/>\n\t<meta property=\"og:image:height\" content=\"1280\" \/>\n\t<meta property=\"og:image:type\" content=\"image\/jpeg\" \/>\n<meta name=\"twitter:card\" content=\"summary_large_image\" \/>\n<meta name=\"twitter:label1\" content=\"Estimated reading time\" \/>\n\t<meta name=\"twitter:data1\" content=\"2 minutes\" \/>\n<script type=\"application\/ld+json\" class=\"yoast-schema-graph\">{\"@context\":\"https:\/\/schema.org\",\"@graph\":[{\"@type\":\"WebPage\",\"@id\":\"https:\/\/www.mirnockhueter.com\/markus\/\",\"url\":\"https:\/\/www.mirnockhueter.com\/markus\/\",\"name\":\"Markus - Mirnockh\u00fcter\",\"isPartOf\":{\"@id\":\"https:\/\/www.mirnockhueter.com\/#website\"},\"primaryImageOfPage\":{\"@id\":\"https:\/\/www.mirnockhueter.com\/markus\/#primaryimage\"},\"image\":{\"@id\":\"https:\/\/www.mirnockhueter.com\/markus\/#primaryimage\"},\"thumbnailUrl\":\"https:\/\/www.mirnockhueter.com\/wp-content\/uploads\/2025\/09\/PB150334.JPG_compressed-1024x683.jpeg\",\"datePublished\":\"2022-05-08T10:53:31+00:00\",\"dateModified\":\"2025-09-26T15:19:07+00:00\",\"description\":\"Markus Bergmann ist Shiatsu Praktiker Musiker und auch leidenschaftlicher Schwitzh\u00fcttengeher seit 2001. Man trifft ihn regelm\u00e4\u00dfig am Mirnock\",\"breadcrumb\":{\"@id\":\"https:\/\/www.mirnockhueter.com\/markus\/#breadcrumb\"},\"inLanguage\":\"en-GB\",\"potentialAction\":[{\"@type\":\"ReadAction\",\"target\":[\"https:\/\/www.mirnockhueter.com\/markus\/\"]}]},{\"@type\":\"ImageObject\",\"inLanguage\":\"en-GB\",\"@id\":\"https:\/\/www.mirnockhueter.com\/markus\/#primaryimage\",\"url\":\"https:\/\/www.mirnockhueter.com\/wp-content\/uploads\/2025\/09\/PB150334.JPG_compressed-1024x683.jpeg\",\"contentUrl\":\"https:\/\/www.mirnockhueter.com\/wp-content\/uploads\/2025\/09\/PB150334.JPG_compressed-1024x683.jpeg\"},{\"@type\":\"BreadcrumbList\",\"@id\":\"https:\/\/www.mirnockhueter.com\/markus\/#breadcrumb\",\"itemListElement\":[{\"@type\":\"ListItem\",\"position\":1,\"name\":\"Startseite\",\"item\":\"https:\/\/www.mirnockhueter.com\/\"},{\"@type\":\"ListItem\",\"position\":2,\"name\":\"Markus\"}]},{\"@type\":\"WebSite\",\"@id\":\"https:\/\/www.mirnockhueter.com\/#website\",\"url\":\"https:\/\/www.mirnockhueter.com\/\",\"name\":\"Mirnockh\u00fcter\",\"description\":\"Schwitzh\u00fctten am Kraftberg Mirnock in K\u00e4rnten\",\"publisher\":{\"@id\":\"https:\/\/www.mirnockhueter.com\/#organization\"},\"potentialAction\":[{\"@type\":\"SearchAction\",\"target\":{\"@type\":\"EntryPoint\",\"urlTemplate\":\"https:\/\/www.mirnockhueter.com\/?s={search_term_string}\"},\"query-input\":{\"@type\":\"PropertyValueSpecification\",\"valueRequired\":true,\"valueName\":\"search_term_string\"}}],\"inLanguage\":\"en-GB\"},{\"@type\":\"Organization\",\"@id\":\"https:\/\/www.mirnockhueter.com\/#organization\",\"name\":\"Mirnockh\u00fcter - -Schwitzh\u00fctten und Pfeifenrituale\",\"url\":\"https:\/\/www.mirnockhueter.com\/\",\"logo\":{\"@type\":\"ImageObject\",\"inLanguage\":\"en-GB\",\"@id\":\"https:\/\/www.mirnockhueter.com\/#\/schema\/logo\/image\/\",\"url\":\"https:\/\/www.mirnockhueter.com\/wp-content\/uploads\/2022\/05\/kraftplatz-mirnock.jpg\",\"contentUrl\":\"https:\/\/www.mirnockhueter.com\/wp-content\/uploads\/2022\/05\/kraftplatz-mirnock.jpg\",\"width\":1619,\"height\":1080,\"caption\":\"Mirnockh\u00fcter - -Schwitzh\u00fctten und Pfeifenrituale\"},\"image\":{\"@id\":\"https:\/\/www.mirnockhueter.com\/#\/schema\/logo\/image\/\"},\"sameAs\":[\"https:\/\/www.facebook.com\/mirnockhueter\/\"]}]}<\/script>\n<!-- \/ Yoast SEO plugin. -->","yoast_head_json":{"title":"Markus - Mirnockh\u00fcter","description":"Markus Bergmann is a Shiatsu practitioner, musician and passionate sweat lodge walker since 2001. You can meet him regularly at Mirnock","robots":{"index":"index","follow":"follow","max-snippet":"max-snippet:-1","max-image-preview":"max-image-preview:large","max-video-preview":"max-video-preview:-1"},"canonical":"https:\/\/www.mirnockhueter.com\/en\/markus\/","og_locale":"en_GB","og_type":"article","og_title":"Markus - Mirnockh\u00fcter","og_description":"Markus Bergmann ist Shiatsu Praktiker Musiker und auch leidenschaftlicher Schwitzh\u00fcttengeher seit 2001. Man trifft ihn regelm\u00e4\u00dfig am Mirnock","og_url":"https:\/\/www.mirnockhueter.com\/en\/markus\/","og_site_name":"Mirnockh\u00fcter","article_publisher":"https:\/\/www.facebook.com\/mirnockhueter\/","article_modified_time":"2025-09-26T15:19:07+00:00","og_image":[{"width":1920,"height":1280,"url":"https:\/\/www.mirnockhueter.com\/wp-content\/uploads\/2025\/09\/PB150334.JPG_compressed.jpeg","type":"image\/jpeg"}],"twitter_card":"summary_large_image","twitter_misc":{"Estimated reading time":"2 minutes"},"schema":{"@context":"https:\/\/schema.org","@graph":[{"@type":"WebPage","@id":"https:\/\/www.mirnockhueter.com\/markus\/","url":"https:\/\/www.mirnockhueter.com\/markus\/","name":"Markus - Mirnockh\u00fcter","isPartOf":{"@id":"https:\/\/www.mirnockhueter.com\/#website"},"primaryImageOfPage":{"@id":"https:\/\/www.mirnockhueter.com\/markus\/#primaryimage"},"image":{"@id":"https:\/\/www.mirnockhueter.com\/markus\/#primaryimage"},"thumbnailUrl":"https:\/\/www.mirnockhueter.com\/wp-content\/uploads\/2025\/09\/PB150334.JPG_compressed-1024x683.jpeg","datePublished":"2022-05-08T10:53:31+00:00","dateModified":"2025-09-26T15:19:07+00:00","description":"Markus Bergmann is a Shiatsu practitioner, musician and passionate sweat lodge walker since 2001. You can meet him regularly at Mirnock","breadcrumb":{"@id":"https:\/\/www.mirnockhueter.com\/markus\/#breadcrumb"},"inLanguage":"en-GB","potentialAction":[{"@type":"ReadAction","target":["https:\/\/www.mirnockhueter.com\/markus\/"]}]},{"@type":"ImageObject","inLanguage":"en-GB","@id":"https:\/\/www.mirnockhueter.com\/markus\/#primaryimage","url":"https:\/\/www.mirnockhueter.com\/wp-content\/uploads\/2025\/09\/PB150334.JPG_compressed-1024x683.jpeg","contentUrl":"https:\/\/www.mirnockhueter.com\/wp-content\/uploads\/2025\/09\/PB150334.JPG_compressed-1024x683.jpeg"},{"@type":"BreadcrumbList","@id":"https:\/\/www.mirnockhueter.com\/markus\/#breadcrumb","itemListElement":[{"@type":"ListItem","position":1,"name":"Startseite","item":"https:\/\/www.mirnockhueter.com\/"},{"@type":"ListItem","position":2,"name":"Markus"}]},{"@type":"WebSite","@id":"https:\/\/www.mirnockhueter.com\/#website","url":"https:\/\/www.mirnockhueter.com\/","name":"Mirnock guardian","description":"Sweat lodges on the Mirnock power mountain in Carinthia","publisher":{"@id":"https:\/\/www.mirnockhueter.com\/#organization"},"potentialAction":[{"@type":"SearchAction","target":{"@type":"EntryPoint","urlTemplate":"https:\/\/www.mirnockhueter.com\/?s={search_term_string}"},"query-input":{"@type":"PropertyValueSpecification","valueRequired":true,"valueName":"search_term_string"}}],"inLanguage":"en-GB"},{"@type":"Organization","@id":"https:\/\/www.mirnockhueter.com\/#organization","name":"Mirnockh\u00fcter - sweat lodges and pipe rituals","url":"https:\/\/www.mirnockhueter.com\/","logo":{"@type":"ImageObject","inLanguage":"en-GB","@id":"https:\/\/www.mirnockhueter.com\/#\/schema\/logo\/image\/","url":"https:\/\/www.mirnockhueter.com\/wp-content\/uploads\/2022\/05\/kraftplatz-mirnock.jpg","contentUrl":"https:\/\/www.mirnockhueter.com\/wp-content\/uploads\/2022\/05\/kraftplatz-mirnock.jpg","width":1619,"height":1080,"caption":"Mirnockh\u00fcter - -Schwitzh\u00fctten und Pfeifenrituale"},"image":{"@id":"https:\/\/www.mirnockhueter.com\/#\/schema\/logo\/image\/"},"sameAs":["https:\/\/www.facebook.com\/mirnockhueter\/"]}]}},"_links":{"self":[{"href":"https:\/\/www.mirnockhueter.com\/en\/wp-json\/wp\/v2\/pages\/1848","targetHints":{"allow":["GET"]}}],"collection":[{"href":"https:\/\/www.mirnockhueter.com\/en\/wp-json\/wp\/v2\/pages"}],"about":[{"href":"https:\/\/www.mirnockhueter.com\/en\/wp-json\/wp\/v2\/types\/page"}],"author":[{"embeddable":true,"href":"https:\/\/www.mirnockhueter.com\/en\/wp-json\/wp\/v2\/users\/1"}],"replies":[{"embeddable":true,"href":"https:\/\/www.mirnockhueter.com\/en\/wp-json\/wp\/v2\/comments?post=1848"}],"version-history":[{"count":92,"href":"https:\/\/www.mirnockhueter.com\/en\/wp-json\/wp\/v2\/pages\/1848\/revisions"}],"predecessor-version":[{"id":8694,"href":"https:\/\/www.mirnockhueter.com\/en\/wp-json\/wp\/v2\/pages\/1848\/revisions\/8694"}],"wp:attachment":[{"href":"https:\/\/www.mirnockhueter.com\/en\/wp-json\/wp\/v2\/media?parent=1848"}],"curies":[{"name":"wp","href":"https:\/\/api.w.org\/{rel}","templated":true}]}}