{"id":1836,"date":"2022-05-08T12:52:13","date_gmt":"2022-05-08T10:52:13","guid":{"rendered":"http:\/\/mirnockhueter.markus-shiatsu.at\/?page_id=1836"},"modified":"2022-07-19T16:07:42","modified_gmt":"2022-07-19T14:07:42","slug":"sabine","status":"publish","type":"page","link":"https:\/\/www.mirnockhueter.com\/en\/sabine\/","title":{"rendered":"Sabine"},"content":{"rendered":"<div data-elementor-type=\"wp-page\" data-elementor-id=\"1836\" class=\"elementor elementor-1836\">\n\t\t\t\t\t\t<section class=\"elementor-section elementor-top-section elementor-element elementor-element-91cd182 elementor-section-boxed elementor-section-height-default elementor-section-height-default\" data-id=\"91cd182\" data-element_type=\"section\" data-e-type=\"section\">\n\t\t\t\t\t\t<div class=\"elementor-container elementor-column-gap-default\">\n\t\t\t\t\t<div class=\"elementor-column elementor-col-100 elementor-top-column elementor-element elementor-element-69fbb2a\" data-id=\"69fbb2a\" data-element_type=\"column\" data-e-type=\"column\">\n\t\t\t<div class=\"elementor-widget-wrap elementor-element-populated\">\n\t\t\t\t\t\t<div class=\"elementor-element elementor-element-782c1e9 elementor-widget elementor-widget-text-editor\" data-id=\"782c1e9\" data-element_type=\"widget\" data-e-type=\"widget\" data-widget_type=\"text-editor.default\">\n\t\t\t\t<div class=\"elementor-widget-container\">\n\t\t\t\t\t\t\t\t\t<div class=\"n module-type-header diyfeLiveArea\"><h1><span class=\"diyfeDecoration\">Sabine Wedl<\/span><\/h1><\/div><div class=\"n module-type-text diyfeLiveArea\"><p>FLYING TURTLE<\/p><p>\u00a0<\/p><p>Sweat lodge manager<\/p><p>Pipe carrier<\/p><p>Earthkeeper<\/p><p>Drumming. Incense, pipe and fire ceremonies<\/p><\/div>\t\t\t\t\t\t\t\t<\/div>\n\t\t\t\t<\/div>\n\t\t\t\t\t<\/div>\n\t\t<\/div>\n\t\t\t\t\t<\/div>\n\t\t<\/section>\n\t\t\t\t<section class=\"elementor-section elementor-top-section elementor-element elementor-element-6c226f0 elementor-section-boxed elementor-section-height-default elementor-section-height-default\" data-id=\"6c226f0\" data-element_type=\"section\" data-e-type=\"section\">\n\t\t\t\t\t\t<div class=\"elementor-container elementor-column-gap-default\">\n\t\t\t\t\t<div class=\"elementor-column elementor-col-100 elementor-top-column elementor-element elementor-element-ebb31ce\" data-id=\"ebb31ce\" data-element_type=\"column\" data-e-type=\"column\">\n\t\t\t<div class=\"elementor-widget-wrap elementor-element-populated\">\n\t\t\t\t\t\t<div class=\"elementor-element elementor-element-5876ca7 elementor-widget elementor-widget-spacer\" data-id=\"5876ca7\" data-element_type=\"widget\" data-e-type=\"widget\" data-widget_type=\"spacer.default\">\n\t\t\t\t<div class=\"elementor-widget-container\">\n\t\t\t\t\t\t\t<div class=\"elementor-spacer\">\n\t\t\t<div class=\"elementor-spacer-inner\"><\/div>\n\t\t<\/div>\n\t\t\t\t\t\t<\/div>\n\t\t\t\t<\/div>\n\t\t\t\t\t<\/div>\n\t\t<\/div>\n\t\t\t\t\t<\/div>\n\t\t<\/section>\n\t\t\t\t<section class=\"elementor-section elementor-top-section elementor-element elementor-element-ddc423e elementor-section-boxed elementor-section-height-default elementor-section-height-default\" data-id=\"ddc423e\" data-element_type=\"section\" data-e-type=\"section\">\n\t\t\t\t\t\t<div class=\"elementor-container elementor-column-gap-default\">\n\t\t\t\t\t<div class=\"elementor-column elementor-col-50 elementor-top-column elementor-element elementor-element-b05e8cf\" data-id=\"b05e8cf\" data-element_type=\"column\" data-e-type=\"column\">\n\t\t\t<div class=\"elementor-widget-wrap elementor-element-populated\">\n\t\t\t\t\t\t<div class=\"elementor-element elementor-element-d1ffbf2 elementor-widget elementor-widget-image\" data-id=\"d1ffbf2\" data-element_type=\"widget\" data-e-type=\"widget\" data-widget_type=\"image.default\">\n\t\t\t\t<div class=\"elementor-widget-container\">\n\t\t\t\t\t\t\t\t\t\t\t\t\t\t\t<img fetchpriority=\"high\" decoding=\"async\" width=\"225\" height=\"300\" src=\"https:\/\/www.mirnockhueter.com\/wp-content\/uploads\/2022\/05\/sabine-wedl-225x300.jpg\" class=\"attachment-medium size-medium wp-image-1419\" alt=\"\" srcset=\"https:\/\/www.mirnockhueter.com\/wp-content\/uploads\/2022\/05\/sabine-wedl-225x300.jpg 225w, https:\/\/www.mirnockhueter.com\/wp-content\/uploads\/2022\/05\/sabine-wedl-768x1023.jpg 768w, https:\/\/www.mirnockhueter.com\/wp-content\/uploads\/2022\/05\/sabine-wedl.jpg 800w\" sizes=\"(max-width: 225px) 100vw, 225px\" \/>\t\t\t\t\t\t\t\t\t\t\t\t\t\t\t<\/div>\n\t\t\t\t<\/div>\n\t\t\t\t\t<\/div>\n\t\t<\/div>\n\t\t\t\t<div class=\"elementor-column elementor-col-50 elementor-top-column elementor-element elementor-element-4bd75c4\" data-id=\"4bd75c4\" data-element_type=\"column\" data-e-type=\"column\">\n\t\t\t<div class=\"elementor-widget-wrap elementor-element-populated\">\n\t\t\t\t\t\t<div class=\"elementor-element elementor-element-563f4a4 elementor-widget elementor-widget-image\" data-id=\"563f4a4\" data-element_type=\"widget\" data-e-type=\"widget\" data-widget_type=\"image.default\">\n\t\t\t\t<div class=\"elementor-widget-container\">\n\t\t\t\t\t\t\t\t\t\t\t\t<figure class=\"wp-caption\">\n\t\t\t\t\t\t\t\t\t\t<img decoding=\"async\" width=\"1024\" height=\"576\" src=\"https:\/\/www.mirnockhueter.com\/wp-content\/uploads\/2022\/05\/sabine-und-peter-1024x576.jpg\" class=\"attachment-large size-large wp-image-1433\" alt=\"\" srcset=\"https:\/\/www.mirnockhueter.com\/wp-content\/uploads\/2022\/05\/sabine-und-peter-1024x576.jpg 1024w, https:\/\/www.mirnockhueter.com\/wp-content\/uploads\/2022\/05\/sabine-und-peter-300x169.jpg 300w, https:\/\/www.mirnockhueter.com\/wp-content\/uploads\/2022\/05\/sabine-und-peter-768x432.jpg 768w, https:\/\/www.mirnockhueter.com\/wp-content\/uploads\/2022\/05\/sabine-und-peter-1536x864.jpg 1536w, https:\/\/www.mirnockhueter.com\/wp-content\/uploads\/2022\/05\/sabine-und-peter.jpg 1920w\" sizes=\"(max-width: 1024px) 100vw, 1024px\" \/>\t\t\t\t\t\t\t\t\t\t\t<figcaption class=\"widget-image-caption wp-caption-text\">Sabine and Peter drumming to strengthen the fire energy<\/figcaption>\n\t\t\t\t\t\t\t\t\t\t<\/figure>\n\t\t\t\t\t\t\t\t\t<\/div>\n\t\t\t\t<\/div>\n\t\t\t\t\t<\/div>\n\t\t<\/div>\n\t\t\t\t\t<\/div>\n\t\t<\/section>\n\t\t\t\t<section class=\"elementor-section elementor-top-section elementor-element elementor-element-3db9167 elementor-section-boxed elementor-section-height-default elementor-section-height-default\" data-id=\"3db9167\" data-element_type=\"section\" data-e-type=\"section\">\n\t\t\t\t\t\t<div class=\"elementor-container elementor-column-gap-default\">\n\t\t\t\t\t<div class=\"elementor-column elementor-col-100 elementor-top-column elementor-element elementor-element-17e8048\" data-id=\"17e8048\" data-element_type=\"column\" data-e-type=\"column\">\n\t\t\t<div class=\"elementor-widget-wrap\">\n\t\t\t\t\t\t\t<\/div>\n\t\t<\/div>\n\t\t\t\t\t<\/div>\n\t\t<\/section>\n\t\t\t\t<\/div>","protected":false},"excerpt":{"rendered":"<p>Sabine Wedl FLYING TURTLE Sweat lodge leader Pipe bearer Earth keeper Drum. Incense, pipe and fire ceremonies Sabine and Peter drumming to strengthen the fire energy<\/p>","protected":false},"author":1,"featured_media":0,"parent":0,"menu_order":0,"comment_status":"closed","ping_status":"closed","template":"","meta":{"site-sidebar-layout":"no-sidebar","site-content-layout":"page-builder","ast-site-content-layout":"default","site-content-style":"default","site-sidebar-style":"default","ast-global-header-display":"","ast-banner-title-visibility":"","ast-main-header-display":"","ast-hfb-above-header-display":"","ast-hfb-below-header-display":"","ast-hfb-mobile-header-display":"","site-post-title":"disabled","ast-breadcrumbs-content":"","ast-featured-img":"disabled","footer-sml-layout":"","ast-disable-related-posts":"","theme-transparent-header-meta":"","adv-header-id-meta":"","stick-header-meta":"","header-above-stick-meta":"","header-main-stick-meta":"","header-below-stick-meta":"","astra-migrate-meta-layouts":"default","ast-page-background-enabled":"default","ast-page-background-meta":{"desktop":{"background-color":"var(--ast-global-color-4)","background-image":"","background-repeat":"repeat","background-position":"center center","background-size":"auto","background-attachment":"scroll","background-type":"","background-media":"","overlay-type":"","overlay-color":"","overlay-opacity":"","overlay-gradient":""},"tablet":{"background-color":"","background-image":"","background-repeat":"repeat","background-position":"center center","background-size":"auto","background-attachment":"scroll","background-type":"","background-media":"","overlay-type":"","overlay-color":"","overlay-opacity":"","overlay-gradient":""},"mobile":{"background-color":"","background-image":"","background-repeat":"repeat","background-position":"center center","background-size":"auto","background-attachment":"scroll","background-type":"","background-media":"","overlay-type":"","overlay-color":"","overlay-opacity":"","overlay-gradient":""}},"ast-content-background-meta":{"desktop":{"background-color":"var(--ast-global-color-5)","background-image":"","background-repeat":"repeat","background-position":"center center","background-size":"auto","background-attachment":"scroll","background-type":"","background-media":"","overlay-type":"","overlay-color":"","overlay-opacity":"","overlay-gradient":""},"tablet":{"background-color":"var(--ast-global-color-5)","background-image":"","background-repeat":"repeat","background-position":"center center","background-size":"auto","background-attachment":"scroll","background-type":"","background-media":"","overlay-type":"","overlay-color":"","overlay-opacity":"","overlay-gradient":""},"mobile":{"background-color":"var(--ast-global-color-5)","background-image":"","background-repeat":"repeat","background-position":"center center","background-size":"auto","background-attachment":"scroll","background-type":"","background-media":"","overlay-type":"","overlay-color":"","overlay-opacity":"","overlay-gradient":""}},"iawp_total_views":145,"footnotes":""},"class_list":["post-1836","page","type-page","status-publish","hentry"],"yoast_head":"<!-- This site is optimized with the Yoast SEO plugin v27.0 - https:\/\/yoast.com\/product\/yoast-seo-wordpress\/ -->\n<title>Sabine - Mirnockh\u00fcter<\/title>\n<meta name=\"robots\" content=\"index, follow, max-snippet:-1, max-image-preview:large, max-video-preview:-1\" \/>\n<link rel=\"canonical\" href=\"https:\/\/www.mirnockhueter.com\/en\/sabine\/\" \/>\n<meta property=\"og:locale\" content=\"en_GB\" \/>\n<meta property=\"og:type\" content=\"article\" \/>\n<meta property=\"og:title\" content=\"Sabine - Mirnockh\u00fcter\" \/>\n<meta property=\"og:description\" content=\"Sabine Wedl FLYING TURTLE \u00a0 Schwitzh\u00fcttenleiterin Pfeifentr\u00e4gerin Erdh\u00fcterin Trommel-. R\u00e4ucher-, Pfeifen- und Feuerzeremonien Sabine und Peter beim Trommeln zur St\u00e4rkung der Feuerenergie\" \/>\n<meta property=\"og:url\" content=\"https:\/\/www.mirnockhueter.com\/en\/sabine\/\" \/>\n<meta property=\"og:site_name\" content=\"Mirnockh\u00fcter\" \/>\n<meta property=\"article:publisher\" content=\"https:\/\/www.facebook.com\/mirnockhueter\/\" \/>\n<meta property=\"article:modified_time\" content=\"2022-07-19T14:07:42+00:00\" \/>\n<meta property=\"og:image\" content=\"https:\/\/www.mirnockhueter.com\/wp-content\/uploads\/2022\/05\/sabine-wedl-225x300.jpg\" \/>\n<meta name=\"twitter:card\" content=\"summary_large_image\" \/>\n<script type=\"application\/ld+json\" class=\"yoast-schema-graph\">{\"@context\":\"https:\/\/schema.org\",\"@graph\":[{\"@type\":\"WebPage\",\"@id\":\"https:\/\/www.mirnockhueter.com\/sabine\/\",\"url\":\"https:\/\/www.mirnockhueter.com\/sabine\/\",\"name\":\"Sabine - Mirnockh\u00fcter\",\"isPartOf\":{\"@id\":\"https:\/\/www.mirnockhueter.com\/#website\"},\"primaryImageOfPage\":{\"@id\":\"https:\/\/www.mirnockhueter.com\/sabine\/#primaryimage\"},\"image\":{\"@id\":\"https:\/\/www.mirnockhueter.com\/sabine\/#primaryimage\"},\"thumbnailUrl\":\"https:\/\/www.mirnockhueter.com\/wp-content\/uploads\/2022\/05\/sabine-wedl-225x300.jpg\",\"datePublished\":\"2022-05-08T10:52:13+00:00\",\"dateModified\":\"2022-07-19T14:07:42+00:00\",\"breadcrumb\":{\"@id\":\"https:\/\/www.mirnockhueter.com\/sabine\/#breadcrumb\"},\"inLanguage\":\"en-GB\",\"potentialAction\":[{\"@type\":\"ReadAction\",\"target\":[\"https:\/\/www.mirnockhueter.com\/sabine\/\"]}]},{\"@type\":\"ImageObject\",\"inLanguage\":\"en-GB\",\"@id\":\"https:\/\/www.mirnockhueter.com\/sabine\/#primaryimage\",\"url\":\"https:\/\/www.mirnockhueter.com\/wp-content\/uploads\/2022\/05\/sabine-wedl-225x300.jpg\",\"contentUrl\":\"https:\/\/www.mirnockhueter.com\/wp-content\/uploads\/2022\/05\/sabine-wedl-225x300.jpg\"},{\"@type\":\"BreadcrumbList\",\"@id\":\"https:\/\/www.mirnockhueter.com\/sabine\/#breadcrumb\",\"itemListElement\":[{\"@type\":\"ListItem\",\"position\":1,\"name\":\"Startseite\",\"item\":\"https:\/\/www.mirnockhueter.com\/\"},{\"@type\":\"ListItem\",\"position\":2,\"name\":\"Sabine\"}]},{\"@type\":\"WebSite\",\"@id\":\"https:\/\/www.mirnockhueter.com\/#website\",\"url\":\"https:\/\/www.mirnockhueter.com\/\",\"name\":\"Mirnockh\u00fcter\",\"description\":\"Schwitzh\u00fctten am Kraftberg Mirnock in K\u00e4rnten\",\"publisher\":{\"@id\":\"https:\/\/www.mirnockhueter.com\/#organization\"},\"potentialAction\":[{\"@type\":\"SearchAction\",\"target\":{\"@type\":\"EntryPoint\",\"urlTemplate\":\"https:\/\/www.mirnockhueter.com\/?s={search_term_string}\"},\"query-input\":{\"@type\":\"PropertyValueSpecification\",\"valueRequired\":true,\"valueName\":\"search_term_string\"}}],\"inLanguage\":\"en-GB\"},{\"@type\":\"Organization\",\"@id\":\"https:\/\/www.mirnockhueter.com\/#organization\",\"name\":\"Mirnockh\u00fcter - -Schwitzh\u00fctten und Pfeifenrituale\",\"url\":\"https:\/\/www.mirnockhueter.com\/\",\"logo\":{\"@type\":\"ImageObject\",\"inLanguage\":\"en-GB\",\"@id\":\"https:\/\/www.mirnockhueter.com\/#\/schema\/logo\/image\/\",\"url\":\"https:\/\/www.mirnockhueter.com\/wp-content\/uploads\/2022\/05\/kraftplatz-mirnock.jpg\",\"contentUrl\":\"https:\/\/www.mirnockhueter.com\/wp-content\/uploads\/2022\/05\/kraftplatz-mirnock.jpg\",\"width\":1619,\"height\":1080,\"caption\":\"Mirnockh\u00fcter - -Schwitzh\u00fctten und Pfeifenrituale\"},\"image\":{\"@id\":\"https:\/\/www.mirnockhueter.com\/#\/schema\/logo\/image\/\"},\"sameAs\":[\"https:\/\/www.facebook.com\/mirnockhueter\/\"]}]}<\/script>\n<!-- \/ Yoast SEO plugin. -->","yoast_head_json":{"title":"Sabine - Mirnockh\u00fcter","robots":{"index":"index","follow":"follow","max-snippet":"max-snippet:-1","max-image-preview":"max-image-preview:large","max-video-preview":"max-video-preview:-1"},"canonical":"https:\/\/www.mirnockhueter.com\/en\/sabine\/","og_locale":"en_GB","og_type":"article","og_title":"Sabine - Mirnockh\u00fcter","og_description":"Sabine Wedl FLYING TURTLE \u00a0 Schwitzh\u00fcttenleiterin Pfeifentr\u00e4gerin Erdh\u00fcterin Trommel-. R\u00e4ucher-, Pfeifen- und Feuerzeremonien Sabine und Peter beim Trommeln zur St\u00e4rkung der Feuerenergie","og_url":"https:\/\/www.mirnockhueter.com\/en\/sabine\/","og_site_name":"Mirnockh\u00fcter","article_publisher":"https:\/\/www.facebook.com\/mirnockhueter\/","article_modified_time":"2022-07-19T14:07:42+00:00","og_image":[{"url":"https:\/\/www.mirnockhueter.com\/wp-content\/uploads\/2022\/05\/sabine-wedl-225x300.jpg","type":"","width":"","height":""}],"twitter_card":"summary_large_image","schema":{"@context":"https:\/\/schema.org","@graph":[{"@type":"WebPage","@id":"https:\/\/www.mirnockhueter.com\/sabine\/","url":"https:\/\/www.mirnockhueter.com\/sabine\/","name":"Sabine - Mirnockh\u00fcter","isPartOf":{"@id":"https:\/\/www.mirnockhueter.com\/#website"},"primaryImageOfPage":{"@id":"https:\/\/www.mirnockhueter.com\/sabine\/#primaryimage"},"image":{"@id":"https:\/\/www.mirnockhueter.com\/sabine\/#primaryimage"},"thumbnailUrl":"https:\/\/www.mirnockhueter.com\/wp-content\/uploads\/2022\/05\/sabine-wedl-225x300.jpg","datePublished":"2022-05-08T10:52:13+00:00","dateModified":"2022-07-19T14:07:42+00:00","breadcrumb":{"@id":"https:\/\/www.mirnockhueter.com\/sabine\/#breadcrumb"},"inLanguage":"en-GB","potentialAction":[{"@type":"ReadAction","target":["https:\/\/www.mirnockhueter.com\/sabine\/"]}]},{"@type":"ImageObject","inLanguage":"en-GB","@id":"https:\/\/www.mirnockhueter.com\/sabine\/#primaryimage","url":"https:\/\/www.mirnockhueter.com\/wp-content\/uploads\/2022\/05\/sabine-wedl-225x300.jpg","contentUrl":"https:\/\/www.mirnockhueter.com\/wp-content\/uploads\/2022\/05\/sabine-wedl-225x300.jpg"},{"@type":"BreadcrumbList","@id":"https:\/\/www.mirnockhueter.com\/sabine\/#breadcrumb","itemListElement":[{"@type":"ListItem","position":1,"name":"Startseite","item":"https:\/\/www.mirnockhueter.com\/"},{"@type":"ListItem","position":2,"name":"Sabine"}]},{"@type":"WebSite","@id":"https:\/\/www.mirnockhueter.com\/#website","url":"https:\/\/www.mirnockhueter.com\/","name":"Mirnock guardian","description":"Sweat lodges on the Mirnock power mountain in Carinthia","publisher":{"@id":"https:\/\/www.mirnockhueter.com\/#organization"},"potentialAction":[{"@type":"SearchAction","target":{"@type":"EntryPoint","urlTemplate":"https:\/\/www.mirnockhueter.com\/?s={search_term_string}"},"query-input":{"@type":"PropertyValueSpecification","valueRequired":true,"valueName":"search_term_string"}}],"inLanguage":"en-GB"},{"@type":"Organization","@id":"https:\/\/www.mirnockhueter.com\/#organization","name":"Mirnockh\u00fcter - sweat lodges and pipe rituals","url":"https:\/\/www.mirnockhueter.com\/","logo":{"@type":"ImageObject","inLanguage":"en-GB","@id":"https:\/\/www.mirnockhueter.com\/#\/schema\/logo\/image\/","url":"https:\/\/www.mirnockhueter.com\/wp-content\/uploads\/2022\/05\/kraftplatz-mirnock.jpg","contentUrl":"https:\/\/www.mirnockhueter.com\/wp-content\/uploads\/2022\/05\/kraftplatz-mirnock.jpg","width":1619,"height":1080,"caption":"Mirnockh\u00fcter - -Schwitzh\u00fctten und Pfeifenrituale"},"image":{"@id":"https:\/\/www.mirnockhueter.com\/#\/schema\/logo\/image\/"},"sameAs":["https:\/\/www.facebook.com\/mirnockhueter\/"]}]}},"_links":{"self":[{"href":"https:\/\/www.mirnockhueter.com\/en\/wp-json\/wp\/v2\/pages\/1836","targetHints":{"allow":["GET"]}}],"collection":[{"href":"https:\/\/www.mirnockhueter.com\/en\/wp-json\/wp\/v2\/pages"}],"about":[{"href":"https:\/\/www.mirnockhueter.com\/en\/wp-json\/wp\/v2\/types\/page"}],"author":[{"embeddable":true,"href":"https:\/\/www.mirnockhueter.com\/en\/wp-json\/wp\/v2\/users\/1"}],"replies":[{"embeddable":true,"href":"https:\/\/www.mirnockhueter.com\/en\/wp-json\/wp\/v2\/comments?post=1836"}],"version-history":[{"count":15,"href":"https:\/\/www.mirnockhueter.com\/en\/wp-json\/wp\/v2\/pages\/1836\/revisions"}],"predecessor-version":[{"id":4612,"href":"https:\/\/www.mirnockhueter.com\/en\/wp-json\/wp\/v2\/pages\/1836\/revisions\/4612"}],"wp:attachment":[{"href":"https:\/\/www.mirnockhueter.com\/en\/wp-json\/wp\/v2\/media?parent=1836"}],"curies":[{"name":"wp","href":"https:\/\/api.w.org\/{rel}","templated":true}]}}