{"id":1834,"date":"2022-05-08T12:51:59","date_gmt":"2022-05-08T10:51:59","guid":{"rendered":"http:\/\/mirnockhueter.markus-shiatsu.at\/?page_id=1834"},"modified":"2023-09-03T13:56:21","modified_gmt":"2023-09-03T11:56:21","slug":"heinz-peter","status":"publish","type":"page","link":"https:\/\/www.mirnockhueter.com\/en\/heinz-peter\/","title":{"rendered":"Heinz-Peter"},"content":{"rendered":"\t\t<div data-elementor-type=\"wp-page\" data-elementor-id=\"1834\" class=\"elementor elementor-1834\">\n\t\t\t\t\t\t<section class=\"elementor-section elementor-top-section elementor-element elementor-element-55f2c54 elementor-section-boxed elementor-section-height-default elementor-section-height-default\" data-id=\"55f2c54\" data-element_type=\"section\" data-e-type=\"section\">\n\t\t\t\t\t\t<div class=\"elementor-container elementor-column-gap-default\">\n\t\t\t\t\t<div class=\"elementor-column elementor-col-100 elementor-top-column elementor-element elementor-element-51ee2f3\" data-id=\"51ee2f3\" data-element_type=\"column\" data-e-type=\"column\">\n\t\t\t<div class=\"elementor-widget-wrap elementor-element-populated\">\n\t\t\t\t\t\t<div class=\"elementor-element elementor-element-82553ac elementor-widget elementor-widget-text-editor\" data-id=\"82553ac\" data-element_type=\"widget\" data-e-type=\"widget\" data-widget_type=\"text-editor.default\">\n\t\t\t\t<div class=\"elementor-widget-container\">\n\t\t\t\t\t\t\t\t\t<div><div><div data-matrixid=\"375391\"><div><h1>Heinz-Peter Moser<\/h1><p><img decoding=\"async\" class=\"alignnone wp-image-1424 size-medium\" src=\"https:\/\/www.mirnockhueter.com\/wp-content\/uploads\/2022\/05\/peter-e1663922754156-162x300.jpg\" alt=\"\" width=\"162\" height=\"300\" srcset=\"https:\/\/www.mirnockhueter.com\/wp-content\/uploads\/2022\/05\/peter-e1663922754156-162x300.jpg 162w, https:\/\/www.mirnockhueter.com\/wp-content\/uploads\/2022\/05\/peter-e1663922754156.jpg 172w\" sizes=\"(max-width: 162px) 100vw, 162px\" \/><\/p><\/div><div><div><div><a href=\"https:\/\/www.mirnockhueter.com\/s\/cc_images\/cache_14018855.jpg?t=1377880255\" rel=\"lightbox[8252667]\"><img decoding=\"async\" src=\"https:\/\/www.mirnockhueter.com\/s\/cc_images\/cache_14018855.jpg?t=1377880255\" alt=\"\" \/><\/a><\/div><div><h3>RED SNAKE<\/h3><p>Schwitzh\u00fcttenleiter und Feuerh\u00fcter<\/p><p>Pfeifentr\u00e4ger und angehender Sonnent\u00e4nzer<\/p><p>Trommelbauer und indianische Handwerkskunst<\/p><p>Trommel-, R\u00e4ucher-, Pfeifen- und Feuerzeremonien<br \/><br \/><\/p><p>Ich bin seit 35 Jahren spirituell auf der Reise. Auf meinem Weg begegneten mir gro\u00dfe Heiler, Schamanen, Priester, starke spirituelle Pers\u00f6nlichkeiten.<\/p><p>Sie leiteten und begleiteten mich und ich lernte von ihnen und wuchs.<\/p><p><strong>Danke!<\/strong><\/p><p>Das so erworbene Wissen gebe ich heute bei Zeremonien und Ritualen gerne weiter.<\/p><p>Mein Leitspruch:<\/p><p>&#8222;Wenn du vom Leben nichts mehr erwartest, was sollte dir das Leben dann noch geben?&#8220; \u00a0<\/p><\/div><\/div><\/div><div><div><div data-matrixid=\"1899691\"><div><div><div><a href=\"https:\/\/www.mirnockhueter.com\/s\/cc_images\/teaserbox_30607538.jpg?t=1412160683\" rel=\"lightbox[15342602]\"><img decoding=\"async\" src=\"https:\/\/www.mirnockhueter.com\/s\/cc_images\/cache_30607538.jpg?t=1412160683\" alt=\"\" \/><\/a><img fetchpriority=\"high\" decoding=\"async\" class=\"alignnone size-medium wp-image-1430\" src=\"https:\/\/www.mirnockhueter.com\/wp-content\/uploads\/2022\/05\/DSC_1617-169x300.jpg\" alt=\"\" width=\"169\" height=\"300\" srcset=\"https:\/\/www.mirnockhueter.com\/wp-content\/uploads\/2022\/05\/DSC_1617-169x300.jpg 169w, https:\/\/www.mirnockhueter.com\/wp-content\/uploads\/2022\/05\/DSC_1617-576x1024.jpg 576w, https:\/\/www.mirnockhueter.com\/wp-content\/uploads\/2022\/05\/DSC_1617.jpg 607w\" sizes=\"(max-width: 169px) 100vw, 169px\" \/><\/div><div>\u00a0<\/div><\/div><\/div><div><span style=\"color: #993300;\">Peter ist Pfeifentr\u00e4ger &#8211; hier stopft er seine &#8222;Tschanupa&#8220; &#8211; die heilige Pfeife.<\/span><\/div><div>\u00a0<\/div><div><div><div>\u00a0<\/div><\/div><\/div><div><img decoding=\"async\" class=\"alignnone wp-image-1534 size-medium\" src=\"https:\/\/www.mirnockhueter.com\/wp-content\/uploads\/2022\/05\/feuerstelle-225x300.jpg\" alt=\"\" width=\"225\" height=\"300\" srcset=\"https:\/\/www.mirnockhueter.com\/wp-content\/uploads\/2022\/05\/feuerstelle-225x300.jpg 225w, https:\/\/www.mirnockhueter.com\/wp-content\/uploads\/2022\/05\/feuerstelle-768x1024.jpg 768w, https:\/\/www.mirnockhueter.com\/wp-content\/uploads\/2022\/05\/feuerstelle.jpg 810w\" sizes=\"(max-width: 225px) 100vw, 225px\" \/><\/div><\/div><\/div><div><div><div data-matrixid=\"1899692\"><div><div><div><a href=\"https:\/\/www.mirnockhueter.com\/s\/cc_images\/teaserbox_30607728.jpg?t=1412160739\" rel=\"lightbox[15342606]\"><img decoding=\"async\" src=\"https:\/\/www.mirnockhueter.com\/s\/cc_images\/cache_30607728.jpg?t=1412160739\" alt=\"\" \/><\/a><\/div><\/div><\/div><p><span style=\"color: #993300;\">Die Feuerstelle wird in gr\u00f6\u00dfter Achtsamkeit errichtet<\/span><\/p><div><div><div>\u00a0<\/div><\/div><\/div><div><p><span style=\"color: #993300;\">Respekt vor der Kraft des Feuers und die Einheit mit den Spirits der Natur ist Peters gro\u00dfe St\u00e4rke.<\/span><\/p><\/div><\/div><\/div><\/div><div>\u00a0<\/div><\/div><\/div><\/div><div><div><div><div data-matrixid=\"375382\"><div>\u00a0<\/div><\/div><\/div><\/div><\/div><\/div><div><div><div><div>\u00a0<\/div><\/div><\/div><\/div>\t\t\t\t\t\t\t\t<\/div>\n\t\t\t\t<\/div>\n\t\t\t\t\t<\/div>\n\t\t<\/div>\n\t\t\t\t\t<\/div>\n\t\t<\/section>\n\t\t\t\t<section class=\"elementor-section elementor-top-section elementor-element elementor-element-5a86eee elementor-section-boxed elementor-section-height-default elementor-section-height-default\" data-id=\"5a86eee\" data-element_type=\"section\" data-e-type=\"section\">\n\t\t\t\t\t\t<div class=\"elementor-container elementor-column-gap-default\">\n\t\t\t\t\t<div class=\"elementor-column elementor-col-100 elementor-top-column elementor-element elementor-element-d2ef10a\" data-id=\"d2ef10a\" data-element_type=\"column\" data-e-type=\"column\">\n\t\t\t<div class=\"elementor-widget-wrap elementor-element-populated\">\n\t\t\t\t\t\t<div class=\"elementor-element elementor-element-bc2dde3 elementor-widget elementor-widget-image\" data-id=\"bc2dde3\" data-element_type=\"widget\" data-e-type=\"widget\" data-widget_type=\"image.default\">\n\t\t\t\t<div class=\"elementor-widget-container\">\n\t\t\t\t\t\t\t\t\t\t\t\t<figure class=\"wp-caption\">\n\t\t\t\t\t\t\t\t\t\t\t<a href=\"https:\/\/www.mirnockhueter.com\/wp-content\/uploads\/2023\/09\/img-20230708-180356-scaled.webp\" data-elementor-open-lightbox=\"yes\" data-e-action-hash=\"#elementor-action%3Aaction%3Dlightbox%26settings%3DeyJpZCI6NzMwNSwidXJsIjoiaHR0cHM6XC9cL3d3dy5taXJub2NraHVldGVyLmNvbVwvd3AtY29udGVudFwvdXBsb2Fkc1wvMjAyM1wvMDlcL2ltZy0yMDIzMDcwOC0xODAzNTYtc2NhbGVkLndlYnAifQ%3D%3D\">\n\t\t\t\t\t\t\t<img loading=\"lazy\" decoding=\"async\" width=\"300\" height=\"225\" src=\"https:\/\/www.mirnockhueter.com\/wp-content\/uploads\/2023\/09\/img-20230708-180356-300x225.webp\" class=\"attachment-medium size-medium wp-image-7305\" alt=\"Heinz Peter\" srcset=\"https:\/\/www.mirnockhueter.com\/wp-content\/uploads\/2023\/09\/img-20230708-180356-300x225.webp 300w, https:\/\/www.mirnockhueter.com\/wp-content\/uploads\/2023\/09\/img-20230708-180356-1024x768.webp 1024w, https:\/\/www.mirnockhueter.com\/wp-content\/uploads\/2023\/09\/img-20230708-180356-768x576.webp 768w, https:\/\/www.mirnockhueter.com\/wp-content\/uploads\/2023\/09\/img-20230708-180356-1536x1152.webp 1536w, https:\/\/www.mirnockhueter.com\/wp-content\/uploads\/2023\/09\/img-20230708-180356-2048x1536.webp 2048w, https:\/\/www.mirnockhueter.com\/wp-content\/uploads\/2023\/09\/img-20230708-180356-1320x990.webp 1320w\" sizes=\"(max-width: 300px) 100vw, 300px\" \/>\t\t\t\t\t\t\t\t<\/a>\n\t\t\t\t\t\t\t\t\t\t\t<figcaption class=\"widget-image-caption wp-caption-text\">Heinz Peter nach der Begutachtung des Wetters<\/figcaption>\n\t\t\t\t\t\t\t\t\t\t<\/figure>\n\t\t\t\t\t\t\t\t\t<\/div>\n\t\t\t\t<\/div>\n\t\t\t\t\t<\/div>\n\t\t<\/div>\n\t\t\t\t\t<\/div>\n\t\t<\/section>\n\t\t\t\t<\/div>\n\t\t","protected":false},"excerpt":{"rendered":"<p>Heinz-Peter Moser RED SNAKE Schwitzh\u00fcttenleiter und Feuerh\u00fcter Pfeifentr\u00e4ger und angehender Sonnent\u00e4nzer Trommelbauer und indianische Handwerkskunst Trommel-, R\u00e4ucher-, Pfeifen- und Feuerzeremonien Ich bin seit 35 Jahren spirituell auf der Reise. Auf meinem Weg begegneten mir gro\u00dfe Heiler, Schamanen, Priester, starke spirituelle Pers\u00f6nlichkeiten. Sie leiteten und begleiteten mich und ich lernte von ihnen und wuchs. Danke! Das [&hellip;]<\/p>\n","protected":false},"author":1,"featured_media":0,"parent":0,"menu_order":0,"comment_status":"closed","ping_status":"closed","template":"","meta":{"site-sidebar-layout":"no-sidebar","site-content-layout":"page-builder","ast-site-content-layout":"default","site-content-style":"default","site-sidebar-style":"default","ast-global-header-display":"","ast-banner-title-visibility":"","ast-main-header-display":"","ast-hfb-above-header-display":"","ast-hfb-below-header-display":"","ast-hfb-mobile-header-display":"","site-post-title":"disabled","ast-breadcrumbs-content":"","ast-featured-img":"disabled","footer-sml-layout":"","ast-disable-related-posts":"","theme-transparent-header-meta":"","adv-header-id-meta":"","stick-header-meta":"","header-above-stick-meta":"","header-main-stick-meta":"","header-below-stick-meta":"","astra-migrate-meta-layouts":"default","ast-page-background-enabled":"default","ast-page-background-meta":{"desktop":{"background-color":"var(--ast-global-color-4)","background-image":"","background-repeat":"repeat","background-position":"center center","background-size":"auto","background-attachment":"scroll","background-type":"","background-media":"","overlay-type":"","overlay-color":"","overlay-opacity":"","overlay-gradient":""},"tablet":{"background-color":"","background-image":"","background-repeat":"repeat","background-position":"center center","background-size":"auto","background-attachment":"scroll","background-type":"","background-media":"","overlay-type":"","overlay-color":"","overlay-opacity":"","overlay-gradient":""},"mobile":{"background-color":"","background-image":"","background-repeat":"repeat","background-position":"center center","background-size":"auto","background-attachment":"scroll","background-type":"","background-media":"","overlay-type":"","overlay-color":"","overlay-opacity":"","overlay-gradient":""}},"ast-content-background-meta":{"desktop":{"background-color":"var(--ast-global-color-5)","background-image":"","background-repeat":"repeat","background-position":"center center","background-size":"auto","background-attachment":"scroll","background-type":"","background-media":"","overlay-type":"","overlay-color":"","overlay-opacity":"","overlay-gradient":""},"tablet":{"background-color":"var(--ast-global-color-5)","background-image":"","background-repeat":"repeat","background-position":"center center","background-size":"auto","background-attachment":"scroll","background-type":"","background-media":"","overlay-type":"","overlay-color":"","overlay-opacity":"","overlay-gradient":""},"mobile":{"background-color":"var(--ast-global-color-5)","background-image":"","background-repeat":"repeat","background-position":"center center","background-size":"auto","background-attachment":"scroll","background-type":"","background-media":"","overlay-type":"","overlay-color":"","overlay-opacity":"","overlay-gradient":""}},"iawp_total_views":187,"footnotes":""},"class_list":["post-1834","page","type-page","status-publish","hentry"],"yoast_head":"<!-- This site is optimized with the Yoast SEO plugin v27.0 - https:\/\/yoast.com\/product\/yoast-seo-wordpress\/ -->\n<title>Heinz-Peter - Mirnockh\u00fcter<\/title>\n<meta name=\"robots\" content=\"index, follow, max-snippet:-1, max-image-preview:large, max-video-preview:-1\" \/>\n<link rel=\"canonical\" href=\"https:\/\/www.mirnockhueter.com\/en\/heinz-peter\/\" \/>\n<meta property=\"og:locale\" content=\"en_GB\" \/>\n<meta property=\"og:type\" content=\"article\" \/>\n<meta property=\"og:title\" content=\"Heinz-Peter - Mirnockh\u00fcter\" \/>\n<meta property=\"og:description\" content=\"Heinz-Peter Moser RED SNAKE Schwitzh\u00fcttenleiter und Feuerh\u00fcter Pfeifentr\u00e4ger und angehender Sonnent\u00e4nzer Trommelbauer und indianische Handwerkskunst Trommel-, R\u00e4ucher-, Pfeifen- und Feuerzeremonien Ich bin seit 35 Jahren spirituell auf der Reise. Auf meinem Weg begegneten mir gro\u00dfe Heiler, Schamanen, Priester, starke spirituelle Pers\u00f6nlichkeiten. Sie leiteten und begleiteten mich und ich lernte von ihnen und wuchs. Danke! Das [&hellip;]\" \/>\n<meta property=\"og:url\" content=\"https:\/\/www.mirnockhueter.com\/en\/heinz-peter\/\" \/>\n<meta property=\"og:site_name\" content=\"Mirnockh\u00fcter\" \/>\n<meta property=\"article:publisher\" content=\"https:\/\/www.facebook.com\/mirnockhueter\/\" \/>\n<meta property=\"article:modified_time\" content=\"2023-09-03T11:56:21+00:00\" \/>\n<meta property=\"og:image\" content=\"https:\/\/www.mirnockhueter.com\/wp-content\/uploads\/2022\/05\/peter-e1663922754156-162x300.jpg\" \/>\n<meta name=\"twitter:card\" content=\"summary_large_image\" \/>\n<meta name=\"twitter:label1\" content=\"Estimated reading time\" \/>\n\t<meta name=\"twitter:data1\" content=\"1 minute\" \/>\n<script type=\"application\/ld+json\" class=\"yoast-schema-graph\">{\"@context\":\"https:\/\/schema.org\",\"@graph\":[{\"@type\":\"WebPage\",\"@id\":\"https:\/\/www.mirnockhueter.com\/heinz-peter\/\",\"url\":\"https:\/\/www.mirnockhueter.com\/heinz-peter\/\",\"name\":\"Heinz-Peter - Mirnockh\u00fcter\",\"isPartOf\":{\"@id\":\"https:\/\/www.mirnockhueter.com\/#website\"},\"primaryImageOfPage\":{\"@id\":\"https:\/\/www.mirnockhueter.com\/heinz-peter\/#primaryimage\"},\"image\":{\"@id\":\"https:\/\/www.mirnockhueter.com\/heinz-peter\/#primaryimage\"},\"thumbnailUrl\":\"https:\/\/www.mirnockhueter.com\/wp-content\/uploads\/2022\/05\/peter-e1663922754156-162x300.jpg\",\"datePublished\":\"2022-05-08T10:51:59+00:00\",\"dateModified\":\"2023-09-03T11:56:21+00:00\",\"breadcrumb\":{\"@id\":\"https:\/\/www.mirnockhueter.com\/heinz-peter\/#breadcrumb\"},\"inLanguage\":\"en-GB\",\"potentialAction\":[{\"@type\":\"ReadAction\",\"target\":[\"https:\/\/www.mirnockhueter.com\/heinz-peter\/\"]}]},{\"@type\":\"ImageObject\",\"inLanguage\":\"en-GB\",\"@id\":\"https:\/\/www.mirnockhueter.com\/heinz-peter\/#primaryimage\",\"url\":\"https:\/\/www.mirnockhueter.com\/wp-content\/uploads\/2022\/05\/peter-e1663922754156-162x300.jpg\",\"contentUrl\":\"https:\/\/www.mirnockhueter.com\/wp-content\/uploads\/2022\/05\/peter-e1663922754156-162x300.jpg\"},{\"@type\":\"BreadcrumbList\",\"@id\":\"https:\/\/www.mirnockhueter.com\/heinz-peter\/#breadcrumb\",\"itemListElement\":[{\"@type\":\"ListItem\",\"position\":1,\"name\":\"Startseite\",\"item\":\"https:\/\/www.mirnockhueter.com\/\"},{\"@type\":\"ListItem\",\"position\":2,\"name\":\"Heinz-Peter\"}]},{\"@type\":\"WebSite\",\"@id\":\"https:\/\/www.mirnockhueter.com\/#website\",\"url\":\"https:\/\/www.mirnockhueter.com\/\",\"name\":\"Mirnockh\u00fcter\",\"description\":\"Schwitzh\u00fctten am Kraftberg Mirnock in K\u00e4rnten\",\"publisher\":{\"@id\":\"https:\/\/www.mirnockhueter.com\/#organization\"},\"potentialAction\":[{\"@type\":\"SearchAction\",\"target\":{\"@type\":\"EntryPoint\",\"urlTemplate\":\"https:\/\/www.mirnockhueter.com\/?s={search_term_string}\"},\"query-input\":{\"@type\":\"PropertyValueSpecification\",\"valueRequired\":true,\"valueName\":\"search_term_string\"}}],\"inLanguage\":\"en-GB\"},{\"@type\":\"Organization\",\"@id\":\"https:\/\/www.mirnockhueter.com\/#organization\",\"name\":\"Mirnockh\u00fcter - -Schwitzh\u00fctten und Pfeifenrituale\",\"url\":\"https:\/\/www.mirnockhueter.com\/\",\"logo\":{\"@type\":\"ImageObject\",\"inLanguage\":\"en-GB\",\"@id\":\"https:\/\/www.mirnockhueter.com\/#\/schema\/logo\/image\/\",\"url\":\"https:\/\/www.mirnockhueter.com\/wp-content\/uploads\/2022\/05\/kraftplatz-mirnock.jpg\",\"contentUrl\":\"https:\/\/www.mirnockhueter.com\/wp-content\/uploads\/2022\/05\/kraftplatz-mirnock.jpg\",\"width\":1619,\"height\":1080,\"caption\":\"Mirnockh\u00fcter - -Schwitzh\u00fctten und Pfeifenrituale\"},\"image\":{\"@id\":\"https:\/\/www.mirnockhueter.com\/#\/schema\/logo\/image\/\"},\"sameAs\":[\"https:\/\/www.facebook.com\/mirnockhueter\/\"]}]}<\/script>\n<!-- \/ Yoast SEO plugin. -->","yoast_head_json":{"title":"Heinz-Peter - Mirnockh\u00fcter","robots":{"index":"index","follow":"follow","max-snippet":"max-snippet:-1","max-image-preview":"max-image-preview:large","max-video-preview":"max-video-preview:-1"},"canonical":"https:\/\/www.mirnockhueter.com\/en\/heinz-peter\/","og_locale":"en_GB","og_type":"article","og_title":"Heinz-Peter - Mirnockh\u00fcter","og_description":"Heinz-Peter Moser RED SNAKE Schwitzh\u00fcttenleiter und Feuerh\u00fcter Pfeifentr\u00e4ger und angehender Sonnent\u00e4nzer Trommelbauer und indianische Handwerkskunst Trommel-, R\u00e4ucher-, Pfeifen- und Feuerzeremonien Ich bin seit 35 Jahren spirituell auf der Reise. Auf meinem Weg begegneten mir gro\u00dfe Heiler, Schamanen, Priester, starke spirituelle Pers\u00f6nlichkeiten. Sie leiteten und begleiteten mich und ich lernte von ihnen und wuchs. Danke! Das [&hellip;]","og_url":"https:\/\/www.mirnockhueter.com\/en\/heinz-peter\/","og_site_name":"Mirnockh\u00fcter","article_publisher":"https:\/\/www.facebook.com\/mirnockhueter\/","article_modified_time":"2023-09-03T11:56:21+00:00","og_image":[{"url":"https:\/\/www.mirnockhueter.com\/wp-content\/uploads\/2022\/05\/peter-e1663922754156-162x300.jpg","type":"","width":"","height":""}],"twitter_card":"summary_large_image","twitter_misc":{"Estimated reading time":"1 minute"},"schema":{"@context":"https:\/\/schema.org","@graph":[{"@type":"WebPage","@id":"https:\/\/www.mirnockhueter.com\/heinz-peter\/","url":"https:\/\/www.mirnockhueter.com\/heinz-peter\/","name":"Heinz-Peter - Mirnockh\u00fcter","isPartOf":{"@id":"https:\/\/www.mirnockhueter.com\/#website"},"primaryImageOfPage":{"@id":"https:\/\/www.mirnockhueter.com\/heinz-peter\/#primaryimage"},"image":{"@id":"https:\/\/www.mirnockhueter.com\/heinz-peter\/#primaryimage"},"thumbnailUrl":"https:\/\/www.mirnockhueter.com\/wp-content\/uploads\/2022\/05\/peter-e1663922754156-162x300.jpg","datePublished":"2022-05-08T10:51:59+00:00","dateModified":"2023-09-03T11:56:21+00:00","breadcrumb":{"@id":"https:\/\/www.mirnockhueter.com\/heinz-peter\/#breadcrumb"},"inLanguage":"en-GB","potentialAction":[{"@type":"ReadAction","target":["https:\/\/www.mirnockhueter.com\/heinz-peter\/"]}]},{"@type":"ImageObject","inLanguage":"en-GB","@id":"https:\/\/www.mirnockhueter.com\/heinz-peter\/#primaryimage","url":"https:\/\/www.mirnockhueter.com\/wp-content\/uploads\/2022\/05\/peter-e1663922754156-162x300.jpg","contentUrl":"https:\/\/www.mirnockhueter.com\/wp-content\/uploads\/2022\/05\/peter-e1663922754156-162x300.jpg"},{"@type":"BreadcrumbList","@id":"https:\/\/www.mirnockhueter.com\/heinz-peter\/#breadcrumb","itemListElement":[{"@type":"ListItem","position":1,"name":"Startseite","item":"https:\/\/www.mirnockhueter.com\/"},{"@type":"ListItem","position":2,"name":"Heinz-Peter"}]},{"@type":"WebSite","@id":"https:\/\/www.mirnockhueter.com\/#website","url":"https:\/\/www.mirnockhueter.com\/","name":"Mirnock guardian","description":"Sweat lodges on the Mirnock power mountain in Carinthia","publisher":{"@id":"https:\/\/www.mirnockhueter.com\/#organization"},"potentialAction":[{"@type":"SearchAction","target":{"@type":"EntryPoint","urlTemplate":"https:\/\/www.mirnockhueter.com\/?s={search_term_string}"},"query-input":{"@type":"PropertyValueSpecification","valueRequired":true,"valueName":"search_term_string"}}],"inLanguage":"en-GB"},{"@type":"Organization","@id":"https:\/\/www.mirnockhueter.com\/#organization","name":"Mirnockh\u00fcter - sweat lodges and pipe rituals","url":"https:\/\/www.mirnockhueter.com\/","logo":{"@type":"ImageObject","inLanguage":"en-GB","@id":"https:\/\/www.mirnockhueter.com\/#\/schema\/logo\/image\/","url":"https:\/\/www.mirnockhueter.com\/wp-content\/uploads\/2022\/05\/kraftplatz-mirnock.jpg","contentUrl":"https:\/\/www.mirnockhueter.com\/wp-content\/uploads\/2022\/05\/kraftplatz-mirnock.jpg","width":1619,"height":1080,"caption":"Mirnockh\u00fcter - -Schwitzh\u00fctten und Pfeifenrituale"},"image":{"@id":"https:\/\/www.mirnockhueter.com\/#\/schema\/logo\/image\/"},"sameAs":["https:\/\/www.facebook.com\/mirnockhueter\/"]}]}},"_links":{"self":[{"href":"https:\/\/www.mirnockhueter.com\/en\/wp-json\/wp\/v2\/pages\/1834","targetHints":{"allow":["GET"]}}],"collection":[{"href":"https:\/\/www.mirnockhueter.com\/en\/wp-json\/wp\/v2\/pages"}],"about":[{"href":"https:\/\/www.mirnockhueter.com\/en\/wp-json\/wp\/v2\/types\/page"}],"author":[{"embeddable":true,"href":"https:\/\/www.mirnockhueter.com\/en\/wp-json\/wp\/v2\/users\/1"}],"replies":[{"embeddable":true,"href":"https:\/\/www.mirnockhueter.com\/en\/wp-json\/wp\/v2\/comments?post=1834"}],"version-history":[{"count":37,"href":"https:\/\/www.mirnockhueter.com\/en\/wp-json\/wp\/v2\/pages\/1834\/revisions"}],"predecessor-version":[{"id":7308,"href":"https:\/\/www.mirnockhueter.com\/en\/wp-json\/wp\/v2\/pages\/1834\/revisions\/7308"}],"wp:attachment":[{"href":"https:\/\/www.mirnockhueter.com\/en\/wp-json\/wp\/v2\/media?parent=1834"}],"curies":[{"name":"wp","href":"https:\/\/api.w.org\/{rel}","templated":true}]}}