{"id":1793,"date":"2022-05-08T11:55:31","date_gmt":"2022-05-08T09:55:31","guid":{"rendered":"http:\/\/mirnockhueter.markus-shiatsu.at\/?page_id=1793"},"modified":"2022-08-20T18:52:27","modified_gmt":"2022-08-20T16:52:27","slug":"slow-trail-information","status":"publish","type":"page","link":"https:\/\/www.mirnockhueter.com\/en\/slow-trail-information\/","title":{"rendered":"Slow Trail Information"},"content":{"rendered":"<div data-elementor-type=\"wp-page\" data-elementor-id=\"1793\" class=\"elementor elementor-1793\">\n\t\t\t\t\t\t<section class=\"elementor-section elementor-top-section elementor-element elementor-element-548dd7b elementor-section-boxed elementor-section-height-default elementor-section-height-default\" data-id=\"548dd7b\" data-element_type=\"section\" data-e-type=\"section\" data-settings=\"{&quot;background_background&quot;:&quot;classic&quot;}\">\n\t\t\t\t\t\t\t<div class=\"elementor-background-overlay\"><\/div>\n\t\t\t\t\t\t\t<div class=\"elementor-container elementor-column-gap-default\">\n\t\t\t\t\t<div class=\"elementor-column elementor-col-100 elementor-top-column elementor-element elementor-element-9dd05e1\" data-id=\"9dd05e1\" data-element_type=\"column\" data-e-type=\"column\">\n\t\t\t<div class=\"elementor-widget-wrap elementor-element-populated\">\n\t\t\t\t\t\t<div class=\"elementor-element elementor-element-aff9f25 elementor-widget elementor-widget-text-editor\" data-id=\"aff9f25\" data-element_type=\"widget\" data-e-type=\"widget\" data-widget_type=\"text-editor.default\">\n\t\t\t\t<div class=\"elementor-widget-container\">\n\t\t\t\t\t\t\t\t\t<div class=\"n module-type-header diyfeLiveArea\"><h1 style=\"text-align: center;\"><span class=\"diyfeDecoration\">Slow Trail Information<\/span><\/h1><\/div><div class=\"n module-type-text diyfeLiveArea\"><p dir=\"ltr\"><strong>Indian power place<\/strong> at the Bergfriedh\u00fctte :<\/p><p dir=\"ltr\">A unique\u00a0<strong>geomantic power place\u00a0<\/strong>with the energy field and the water sources of the Mirnock can be found here at the Bergfriedh\u00fctte am Gschriet.<\/p><p dir=\"ltr\">In addition to the beautiful view of Lake Millstatt, every hiker can utilise the tranquillity and energy of the place for meditation, yoga, breathing exercises and prayers to find harmony and peace within.<\/p><p dir=\"ltr\">With the\u00a0<strong>Healing knowledge and wisdom from shamans<\/strong>\u00a0from North and South America have been using the \u201e<strong>Mirnock guardian<\/strong>\u201c with ancient Indian ceremonies in this tranquil place, the balanced energy fields of the Mirnock. The Mirnock is located exactly at the intersection of two power lines (leylines), the monastery line and the thermal line, where, according to a study by Dr Diethard Stelzl, the male and female energy fields complement each other perfectly.<\/p><p dir=\"ltr\">The Indian power place is aligned exactly in the east-west axis from the mountain to the lake. Together with the<strong>\u00a0Medicine wheel<\/strong>\u00a0from several<strong>\u00a0Stone circles<\/strong>\u00a0the knowledge of the Lakota, Egyptians and Celts about various cosmic cycles (earth, sun, moon, planets), the Celtic annual cycle and the signs of the zodiac.<\/p><p dir=\"ltr\">The\u00a0<strong>Sweat lodge square<\/strong>\u00a0with a semicircular dome made of hazelnut rods, a pipe altar, a fire place and a moon altar is used for Native American ceremonies.<strong>\u00a0Healing ceremonies<\/strong>\u00a0(sweat baths), fire and pipe rituals. The participants sit in a circle in the dome covered with blankets in the dark womb of the earth mother and are cleansed in the \u201eInipi ceremony\u201c with healing songs, drums and rattles with the energy of the hot stones, applied herbs and the steam of the spring water. This ancient ceremony helps us to cleanse body, mind and soul, to let go of old and negative things, to become open to new realisations and visions, and to pray for inner peace for ourselves and others.<\/p><p dir=\"ltr\">For the indigenous peoples, the sweat lodge was and is a kind of \u201e<strong>Church in nature<\/strong>\u201c to connect with the spirits and ancestors, to stay healthy, to heal the sick, to find one's own truth, to live in harmony with nature, to pray for oneself and others and to protect Mother Earth for the next seven generations.<\/p><p dir=\"ltr\">We Mirnock guardians therefore ask hikers on the \u201eSlow Trail\u201c to visit the Indian power place with\u00a0<strong>Respect<\/strong>\u00a0for the \u201eold knowledge\u201c and to utilise the energies of the place for yourself.<\/p><p dir=\"ltr\">MITAKUYE OYASIN (we are connected to everything)<\/p><p dir=\"ltr\">The \u201eMirnock guardians\u201c<\/p><p dir=\"ltr\">\u00a0<\/p><\/div>\t\t\t\t\t\t\t\t<\/div>\n\t\t\t\t<\/div>\n\t\t\t\t\t<\/div>\n\t\t<\/div>\n\t\t\t\t\t<\/div>\n\t\t<\/section>\n\t\t\t\t<\/div>","protected":false},"excerpt":{"rendered":"<p>Slow Trail Information Indianischer Kraftplatz bei der Bergfriedh\u00fctte : Einen einzigartigen\u00a0geomantischen Kraftplatz\u00a0mit dem Energiefeld und den Wasserquellen des Mirnock finden sie hier bei der Bergfriedh\u00fctte am Gschriet. Jeder Wanderer kann selber neben der sch\u00f6nen Aussicht auf den Millst\u00e4ttersee die Ruhe und Energie des Platzes auch f\u00fcr Meditationen, Yoga, Atem\u00fcbungen und Gebete nutzen, um Harmonie und [&hellip;]<\/p>\n","protected":false},"author":1,"featured_media":0,"parent":0,"menu_order":0,"comment_status":"closed","ping_status":"closed","template":"","meta":{"site-sidebar-layout":"no-sidebar","site-content-layout":"page-builder","ast-site-content-layout":"default","site-content-style":"default","site-sidebar-style":"default","ast-global-header-display":"","ast-banner-title-visibility":"","ast-main-header-display":"","ast-hfb-above-header-display":"","ast-hfb-below-header-display":"","ast-hfb-mobile-header-display":"","site-post-title":"disabled","ast-breadcrumbs-content":"","ast-featured-img":"disabled","footer-sml-layout":"","ast-disable-related-posts":"","theme-transparent-header-meta":"","adv-header-id-meta":"","stick-header-meta":"","header-above-stick-meta":"","header-main-stick-meta":"","header-below-stick-meta":"","astra-migrate-meta-layouts":"default","ast-page-background-enabled":"default","ast-page-background-meta":{"desktop":{"background-color":"var(--ast-global-color-4)","background-image":"","background-repeat":"repeat","background-position":"center center","background-size":"auto","background-attachment":"scroll","background-type":"","background-media":"","overlay-type":"","overlay-color":"","overlay-opacity":"","overlay-gradient":""},"tablet":{"background-color":"","background-image":"","background-repeat":"repeat","background-position":"center center","background-size":"auto","background-attachment":"scroll","background-type":"","background-media":"","overlay-type":"","overlay-color":"","overlay-opacity":"","overlay-gradient":""},"mobile":{"background-color":"","background-image":"","background-repeat":"repeat","background-position":"center center","background-size":"auto","background-attachment":"scroll","background-type":"","background-media":"","overlay-type":"","overlay-color":"","overlay-opacity":"","overlay-gradient":""}},"ast-content-background-meta":{"desktop":{"background-color":"var(--ast-global-color-5)","background-image":"","background-repeat":"repeat","background-position":"center center","background-size":"auto","background-attachment":"scroll","background-type":"","background-media":"","overlay-type":"","overlay-color":"","overlay-opacity":"","overlay-gradient":""},"tablet":{"background-color":"var(--ast-global-color-5)","background-image":"","background-repeat":"repeat","background-position":"center center","background-size":"auto","background-attachment":"scroll","background-type":"","background-media":"","overlay-type":"","overlay-color":"","overlay-opacity":"","overlay-gradient":""},"mobile":{"background-color":"var(--ast-global-color-5)","background-image":"","background-repeat":"repeat","background-position":"center center","background-size":"auto","background-attachment":"scroll","background-type":"","background-media":"","overlay-type":"","overlay-color":"","overlay-opacity":"","overlay-gradient":""}},"iawp_total_views":57,"footnotes":""},"class_list":["post-1793","page","type-page","status-publish","hentry"],"yoast_head":"<!-- This site is optimized with the Yoast SEO plugin v27.0 - https:\/\/yoast.com\/product\/yoast-seo-wordpress\/ -->\n<title>Slow Trail Information - Mirnockh\u00fcter<\/title>\n<meta name=\"robots\" content=\"index, follow, max-snippet:-1, max-image-preview:large, max-video-preview:-1\" \/>\n<link rel=\"canonical\" href=\"https:\/\/www.mirnockhueter.com\/en\/slow-trail-information\/\" \/>\n<meta property=\"og:locale\" content=\"en_GB\" \/>\n<meta property=\"og:type\" content=\"article\" \/>\n<meta property=\"og:title\" content=\"Slow Trail Information - Mirnockh\u00fcter\" \/>\n<meta property=\"og:description\" content=\"Slow Trail Information Indianischer Kraftplatz bei der Bergfriedh\u00fctte : Einen einzigartigen\u00a0geomantischen Kraftplatz\u00a0mit dem Energiefeld und den Wasserquellen des Mirnock finden sie hier bei der Bergfriedh\u00fctte am Gschriet. Jeder Wanderer kann selber neben der sch\u00f6nen Aussicht auf den Millst\u00e4ttersee die Ruhe und Energie des Platzes auch f\u00fcr Meditationen, Yoga, Atem\u00fcbungen und Gebete nutzen, um Harmonie und [&hellip;]\" \/>\n<meta property=\"og:url\" content=\"https:\/\/www.mirnockhueter.com\/en\/slow-trail-information\/\" \/>\n<meta property=\"og:site_name\" content=\"Mirnockh\u00fcter\" \/>\n<meta property=\"article:publisher\" content=\"https:\/\/www.facebook.com\/mirnockhueter\/\" \/>\n<meta property=\"article:modified_time\" content=\"2022-08-20T16:52:27+00:00\" \/>\n<meta property=\"og:image\" content=\"https:\/\/www.mirnockhueter.com\/wp-content\/uploads\/2022\/08\/Schwitzhuette-aus-der-Luft.jpg\" \/>\n\t<meta property=\"og:image:width\" content=\"2000\" \/>\n\t<meta property=\"og:image:height\" content=\"1125\" \/>\n\t<meta property=\"og:image:type\" content=\"image\/jpeg\" \/>\n<meta name=\"twitter:card\" content=\"summary_large_image\" \/>\n<meta name=\"twitter:label1\" content=\"Estimated reading time\" \/>\n\t<meta name=\"twitter:data1\" content=\"2 minutes\" \/>\n<script type=\"application\/ld+json\" class=\"yoast-schema-graph\">{\"@context\":\"https:\/\/schema.org\",\"@graph\":[{\"@type\":\"WebPage\",\"@id\":\"https:\/\/www.mirnockhueter.com\/slow-trail-information\/\",\"url\":\"https:\/\/www.mirnockhueter.com\/slow-trail-information\/\",\"name\":\"Slow Trail Information - Mirnockh\u00fcter\",\"isPartOf\":{\"@id\":\"https:\/\/www.mirnockhueter.com\/#website\"},\"datePublished\":\"2022-05-08T09:55:31+00:00\",\"dateModified\":\"2022-08-20T16:52:27+00:00\",\"breadcrumb\":{\"@id\":\"https:\/\/www.mirnockhueter.com\/slow-trail-information\/#breadcrumb\"},\"inLanguage\":\"en-GB\",\"potentialAction\":[{\"@type\":\"ReadAction\",\"target\":[\"https:\/\/www.mirnockhueter.com\/slow-trail-information\/\"]}]},{\"@type\":\"BreadcrumbList\",\"@id\":\"https:\/\/www.mirnockhueter.com\/slow-trail-information\/#breadcrumb\",\"itemListElement\":[{\"@type\":\"ListItem\",\"position\":1,\"name\":\"Startseite\",\"item\":\"https:\/\/www.mirnockhueter.com\/\"},{\"@type\":\"ListItem\",\"position\":2,\"name\":\"Slow Trail Information\"}]},{\"@type\":\"WebSite\",\"@id\":\"https:\/\/www.mirnockhueter.com\/#website\",\"url\":\"https:\/\/www.mirnockhueter.com\/\",\"name\":\"Mirnockh\u00fcter\",\"description\":\"Schwitzh\u00fctten am Kraftberg Mirnock in K\u00e4rnten\",\"publisher\":{\"@id\":\"https:\/\/www.mirnockhueter.com\/#organization\"},\"potentialAction\":[{\"@type\":\"SearchAction\",\"target\":{\"@type\":\"EntryPoint\",\"urlTemplate\":\"https:\/\/www.mirnockhueter.com\/?s={search_term_string}\"},\"query-input\":{\"@type\":\"PropertyValueSpecification\",\"valueRequired\":true,\"valueName\":\"search_term_string\"}}],\"inLanguage\":\"en-GB\"},{\"@type\":\"Organization\",\"@id\":\"https:\/\/www.mirnockhueter.com\/#organization\",\"name\":\"Mirnockh\u00fcter - -Schwitzh\u00fctten und Pfeifenrituale\",\"url\":\"https:\/\/www.mirnockhueter.com\/\",\"logo\":{\"@type\":\"ImageObject\",\"inLanguage\":\"en-GB\",\"@id\":\"https:\/\/www.mirnockhueter.com\/#\/schema\/logo\/image\/\",\"url\":\"https:\/\/www.mirnockhueter.com\/wp-content\/uploads\/2022\/05\/kraftplatz-mirnock.jpg\",\"contentUrl\":\"https:\/\/www.mirnockhueter.com\/wp-content\/uploads\/2022\/05\/kraftplatz-mirnock.jpg\",\"width\":1619,\"height\":1080,\"caption\":\"Mirnockh\u00fcter - -Schwitzh\u00fctten und Pfeifenrituale\"},\"image\":{\"@id\":\"https:\/\/www.mirnockhueter.com\/#\/schema\/logo\/image\/\"},\"sameAs\":[\"https:\/\/www.facebook.com\/mirnockhueter\/\"]}]}<\/script>\n<!-- \/ Yoast SEO plugin. -->","yoast_head_json":{"title":"Slow Trail Information - Mirnockh\u00fcter","robots":{"index":"index","follow":"follow","max-snippet":"max-snippet:-1","max-image-preview":"max-image-preview:large","max-video-preview":"max-video-preview:-1"},"canonical":"https:\/\/www.mirnockhueter.com\/en\/slow-trail-information\/","og_locale":"en_GB","og_type":"article","og_title":"Slow Trail Information - Mirnockh\u00fcter","og_description":"Slow Trail Information Indianischer Kraftplatz bei der Bergfriedh\u00fctte : Einen einzigartigen\u00a0geomantischen Kraftplatz\u00a0mit dem Energiefeld und den Wasserquellen des Mirnock finden sie hier bei der Bergfriedh\u00fctte am Gschriet. Jeder Wanderer kann selber neben der sch\u00f6nen Aussicht auf den Millst\u00e4ttersee die Ruhe und Energie des Platzes auch f\u00fcr Meditationen, Yoga, Atem\u00fcbungen und Gebete nutzen, um Harmonie und [&hellip;]","og_url":"https:\/\/www.mirnockhueter.com\/en\/slow-trail-information\/","og_site_name":"Mirnockh\u00fcter","article_publisher":"https:\/\/www.facebook.com\/mirnockhueter\/","article_modified_time":"2022-08-20T16:52:27+00:00","og_image":[{"width":2000,"height":1125,"url":"https:\/\/www.mirnockhueter.com\/wp-content\/uploads\/2022\/08\/Schwitzhuette-aus-der-Luft.jpg","type":"image\/jpeg"}],"twitter_card":"summary_large_image","twitter_misc":{"Estimated reading time":"2 minutes"},"schema":{"@context":"https:\/\/schema.org","@graph":[{"@type":"WebPage","@id":"https:\/\/www.mirnockhueter.com\/slow-trail-information\/","url":"https:\/\/www.mirnockhueter.com\/slow-trail-information\/","name":"Slow Trail Information - Mirnockh\u00fcter","isPartOf":{"@id":"https:\/\/www.mirnockhueter.com\/#website"},"datePublished":"2022-05-08T09:55:31+00:00","dateModified":"2022-08-20T16:52:27+00:00","breadcrumb":{"@id":"https:\/\/www.mirnockhueter.com\/slow-trail-information\/#breadcrumb"},"inLanguage":"en-GB","potentialAction":[{"@type":"ReadAction","target":["https:\/\/www.mirnockhueter.com\/slow-trail-information\/"]}]},{"@type":"BreadcrumbList","@id":"https:\/\/www.mirnockhueter.com\/slow-trail-information\/#breadcrumb","itemListElement":[{"@type":"ListItem","position":1,"name":"Startseite","item":"https:\/\/www.mirnockhueter.com\/"},{"@type":"ListItem","position":2,"name":"Slow Trail Information"}]},{"@type":"WebSite","@id":"https:\/\/www.mirnockhueter.com\/#website","url":"https:\/\/www.mirnockhueter.com\/","name":"Mirnock guardian","description":"Sweat lodges on the Mirnock power mountain in Carinthia","publisher":{"@id":"https:\/\/www.mirnockhueter.com\/#organization"},"potentialAction":[{"@type":"SearchAction","target":{"@type":"EntryPoint","urlTemplate":"https:\/\/www.mirnockhueter.com\/?s={search_term_string}"},"query-input":{"@type":"PropertyValueSpecification","valueRequired":true,"valueName":"search_term_string"}}],"inLanguage":"en-GB"},{"@type":"Organization","@id":"https:\/\/www.mirnockhueter.com\/#organization","name":"Mirnockh\u00fcter - sweat lodges and pipe rituals","url":"https:\/\/www.mirnockhueter.com\/","logo":{"@type":"ImageObject","inLanguage":"en-GB","@id":"https:\/\/www.mirnockhueter.com\/#\/schema\/logo\/image\/","url":"https:\/\/www.mirnockhueter.com\/wp-content\/uploads\/2022\/05\/kraftplatz-mirnock.jpg","contentUrl":"https:\/\/www.mirnockhueter.com\/wp-content\/uploads\/2022\/05\/kraftplatz-mirnock.jpg","width":1619,"height":1080,"caption":"Mirnockh\u00fcter - -Schwitzh\u00fctten und Pfeifenrituale"},"image":{"@id":"https:\/\/www.mirnockhueter.com\/#\/schema\/logo\/image\/"},"sameAs":["https:\/\/www.facebook.com\/mirnockhueter\/"]}]}},"_links":{"self":[{"href":"https:\/\/www.mirnockhueter.com\/en\/wp-json\/wp\/v2\/pages\/1793","targetHints":{"allow":["GET"]}}],"collection":[{"href":"https:\/\/www.mirnockhueter.com\/en\/wp-json\/wp\/v2\/pages"}],"about":[{"href":"https:\/\/www.mirnockhueter.com\/en\/wp-json\/wp\/v2\/types\/page"}],"author":[{"embeddable":true,"href":"https:\/\/www.mirnockhueter.com\/en\/wp-json\/wp\/v2\/users\/1"}],"replies":[{"embeddable":true,"href":"https:\/\/www.mirnockhueter.com\/en\/wp-json\/wp\/v2\/comments?post=1793"}],"version-history":[{"count":16,"href":"https:\/\/www.mirnockhueter.com\/en\/wp-json\/wp\/v2\/pages\/1793\/revisions"}],"predecessor-version":[{"id":5093,"href":"https:\/\/www.mirnockhueter.com\/en\/wp-json\/wp\/v2\/pages\/1793\/revisions\/5093"}],"wp:attachment":[{"href":"https:\/\/www.mirnockhueter.com\/en\/wp-json\/wp\/v2\/media?parent=1793"}],"curies":[{"name":"wp","href":"https:\/\/api.w.org\/{rel}","templated":true}]}}