{"id":1789,"date":"2022-05-08T11:54:44","date_gmt":"2022-05-08T09:54:44","guid":{"rendered":"http:\/\/mirnockhueter.markus-shiatsu.at\/?page_id=1789"},"modified":"2025-09-26T17:16:13","modified_gmt":"2025-09-26T15:16:13","slug":"bergwanderungen-mit-lamas","status":"publish","type":"page","link":"https:\/\/www.mirnockhueter.com\/en\/bergwanderungen-mit-lamas\/","title":{"rendered":"Mountain hikes with llamas"},"content":{"rendered":"<div data-elementor-type=\"wp-page\" data-elementor-id=\"1789\" class=\"elementor elementor-1789\">\n\t\t\t\t\t\t<section class=\"elementor-section elementor-top-section elementor-element elementor-element-0be6a23 elementor-section-boxed elementor-section-height-default elementor-section-height-default\" data-id=\"0be6a23\" data-element_type=\"section\" data-e-type=\"section\">\n\t\t\t\t\t\t<div class=\"elementor-container elementor-column-gap-default\">\n\t\t\t\t\t<div class=\"elementor-column elementor-col-100 elementor-top-column elementor-element elementor-element-76fe6a3\" data-id=\"76fe6a3\" data-element_type=\"column\" data-e-type=\"column\">\n\t\t\t<div class=\"elementor-widget-wrap elementor-element-populated\">\n\t\t\t\t\t\t<div class=\"elementor-element elementor-element-5d9a441 elementor-widget elementor-widget-image\" data-id=\"5d9a441\" data-element_type=\"widget\" data-e-type=\"widget\" data-widget_type=\"image.default\">\n\t\t\t\t<div class=\"elementor-widget-container\">\n\t\t\t\t\t\t\t\t\t\t\t\t\t\t\t<img fetchpriority=\"high\" decoding=\"async\" width=\"768\" height=\"512\" src=\"https:\/\/www.mirnockhueter.com\/wp-content\/uploads\/2022\/05\/Lamatour-Schwarzsee-768x512.jpg\" class=\"attachment-medium_large size-medium_large wp-image-1507\" alt=\"Lamatour Schwarzsee\" srcset=\"https:\/\/www.mirnockhueter.com\/wp-content\/uploads\/2022\/05\/Lamatour-Schwarzsee-768x512.jpg 768w, https:\/\/www.mirnockhueter.com\/wp-content\/uploads\/2022\/05\/Lamatour-Schwarzsee-300x200.jpg 300w, https:\/\/www.mirnockhueter.com\/wp-content\/uploads\/2022\/05\/Lamatour-Schwarzsee-1024x683.jpg 1024w, https:\/\/www.mirnockhueter.com\/wp-content\/uploads\/2022\/05\/Lamatour-Schwarzsee-1536x1024.jpg 1536w, https:\/\/www.mirnockhueter.com\/wp-content\/uploads\/2022\/05\/Lamatour-Schwarzsee.jpg 1620w\" sizes=\"(max-width: 768px) 100vw, 768px\" \/>\t\t\t\t\t\t\t\t\t\t\t\t\t\t\t<\/div>\n\t\t\t\t<\/div>\n\t\t\t\t\t<\/div>\n\t\t<\/div>\n\t\t\t\t\t<\/div>\n\t\t<\/section>\n\t\t\t\t<section class=\"elementor-section elementor-top-section elementor-element elementor-element-d81e6b1 elementor-section-boxed elementor-section-height-default elementor-section-height-default\" data-id=\"d81e6b1\" data-element_type=\"section\" data-e-type=\"section\">\n\t\t\t\t\t\t<div class=\"elementor-container elementor-column-gap-default\">\n\t\t\t\t\t<div class=\"elementor-column elementor-col-100 elementor-top-column elementor-element elementor-element-b3f04ae\" data-id=\"b3f04ae\" data-element_type=\"column\" data-e-type=\"column\">\n\t\t\t<div class=\"elementor-widget-wrap elementor-element-populated\">\n\t\t\t\t\t\t<div class=\"elementor-element elementor-element-91f7a0c elementor-widget elementor-widget-text-editor\" data-id=\"91f7a0c\" data-element_type=\"widget\" data-e-type=\"widget\" data-widget_type=\"text-editor.default\">\n\t\t\t\t<div class=\"elementor-widget-container\">\n\t\t\t\t\t\t\t\t\t<p>MOUNTAIN HIKES<strong>:<\/strong><\/p>\n<p><span style=\"font-style: inherit; font-weight: inherit;\">The popular llama tours have now moved on to their successor<\/span><\/p>\n<p>More information on: <a href=\"https:\/\/www.lamatour.at\/\" target=\"_blank\" rel=\"noopener\">lamatour.at<\/a><em>;<\/em>&nbsp;&nbsp;<\/p>\n<p>Rudi's successor with the llamas:<\/p>\n<p>S<span style=\"background-color: transparent; font-family: brandon-grot-w01-light, brandon-grot-w05-light, sans-serif; color: rgb(var(--color_15)); font-size: 15px; font-style: inherit; font-weight: inherit; letter-spacing: 0em; text-align: center;\">tefanie F\u00f6ssl<\/span><\/p>\n<p><span style=\"background-color: transparent; font-family: brandon-grot-w01-light, brandon-grot-w05-light, sans-serif; color: rgb(var(--color_15)); font-size: 15px; font-style: inherit; font-weight: inherit; letter-spacing: 0em; text-align: center;\">Kleblach 80, 9753 Kleblach Lind<\/span><\/p>\n<p><a style=\"background-image: initial; background-position: initial; background-size: initial; background-repeat: initial; background-attachment: initial; background-origin: initial; background-clip: initial; font-family: brandon-grot-w01-light, brandon-grot-w05-light, sans-serif; font-size: 15px; font-style: inherit; font-weight: inherit; letter-spacing: 0em; text-align: center; border: 0px; margin: 0px; outline: 0px; padding: 0px; vertical-align: baseline; cursor: pointer; text-decoration-line: none;\" href=\"mailto:stefanie.foessl@gmail.com\" data-auto-recognition=\"true\">stefanie.foessl@gmail.com<\/a><\/p>\n<p><span style=\"background-color: transparent; font-family: brandon-grot-w01-light, brandon-grot-w05-light, sans-serif; color: rgb(var(--color_15)); font-size: 15px; font-style: inherit; font-weight: inherit; letter-spacing: 0em; text-align: center;\">06641144225<\/span><\/p>\n<p><span style=\"background-color: transparent; font-family: brandon-grot-w01-light, brandon-grot-w05-light, sans-serif; color: rgb(var(--color_15)); font-size: 15px; font-style: inherit; font-weight: inherit; letter-spacing: 0em; text-align: center;\">&nbsp;<\/span><\/p>\n<p><strong>SUNRISE HIKES:<\/strong><\/p>\n<p>In the summer months, we will also hike with you at night from mountain pastures (e.g. Wieseralm) to the summit of the Mirnock until dawn to meditate there before sunrise and worship the power of the rising sun (Taita Inti) and the Creator God (Wiracocha) and Mother Earth (Pacha Mama) with sun prayers, rattles and drums, just like the Incas.<\/p>\n<p><strong>MEDICAL HIKES:<\/strong><\/p>\n<p>On hikes lasting two or more days, for example, we can hike from the \u201eSchwarzseeh\u00fctte\u201c from Verditz over the Palnock to the Rindernock and the main summit of the Mirnock and then down to the Gschriet and Millst\u00e4ttersee.&nbsp;<strong>Places of power and healing springs<\/strong>&nbsp;of the Mirnock and connect with the energies and mountain chakras of the Mirnock while walking barefoot and meditating.<\/p>\t\t\t\t\t\t\t\t<\/div>\n\t\t\t\t<\/div>\n\t\t\t\t\t<\/div>\n\t\t<\/div>\n\t\t\t\t\t<\/div>\n\t\t<\/section>\n\t\t\t\t<section class=\"elementor-section elementor-top-section elementor-element elementor-element-649b797 elementor-section-boxed elementor-section-height-default elementor-section-height-default\" data-id=\"649b797\" data-element_type=\"section\" data-e-type=\"section\">\n\t\t\t\t\t\t<div class=\"elementor-container elementor-column-gap-default\">\n\t\t\t\t\t<div class=\"elementor-column elementor-col-100 elementor-top-column elementor-element elementor-element-3819243\" data-id=\"3819243\" data-element_type=\"column\" data-e-type=\"column\">\n\t\t\t<div class=\"elementor-widget-wrap elementor-element-populated\">\n\t\t\t\t\t\t<div class=\"elementor-element elementor-element-a9da04a elementor-align-center elementor-widget elementor-widget-button\" data-id=\"a9da04a\" data-element_type=\"widget\" data-e-type=\"widget\" data-widget_type=\"button.default\">\n\t\t\t\t<div class=\"elementor-widget-container\">\n\t\t\t\t\t\t\t\t\t<div class=\"elementor-button-wrapper\">\n\t\t\t\t\t<a class=\"elementor-button elementor-button-link elementor-size-sm\" href=\"https:\/\/www.lamatour.at\/\">\n\t\t\t\t\t\t<span class=\"elementor-button-content-wrapper\">\n\t\t\t\t\t\t\t\t\t<span class=\"elementor-button-text\">Lamatour Homepage<\/span>\n\t\t\t\t\t<\/span>\n\t\t\t\t\t<\/a>\n\t\t\t\t<\/div>\n\t\t\t\t\t\t\t\t<\/div>\n\t\t\t\t<\/div>\n\t\t\t\t\t<\/div>\n\t\t<\/div>\n\t\t\t\t\t<\/div>\n\t\t<\/section>\n\t\t\t\t<\/div>","protected":false},"excerpt":{"rendered":"<p>BERGWANDERUNGEN: Die beliebten Lamatouren sind jetzt zur Nachfolgerin \u00fcbergegangen N\u00e4here Infos auf: lamatour.at;&nbsp;&nbsp; Nachfolgerin von Rudi mit den Lamas ist: Stefanie F\u00f6ssl Kleblach 80, 9753 Kleblach Lind stefanie.foessl@gmail.com 06641144225 &nbsp; WANDERUNGEN &nbsp;ZUM &nbsp;SONNENAUFGANG: Auch werden wir mit Euch in den Sommermonaten zur Nachtzeit von Almen (z.B. Wieseralm) bis zum Morgengrauen zum Gipfel des Mirnock wandern, [&hellip;]<\/p>\n","protected":false},"author":1,"featured_media":0,"parent":0,"menu_order":0,"comment_status":"closed","ping_status":"closed","template":"","meta":{"site-sidebar-layout":"no-sidebar","site-content-layout":"page-builder","ast-site-content-layout":"default","site-content-style":"default","site-sidebar-style":"default","ast-global-header-display":"","ast-banner-title-visibility":"","ast-main-header-display":"","ast-hfb-above-header-display":"","ast-hfb-below-header-display":"","ast-hfb-mobile-header-display":"","site-post-title":"disabled","ast-breadcrumbs-content":"","ast-featured-img":"disabled","footer-sml-layout":"","ast-disable-related-posts":"","theme-transparent-header-meta":"","adv-header-id-meta":"","stick-header-meta":"","header-above-stick-meta":"","header-main-stick-meta":"","header-below-stick-meta":"","astra-migrate-meta-layouts":"default","ast-page-background-enabled":"default","ast-page-background-meta":{"desktop":{"background-color":"var(--ast-global-color-4)","background-image":"","background-repeat":"repeat","background-position":"center center","background-size":"auto","background-attachment":"scroll","background-type":"","background-media":"","overlay-type":"","overlay-color":"","overlay-opacity":"","overlay-gradient":""},"tablet":{"background-color":"","background-image":"","background-repeat":"repeat","background-position":"center center","background-size":"auto","background-attachment":"scroll","background-type":"","background-media":"","overlay-type":"","overlay-color":"","overlay-opacity":"","overlay-gradient":""},"mobile":{"background-color":"","background-image":"","background-repeat":"repeat","background-position":"center center","background-size":"auto","background-attachment":"scroll","background-type":"","background-media":"","overlay-type":"","overlay-color":"","overlay-opacity":"","overlay-gradient":""}},"ast-content-background-meta":{"desktop":{"background-color":"var(--ast-global-color-5)","background-image":"","background-repeat":"repeat","background-position":"center center","background-size":"auto","background-attachment":"scroll","background-type":"","background-media":"","overlay-type":"","overlay-color":"","overlay-opacity":"","overlay-gradient":""},"tablet":{"background-color":"var(--ast-global-color-5)","background-image":"","background-repeat":"repeat","background-position":"center center","background-size":"auto","background-attachment":"scroll","background-type":"","background-media":"","overlay-type":"","overlay-color":"","overlay-opacity":"","overlay-gradient":""},"mobile":{"background-color":"var(--ast-global-color-5)","background-image":"","background-repeat":"repeat","background-position":"center center","background-size":"auto","background-attachment":"scroll","background-type":"","background-media":"","overlay-type":"","overlay-color":"","overlay-opacity":"","overlay-gradient":""}},"iawp_total_views":51,"footnotes":""},"class_list":["post-1789","page","type-page","status-publish","hentry"],"yoast_head":"<!-- This site is optimized with the Yoast SEO plugin v27.0 - https:\/\/yoast.com\/product\/yoast-seo-wordpress\/ -->\n<title>Bergwanderungen mit Lamas - Mirnockh\u00fcter<\/title>\n<meta name=\"robots\" content=\"index, follow, max-snippet:-1, max-image-preview:large, max-video-preview:-1\" \/>\n<link rel=\"canonical\" href=\"https:\/\/www.mirnockhueter.com\/en\/bergwanderungen-mit-lamas\/\" \/>\n<meta property=\"og:locale\" content=\"en_GB\" \/>\n<meta property=\"og:type\" content=\"article\" \/>\n<meta property=\"og:title\" content=\"Bergwanderungen mit Lamas - Mirnockh\u00fcter\" \/>\n<meta property=\"og:description\" content=\"BERGWANDERUNGEN: Die beliebten Lamatouren sind jetzt zur Nachfolgerin \u00fcbergegangen N\u00e4here Infos auf: lamatour.at;&nbsp;&nbsp; Nachfolgerin von Rudi mit den Lamas ist: Stefanie F\u00f6ssl Kleblach 80, 9753 Kleblach Lind stefanie.foessl@gmail.com 06641144225 &nbsp; WANDERUNGEN &nbsp;ZUM &nbsp;SONNENAUFGANG: Auch werden wir mit Euch in den Sommermonaten zur Nachtzeit von Almen (z.B. Wieseralm) bis zum Morgengrauen zum Gipfel des Mirnock wandern, [&hellip;]\" \/>\n<meta property=\"og:url\" content=\"https:\/\/www.mirnockhueter.com\/en\/bergwanderungen-mit-lamas\/\" \/>\n<meta property=\"og:site_name\" content=\"Mirnockh\u00fcter\" \/>\n<meta property=\"article:publisher\" content=\"https:\/\/www.facebook.com\/mirnockhueter\/\" \/>\n<meta property=\"article:modified_time\" content=\"2025-09-26T15:16:13+00:00\" \/>\n<meta property=\"og:image\" content=\"https:\/\/www.mirnockhueter.com\/wp-content\/uploads\/2022\/05\/Lamatour-Schwarzsee.jpg\" \/>\n\t<meta property=\"og:image:width\" content=\"1620\" \/>\n\t<meta property=\"og:image:height\" content=\"1080\" \/>\n\t<meta property=\"og:image:type\" content=\"image\/jpeg\" \/>\n<meta name=\"twitter:card\" content=\"summary_large_image\" \/>\n<meta name=\"twitter:label1\" content=\"Estimated reading time\" \/>\n\t<meta name=\"twitter:data1\" content=\"1 minute\" \/>\n<script type=\"application\/ld+json\" class=\"yoast-schema-graph\">{\"@context\":\"https:\/\/schema.org\",\"@graph\":[{\"@type\":\"WebPage\",\"@id\":\"https:\/\/www.mirnockhueter.com\/bergwanderungen-mit-lamas\/\",\"url\":\"https:\/\/www.mirnockhueter.com\/bergwanderungen-mit-lamas\/\",\"name\":\"Bergwanderungen mit Lamas - Mirnockh\u00fcter\",\"isPartOf\":{\"@id\":\"https:\/\/www.mirnockhueter.com\/#website\"},\"primaryImageOfPage\":{\"@id\":\"https:\/\/www.mirnockhueter.com\/bergwanderungen-mit-lamas\/#primaryimage\"},\"image\":{\"@id\":\"https:\/\/www.mirnockhueter.com\/bergwanderungen-mit-lamas\/#primaryimage\"},\"thumbnailUrl\":\"https:\/\/www.mirnockhueter.com\/wp-content\/uploads\/2022\/05\/Lamatour-Schwarzsee-768x512.jpg\",\"datePublished\":\"2022-05-08T09:54:44+00:00\",\"dateModified\":\"2025-09-26T15:16:13+00:00\",\"breadcrumb\":{\"@id\":\"https:\/\/www.mirnockhueter.com\/bergwanderungen-mit-lamas\/#breadcrumb\"},\"inLanguage\":\"en-GB\",\"potentialAction\":[{\"@type\":\"ReadAction\",\"target\":[\"https:\/\/www.mirnockhueter.com\/bergwanderungen-mit-lamas\/\"]}]},{\"@type\":\"ImageObject\",\"inLanguage\":\"en-GB\",\"@id\":\"https:\/\/www.mirnockhueter.com\/bergwanderungen-mit-lamas\/#primaryimage\",\"url\":\"https:\/\/www.mirnockhueter.com\/wp-content\/uploads\/2022\/05\/Lamatour-Schwarzsee-768x512.jpg\",\"contentUrl\":\"https:\/\/www.mirnockhueter.com\/wp-content\/uploads\/2022\/05\/Lamatour-Schwarzsee-768x512.jpg\"},{\"@type\":\"BreadcrumbList\",\"@id\":\"https:\/\/www.mirnockhueter.com\/bergwanderungen-mit-lamas\/#breadcrumb\",\"itemListElement\":[{\"@type\":\"ListItem\",\"position\":1,\"name\":\"Startseite\",\"item\":\"https:\/\/www.mirnockhueter.com\/\"},{\"@type\":\"ListItem\",\"position\":2,\"name\":\"Bergwanderungen mit Lamas\"}]},{\"@type\":\"WebSite\",\"@id\":\"https:\/\/www.mirnockhueter.com\/#website\",\"url\":\"https:\/\/www.mirnockhueter.com\/\",\"name\":\"Mirnockh\u00fcter\",\"description\":\"Schwitzh\u00fctten am Kraftberg Mirnock in K\u00e4rnten\",\"publisher\":{\"@id\":\"https:\/\/www.mirnockhueter.com\/#organization\"},\"potentialAction\":[{\"@type\":\"SearchAction\",\"target\":{\"@type\":\"EntryPoint\",\"urlTemplate\":\"https:\/\/www.mirnockhueter.com\/?s={search_term_string}\"},\"query-input\":{\"@type\":\"PropertyValueSpecification\",\"valueRequired\":true,\"valueName\":\"search_term_string\"}}],\"inLanguage\":\"en-GB\"},{\"@type\":\"Organization\",\"@id\":\"https:\/\/www.mirnockhueter.com\/#organization\",\"name\":\"Mirnockh\u00fcter - -Schwitzh\u00fctten und Pfeifenrituale\",\"url\":\"https:\/\/www.mirnockhueter.com\/\",\"logo\":{\"@type\":\"ImageObject\",\"inLanguage\":\"en-GB\",\"@id\":\"https:\/\/www.mirnockhueter.com\/#\/schema\/logo\/image\/\",\"url\":\"https:\/\/www.mirnockhueter.com\/wp-content\/uploads\/2022\/05\/kraftplatz-mirnock.jpg\",\"contentUrl\":\"https:\/\/www.mirnockhueter.com\/wp-content\/uploads\/2022\/05\/kraftplatz-mirnock.jpg\",\"width\":1619,\"height\":1080,\"caption\":\"Mirnockh\u00fcter - -Schwitzh\u00fctten und Pfeifenrituale\"},\"image\":{\"@id\":\"https:\/\/www.mirnockhueter.com\/#\/schema\/logo\/image\/\"},\"sameAs\":[\"https:\/\/www.facebook.com\/mirnockhueter\/\"]}]}<\/script>\n<!-- \/ Yoast SEO plugin. -->","yoast_head_json":{"title":"Mountain hikes with llamas - Mirnockh\u00fcter","robots":{"index":"index","follow":"follow","max-snippet":"max-snippet:-1","max-image-preview":"max-image-preview:large","max-video-preview":"max-video-preview:-1"},"canonical":"https:\/\/www.mirnockhueter.com\/en\/bergwanderungen-mit-lamas\/","og_locale":"en_GB","og_type":"article","og_title":"Bergwanderungen mit Lamas - Mirnockh\u00fcter","og_description":"BERGWANDERUNGEN: Die beliebten Lamatouren sind jetzt zur Nachfolgerin \u00fcbergegangen N\u00e4here Infos auf: lamatour.at;&nbsp;&nbsp; Nachfolgerin von Rudi mit den Lamas ist: Stefanie F\u00f6ssl Kleblach 80, 9753 Kleblach Lind stefanie.foessl@gmail.com 06641144225 &nbsp; WANDERUNGEN &nbsp;ZUM &nbsp;SONNENAUFGANG: Auch werden wir mit Euch in den Sommermonaten zur Nachtzeit von Almen (z.B. Wieseralm) bis zum Morgengrauen zum Gipfel des Mirnock wandern, [&hellip;]","og_url":"https:\/\/www.mirnockhueter.com\/en\/bergwanderungen-mit-lamas\/","og_site_name":"Mirnockh\u00fcter","article_publisher":"https:\/\/www.facebook.com\/mirnockhueter\/","article_modified_time":"2025-09-26T15:16:13+00:00","og_image":[{"width":1620,"height":1080,"url":"https:\/\/www.mirnockhueter.com\/wp-content\/uploads\/2022\/05\/Lamatour-Schwarzsee.jpg","type":"image\/jpeg"}],"twitter_card":"summary_large_image","twitter_misc":{"Estimated reading time":"1 minute"},"schema":{"@context":"https:\/\/schema.org","@graph":[{"@type":"WebPage","@id":"https:\/\/www.mirnockhueter.com\/bergwanderungen-mit-lamas\/","url":"https:\/\/www.mirnockhueter.com\/bergwanderungen-mit-lamas\/","name":"Mountain hikes with llamas - Mirnockh\u00fcter","isPartOf":{"@id":"https:\/\/www.mirnockhueter.com\/#website"},"primaryImageOfPage":{"@id":"https:\/\/www.mirnockhueter.com\/bergwanderungen-mit-lamas\/#primaryimage"},"image":{"@id":"https:\/\/www.mirnockhueter.com\/bergwanderungen-mit-lamas\/#primaryimage"},"thumbnailUrl":"https:\/\/www.mirnockhueter.com\/wp-content\/uploads\/2022\/05\/Lamatour-Schwarzsee-768x512.jpg","datePublished":"2022-05-08T09:54:44+00:00","dateModified":"2025-09-26T15:16:13+00:00","breadcrumb":{"@id":"https:\/\/www.mirnockhueter.com\/bergwanderungen-mit-lamas\/#breadcrumb"},"inLanguage":"en-GB","potentialAction":[{"@type":"ReadAction","target":["https:\/\/www.mirnockhueter.com\/bergwanderungen-mit-lamas\/"]}]},{"@type":"ImageObject","inLanguage":"en-GB","@id":"https:\/\/www.mirnockhueter.com\/bergwanderungen-mit-lamas\/#primaryimage","url":"https:\/\/www.mirnockhueter.com\/wp-content\/uploads\/2022\/05\/Lamatour-Schwarzsee-768x512.jpg","contentUrl":"https:\/\/www.mirnockhueter.com\/wp-content\/uploads\/2022\/05\/Lamatour-Schwarzsee-768x512.jpg"},{"@type":"BreadcrumbList","@id":"https:\/\/www.mirnockhueter.com\/bergwanderungen-mit-lamas\/#breadcrumb","itemListElement":[{"@type":"ListItem","position":1,"name":"Startseite","item":"https:\/\/www.mirnockhueter.com\/"},{"@type":"ListItem","position":2,"name":"Bergwanderungen mit Lamas"}]},{"@type":"WebSite","@id":"https:\/\/www.mirnockhueter.com\/#website","url":"https:\/\/www.mirnockhueter.com\/","name":"Mirnock guardian","description":"Sweat lodges on the Mirnock power mountain in Carinthia","publisher":{"@id":"https:\/\/www.mirnockhueter.com\/#organization"},"potentialAction":[{"@type":"SearchAction","target":{"@type":"EntryPoint","urlTemplate":"https:\/\/www.mirnockhueter.com\/?s={search_term_string}"},"query-input":{"@type":"PropertyValueSpecification","valueRequired":true,"valueName":"search_term_string"}}],"inLanguage":"en-GB"},{"@type":"Organization","@id":"https:\/\/www.mirnockhueter.com\/#organization","name":"Mirnockh\u00fcter - sweat lodges and pipe rituals","url":"https:\/\/www.mirnockhueter.com\/","logo":{"@type":"ImageObject","inLanguage":"en-GB","@id":"https:\/\/www.mirnockhueter.com\/#\/schema\/logo\/image\/","url":"https:\/\/www.mirnockhueter.com\/wp-content\/uploads\/2022\/05\/kraftplatz-mirnock.jpg","contentUrl":"https:\/\/www.mirnockhueter.com\/wp-content\/uploads\/2022\/05\/kraftplatz-mirnock.jpg","width":1619,"height":1080,"caption":"Mirnockh\u00fcter - -Schwitzh\u00fctten und Pfeifenrituale"},"image":{"@id":"https:\/\/www.mirnockhueter.com\/#\/schema\/logo\/image\/"},"sameAs":["https:\/\/www.facebook.com\/mirnockhueter\/"]}]}},"_links":{"self":[{"href":"https:\/\/www.mirnockhueter.com\/en\/wp-json\/wp\/v2\/pages\/1789","targetHints":{"allow":["GET"]}}],"collection":[{"href":"https:\/\/www.mirnockhueter.com\/en\/wp-json\/wp\/v2\/pages"}],"about":[{"href":"https:\/\/www.mirnockhueter.com\/en\/wp-json\/wp\/v2\/types\/page"}],"author":[{"embeddable":true,"href":"https:\/\/www.mirnockhueter.com\/en\/wp-json\/wp\/v2\/users\/1"}],"replies":[{"embeddable":true,"href":"https:\/\/www.mirnockhueter.com\/en\/wp-json\/wp\/v2\/comments?post=1789"}],"version-history":[{"count":23,"href":"https:\/\/www.mirnockhueter.com\/en\/wp-json\/wp\/v2\/pages\/1789\/revisions"}],"predecessor-version":[{"id":8691,"href":"https:\/\/www.mirnockhueter.com\/en\/wp-json\/wp\/v2\/pages\/1789\/revisions\/8691"}],"wp:attachment":[{"href":"https:\/\/www.mirnockhueter.com\/en\/wp-json\/wp\/v2\/media?parent=1789"}],"curies":[{"name":"wp","href":"https:\/\/api.w.org\/{rel}","templated":true}]}}