{"id":1785,"date":"2022-05-08T11:54:10","date_gmt":"2022-05-08T09:54:10","guid":{"rendered":"http:\/\/mirnockhueter.markus-shiatsu.at\/?page_id=1785"},"modified":"2022-05-21T10:19:28","modified_gmt":"2022-05-21T08:19:28","slug":"trommel-feuer-pfeifenzeremonie","status":"publish","type":"page","link":"https:\/\/www.mirnockhueter.com\/en\/trommel-feuer-pfeifenzeremonie\/","title":{"rendered":"Drum-fire-pipe ceremony"},"content":{"rendered":"<div data-elementor-type=\"wp-page\" data-elementor-id=\"1785\" class=\"elementor elementor-1785\">\n\t\t\t\t\t\t<section class=\"elementor-section elementor-top-section elementor-element elementor-element-9504be6 elementor-section-boxed elementor-section-height-default elementor-section-height-default\" data-id=\"9504be6\" data-element_type=\"section\" data-e-type=\"section\">\n\t\t\t\t\t\t<div class=\"elementor-container elementor-column-gap-default\">\n\t\t\t\t\t<div class=\"elementor-column elementor-col-100 elementor-top-column elementor-element elementor-element-dd19737\" data-id=\"dd19737\" data-element_type=\"column\" data-e-type=\"column\">\n\t\t\t<div class=\"elementor-widget-wrap elementor-element-populated\">\n\t\t\t\t\t\t<div class=\"elementor-element elementor-element-84778b4 elementor-widget elementor-widget-text-editor\" data-id=\"84778b4\" data-element_type=\"widget\" data-e-type=\"widget\" data-widget_type=\"text-editor.default\">\n\t\t\t\t<div class=\"elementor-widget-container\">\n\t\t\t\t\t\t\t\t\t<p><img fetchpriority=\"high\" decoding=\"async\" class=\"size-medium wp-image-1430 aligncenter\" src=\"https:\/\/www.mirnockhueter.com\/wp-content\/uploads\/2022\/05\/DSC_1617-169x300.jpg\" alt=\"\" width=\"169\" height=\"300\" srcset=\"https:\/\/www.mirnockhueter.com\/wp-content\/uploads\/2022\/05\/DSC_1617-169x300.jpg 169w, https:\/\/www.mirnockhueter.com\/wp-content\/uploads\/2022\/05\/DSC_1617-576x1024.jpg 576w, https:\/\/www.mirnockhueter.com\/wp-content\/uploads\/2022\/05\/DSC_1617.jpg 607w\" sizes=\"(max-width: 169px) 100vw, 169px\" \/><\/p><p>\u00a0<\/p><p>\u00a0<\/p><p><strong>DRUM - FIRE - AND PIPE CEREMONIES:<\/strong><\/p><p>To the\u00a0<strong>Celtic annual festivals<\/strong>\u00a0(<em>Imbolc<\/em>,\u00a0<em>Beltain<\/em>,\u00a0<em>Lugnasa<\/em>\u00a0and\u00a0<em>Samhain<\/em>) and equinoxes (<em>Equinoxes<\/em>), at the summer and winter solstice, we Mirnockh\u00fcter will make a fire with you at our fire place at the sweat lodge or at other special occasions.\u00a0<strong>Places of power<\/strong>\u00a0(e.g. Danielsberg) in Carinthia, under sacred trees or at lakes and waterfalls, our drumming rituals and sacred pipe or fire ceremonies.\u00a0\u00a0<\/p><p>For many primitive peoples, prayer is associated with the\u00a0<strong>Holy whistle<\/strong>\u00a0(<em>cannunpa wakan<\/em>) is the most powerful ceremony and should only be performed by selected men and women of great honour.\u00a0<strong>Respect<\/strong>\u00a0be carried out. The\u00a0<strong>Pipe bowl<\/strong>\u00a0made of red pipe stone symbolises the feminine power of\u00a0<em>Mother Earth<\/em>\u00a0and the blood of our ancestors and the\u00a0<strong>Pipe stem<\/strong>\u00a0made of wood the masculine energy of the\u00a0<em>Cosmos<\/em>. Both parts are stored separately in the pipe bag with tobacco and incense and may not be used by the pipe carrier.\u00a0<strong>only for the traditional prayer<\/strong>\u00a0as a tool to connect with the Great Spirit, the spirit helpers and our ancestors\u00a0<strong>merged<\/strong>\u00a0and with tobacco or the bark of the red willow (<em>cansasa<\/em>)\u00a0<strong>smoked<\/strong>\u00a0become.<\/p><p>At the \u201e<strong>Loading<\/strong>\u201c, the winds (spirits) of the 4 cardinal points, Mother Earth and the heavens are called with the pinches and their powers and the whole universe are brought into the pipe with our wishes, prayers and thanksgiving. At the \u201e<strong>Smoking<\/strong>\u201c the pipe in the\u00a0<strong>Circle<\/strong>\u00a0among those present at the\u00a0<strong>Clockwise<\/strong>\u00a0and connects all participants into one\u00a0<strong>spiritual unity<\/strong>. The\u00a0<strong>Smoke<\/strong>\u00a0the pipe rises with our prayers to the Great Spirit,\u00a0<strong>blesses and connects<\/strong>\u00a0us with the entire circle of creation. The sacred smoke is not inhaled but offered as an offering\u00a0<strong>blown into the air.\u00a0<\/strong><\/p><p>The pipe ritual is part of many Lakota ceremonies such as sweat lodges, vision quests, the sun dance and sets great\u00a0<strong>Respect<\/strong>\u00a0<strong>of all participants<\/strong>\u00a0ahead.<\/p><p>Therefore, at least 24 hours before a sweat lodge ceremony or smoking the pipe\u00a0<strong>No alcohol or other intoxicants<\/strong>\u00a0be consumed. Only people with a pure heart and good intentions for themselves, others and our community should smoke the pipe.<\/p><p>\u201e<em>Now my friend, let's smoke the pipe together so that only God is between us. Old father! I send a voice. To the heavens of the universe I send a voice, that my people may live!\u201c<\/em><\/p><p>Black stag (<strong>Black Elk)<\/strong>\u00a0from \u201e<em>The sacred pipe<\/em>\u201c<\/p>\t\t\t\t\t\t\t\t<\/div>\n\t\t\t\t<\/div>\n\t\t\t\t\t<\/div>\n\t\t<\/div>\n\t\t\t\t\t<\/div>\n\t\t<\/section>\n\t\t\t\t<\/div>","protected":false},"excerpt":{"rendered":"<p>\u00a0 \u00a0 TROMMEL \u2013 FEUER \u2013 UND \u00a0PFEIFENZEREMONIEN: Zu den\u00a0Keltischen Jahresfesten\u00a0(Imbolc,\u00a0Beltain,\u00a0Lugnasa\u00a0und\u00a0Samhain) sowie Tages- und Nachtgleichen (Equinoxen), zur Sommer- und Wintersonnenwende machen wir Mirnockh\u00fcter mit euch bei unserem Feuerplatz bei der Schwitzh\u00fctte oder auch bei anderen besonderen\u00a0Kraftorten\u00a0(z.B. Danielsberg) in K\u00e4rnten, unter heiligen B\u00e4umen oder an Seen und Wasserf\u00e4llen unsere Trommelrituale und heilige Pfeifen- oder\u00a0 Feuerzeremonien.\u00a0\u00a0 F\u00fcr [&hellip;]<\/p>\n","protected":false},"author":1,"featured_media":0,"parent":0,"menu_order":0,"comment_status":"closed","ping_status":"closed","template":"","meta":{"site-sidebar-layout":"no-sidebar","site-content-layout":"page-builder","ast-site-content-layout":"default","site-content-style":"default","site-sidebar-style":"default","ast-global-header-display":"","ast-banner-title-visibility":"","ast-main-header-display":"","ast-hfb-above-header-display":"","ast-hfb-below-header-display":"","ast-hfb-mobile-header-display":"","site-post-title":"disabled","ast-breadcrumbs-content":"","ast-featured-img":"disabled","footer-sml-layout":"","ast-disable-related-posts":"","theme-transparent-header-meta":"","adv-header-id-meta":"","stick-header-meta":"","header-above-stick-meta":"","header-main-stick-meta":"","header-below-stick-meta":"","astra-migrate-meta-layouts":"default","ast-page-background-enabled":"default","ast-page-background-meta":{"desktop":{"background-color":"var(--ast-global-color-4)","background-image":"","background-repeat":"repeat","background-position":"center center","background-size":"auto","background-attachment":"scroll","background-type":"","background-media":"","overlay-type":"","overlay-color":"","overlay-opacity":"","overlay-gradient":""},"tablet":{"background-color":"","background-image":"","background-repeat":"repeat","background-position":"center center","background-size":"auto","background-attachment":"scroll","background-type":"","background-media":"","overlay-type":"","overlay-color":"","overlay-opacity":"","overlay-gradient":""},"mobile":{"background-color":"","background-image":"","background-repeat":"repeat","background-position":"center center","background-size":"auto","background-attachment":"scroll","background-type":"","background-media":"","overlay-type":"","overlay-color":"","overlay-opacity":"","overlay-gradient":""}},"ast-content-background-meta":{"desktop":{"background-color":"var(--ast-global-color-5)","background-image":"","background-repeat":"repeat","background-position":"center center","background-size":"auto","background-attachment":"scroll","background-type":"","background-media":"","overlay-type":"","overlay-color":"","overlay-opacity":"","overlay-gradient":""},"tablet":{"background-color":"var(--ast-global-color-5)","background-image":"","background-repeat":"repeat","background-position":"center center","background-size":"auto","background-attachment":"scroll","background-type":"","background-media":"","overlay-type":"","overlay-color":"","overlay-opacity":"","overlay-gradient":""},"mobile":{"background-color":"var(--ast-global-color-5)","background-image":"","background-repeat":"repeat","background-position":"center center","background-size":"auto","background-attachment":"scroll","background-type":"","background-media":"","overlay-type":"","overlay-color":"","overlay-opacity":"","overlay-gradient":""}},"iawp_total_views":122,"footnotes":""},"class_list":["post-1785","page","type-page","status-publish","hentry"],"yoast_head":"<!-- This site is optimized with the Yoast SEO plugin v27.0 - https:\/\/yoast.com\/product\/yoast-seo-wordpress\/ -->\n<title>Trommel-Feuer-Pfeifenzeremonie - Mirnockh\u00fcter<\/title>\n<meta name=\"robots\" content=\"index, follow, max-snippet:-1, max-image-preview:large, max-video-preview:-1\" \/>\n<link rel=\"canonical\" href=\"https:\/\/www.mirnockhueter.com\/en\/trommel-feuer-pfeifenzeremonie\/\" \/>\n<meta property=\"og:locale\" content=\"en_GB\" \/>\n<meta property=\"og:type\" content=\"article\" \/>\n<meta property=\"og:title\" content=\"Trommel-Feuer-Pfeifenzeremonie - Mirnockh\u00fcter\" \/>\n<meta property=\"og:description\" content=\"\u00a0 \u00a0 TROMMEL \u2013 FEUER \u2013 UND \u00a0PFEIFENZEREMONIEN: Zu den\u00a0Keltischen Jahresfesten\u00a0(Imbolc,\u00a0Beltain,\u00a0Lugnasa\u00a0und\u00a0Samhain) sowie Tages- und Nachtgleichen (Equinoxen), zur Sommer- und Wintersonnenwende machen wir Mirnockh\u00fcter mit euch bei unserem Feuerplatz bei der Schwitzh\u00fctte oder auch bei anderen besonderen\u00a0Kraftorten\u00a0(z.B. Danielsberg) in K\u00e4rnten, unter heiligen B\u00e4umen oder an Seen und Wasserf\u00e4llen unsere Trommelrituale und heilige Pfeifen- oder\u00a0 Feuerzeremonien.\u00a0\u00a0 F\u00fcr [&hellip;]\" \/>\n<meta property=\"og:url\" content=\"https:\/\/www.mirnockhueter.com\/en\/trommel-feuer-pfeifenzeremonie\/\" \/>\n<meta property=\"og:site_name\" content=\"Mirnockh\u00fcter\" \/>\n<meta property=\"article:publisher\" content=\"https:\/\/www.facebook.com\/mirnockhueter\/\" \/>\n<meta property=\"article:modified_time\" content=\"2022-05-21T08:19:28+00:00\" \/>\n<meta property=\"og:image\" content=\"https:\/\/www.mirnockhueter.com\/wp-content\/uploads\/2022\/05\/DSC_1617-169x300.jpg\" \/>\n<meta name=\"twitter:card\" content=\"summary_large_image\" \/>\n<meta name=\"twitter:label1\" content=\"Estimated reading time\" \/>\n\t<meta name=\"twitter:data1\" content=\"2 minutes\" \/>\n<script type=\"application\/ld+json\" class=\"yoast-schema-graph\">{\"@context\":\"https:\/\/schema.org\",\"@graph\":[{\"@type\":\"WebPage\",\"@id\":\"https:\/\/www.mirnockhueter.com\/trommel-feuer-pfeifenzeremonie\/\",\"url\":\"https:\/\/www.mirnockhueter.com\/trommel-feuer-pfeifenzeremonie\/\",\"name\":\"Trommel-Feuer-Pfeifenzeremonie - Mirnockh\u00fcter\",\"isPartOf\":{\"@id\":\"https:\/\/www.mirnockhueter.com\/#website\"},\"primaryImageOfPage\":{\"@id\":\"https:\/\/www.mirnockhueter.com\/trommel-feuer-pfeifenzeremonie\/#primaryimage\"},\"image\":{\"@id\":\"https:\/\/www.mirnockhueter.com\/trommel-feuer-pfeifenzeremonie\/#primaryimage\"},\"thumbnailUrl\":\"https:\/\/www.mirnockhueter.com\/wp-content\/uploads\/2022\/05\/DSC_1617-169x300.jpg\",\"datePublished\":\"2022-05-08T09:54:10+00:00\",\"dateModified\":\"2022-05-21T08:19:28+00:00\",\"breadcrumb\":{\"@id\":\"https:\/\/www.mirnockhueter.com\/trommel-feuer-pfeifenzeremonie\/#breadcrumb\"},\"inLanguage\":\"en-GB\",\"potentialAction\":[{\"@type\":\"ReadAction\",\"target\":[\"https:\/\/www.mirnockhueter.com\/trommel-feuer-pfeifenzeremonie\/\"]}]},{\"@type\":\"ImageObject\",\"inLanguage\":\"en-GB\",\"@id\":\"https:\/\/www.mirnockhueter.com\/trommel-feuer-pfeifenzeremonie\/#primaryimage\",\"url\":\"https:\/\/www.mirnockhueter.com\/wp-content\/uploads\/2022\/05\/DSC_1617-169x300.jpg\",\"contentUrl\":\"https:\/\/www.mirnockhueter.com\/wp-content\/uploads\/2022\/05\/DSC_1617-169x300.jpg\"},{\"@type\":\"BreadcrumbList\",\"@id\":\"https:\/\/www.mirnockhueter.com\/trommel-feuer-pfeifenzeremonie\/#breadcrumb\",\"itemListElement\":[{\"@type\":\"ListItem\",\"position\":1,\"name\":\"Startseite\",\"item\":\"https:\/\/www.mirnockhueter.com\/\"},{\"@type\":\"ListItem\",\"position\":2,\"name\":\"Trommel-Feuer-Pfeifenzeremonie\"}]},{\"@type\":\"WebSite\",\"@id\":\"https:\/\/www.mirnockhueter.com\/#website\",\"url\":\"https:\/\/www.mirnockhueter.com\/\",\"name\":\"Mirnockh\u00fcter\",\"description\":\"Schwitzh\u00fctten am Kraftberg Mirnock in K\u00e4rnten\",\"publisher\":{\"@id\":\"https:\/\/www.mirnockhueter.com\/#organization\"},\"potentialAction\":[{\"@type\":\"SearchAction\",\"target\":{\"@type\":\"EntryPoint\",\"urlTemplate\":\"https:\/\/www.mirnockhueter.com\/?s={search_term_string}\"},\"query-input\":{\"@type\":\"PropertyValueSpecification\",\"valueRequired\":true,\"valueName\":\"search_term_string\"}}],\"inLanguage\":\"en-GB\"},{\"@type\":\"Organization\",\"@id\":\"https:\/\/www.mirnockhueter.com\/#organization\",\"name\":\"Mirnockh\u00fcter - -Schwitzh\u00fctten und Pfeifenrituale\",\"url\":\"https:\/\/www.mirnockhueter.com\/\",\"logo\":{\"@type\":\"ImageObject\",\"inLanguage\":\"en-GB\",\"@id\":\"https:\/\/www.mirnockhueter.com\/#\/schema\/logo\/image\/\",\"url\":\"https:\/\/www.mirnockhueter.com\/wp-content\/uploads\/2022\/05\/kraftplatz-mirnock.jpg\",\"contentUrl\":\"https:\/\/www.mirnockhueter.com\/wp-content\/uploads\/2022\/05\/kraftplatz-mirnock.jpg\",\"width\":1619,\"height\":1080,\"caption\":\"Mirnockh\u00fcter - -Schwitzh\u00fctten und Pfeifenrituale\"},\"image\":{\"@id\":\"https:\/\/www.mirnockhueter.com\/#\/schema\/logo\/image\/\"},\"sameAs\":[\"https:\/\/www.facebook.com\/mirnockhueter\/\"]}]}<\/script>\n<!-- \/ Yoast SEO plugin. -->","yoast_head_json":{"title":"Drum-fire-pipe ceremony - Mirnockh\u00fcter","robots":{"index":"index","follow":"follow","max-snippet":"max-snippet:-1","max-image-preview":"max-image-preview:large","max-video-preview":"max-video-preview:-1"},"canonical":"https:\/\/www.mirnockhueter.com\/en\/trommel-feuer-pfeifenzeremonie\/","og_locale":"en_GB","og_type":"article","og_title":"Trommel-Feuer-Pfeifenzeremonie - Mirnockh\u00fcter","og_description":"\u00a0 \u00a0 TROMMEL \u2013 FEUER \u2013 UND \u00a0PFEIFENZEREMONIEN: Zu den\u00a0Keltischen Jahresfesten\u00a0(Imbolc,\u00a0Beltain,\u00a0Lugnasa\u00a0und\u00a0Samhain) sowie Tages- und Nachtgleichen (Equinoxen), zur Sommer- und Wintersonnenwende machen wir Mirnockh\u00fcter mit euch bei unserem Feuerplatz bei der Schwitzh\u00fctte oder auch bei anderen besonderen\u00a0Kraftorten\u00a0(z.B. Danielsberg) in K\u00e4rnten, unter heiligen B\u00e4umen oder an Seen und Wasserf\u00e4llen unsere Trommelrituale und heilige Pfeifen- oder\u00a0 Feuerzeremonien.\u00a0\u00a0 F\u00fcr [&hellip;]","og_url":"https:\/\/www.mirnockhueter.com\/en\/trommel-feuer-pfeifenzeremonie\/","og_site_name":"Mirnockh\u00fcter","article_publisher":"https:\/\/www.facebook.com\/mirnockhueter\/","article_modified_time":"2022-05-21T08:19:28+00:00","og_image":[{"url":"https:\/\/www.mirnockhueter.com\/wp-content\/uploads\/2022\/05\/DSC_1617-169x300.jpg","type":"","width":"","height":""}],"twitter_card":"summary_large_image","twitter_misc":{"Estimated reading time":"2 minutes"},"schema":{"@context":"https:\/\/schema.org","@graph":[{"@type":"WebPage","@id":"https:\/\/www.mirnockhueter.com\/trommel-feuer-pfeifenzeremonie\/","url":"https:\/\/www.mirnockhueter.com\/trommel-feuer-pfeifenzeremonie\/","name":"Drum-fire-pipe ceremony - Mirnockh\u00fcter","isPartOf":{"@id":"https:\/\/www.mirnockhueter.com\/#website"},"primaryImageOfPage":{"@id":"https:\/\/www.mirnockhueter.com\/trommel-feuer-pfeifenzeremonie\/#primaryimage"},"image":{"@id":"https:\/\/www.mirnockhueter.com\/trommel-feuer-pfeifenzeremonie\/#primaryimage"},"thumbnailUrl":"https:\/\/www.mirnockhueter.com\/wp-content\/uploads\/2022\/05\/DSC_1617-169x300.jpg","datePublished":"2022-05-08T09:54:10+00:00","dateModified":"2022-05-21T08:19:28+00:00","breadcrumb":{"@id":"https:\/\/www.mirnockhueter.com\/trommel-feuer-pfeifenzeremonie\/#breadcrumb"},"inLanguage":"en-GB","potentialAction":[{"@type":"ReadAction","target":["https:\/\/www.mirnockhueter.com\/trommel-feuer-pfeifenzeremonie\/"]}]},{"@type":"ImageObject","inLanguage":"en-GB","@id":"https:\/\/www.mirnockhueter.com\/trommel-feuer-pfeifenzeremonie\/#primaryimage","url":"https:\/\/www.mirnockhueter.com\/wp-content\/uploads\/2022\/05\/DSC_1617-169x300.jpg","contentUrl":"https:\/\/www.mirnockhueter.com\/wp-content\/uploads\/2022\/05\/DSC_1617-169x300.jpg"},{"@type":"BreadcrumbList","@id":"https:\/\/www.mirnockhueter.com\/trommel-feuer-pfeifenzeremonie\/#breadcrumb","itemListElement":[{"@type":"ListItem","position":1,"name":"Startseite","item":"https:\/\/www.mirnockhueter.com\/"},{"@type":"ListItem","position":2,"name":"Trommel-Feuer-Pfeifenzeremonie"}]},{"@type":"WebSite","@id":"https:\/\/www.mirnockhueter.com\/#website","url":"https:\/\/www.mirnockhueter.com\/","name":"Mirnock guardian","description":"Sweat lodges on the Mirnock power mountain in Carinthia","publisher":{"@id":"https:\/\/www.mirnockhueter.com\/#organization"},"potentialAction":[{"@type":"SearchAction","target":{"@type":"EntryPoint","urlTemplate":"https:\/\/www.mirnockhueter.com\/?s={search_term_string}"},"query-input":{"@type":"PropertyValueSpecification","valueRequired":true,"valueName":"search_term_string"}}],"inLanguage":"en-GB"},{"@type":"Organization","@id":"https:\/\/www.mirnockhueter.com\/#organization","name":"Mirnockh\u00fcter - sweat lodges and pipe rituals","url":"https:\/\/www.mirnockhueter.com\/","logo":{"@type":"ImageObject","inLanguage":"en-GB","@id":"https:\/\/www.mirnockhueter.com\/#\/schema\/logo\/image\/","url":"https:\/\/www.mirnockhueter.com\/wp-content\/uploads\/2022\/05\/kraftplatz-mirnock.jpg","contentUrl":"https:\/\/www.mirnockhueter.com\/wp-content\/uploads\/2022\/05\/kraftplatz-mirnock.jpg","width":1619,"height":1080,"caption":"Mirnockh\u00fcter - -Schwitzh\u00fctten und Pfeifenrituale"},"image":{"@id":"https:\/\/www.mirnockhueter.com\/#\/schema\/logo\/image\/"},"sameAs":["https:\/\/www.facebook.com\/mirnockhueter\/"]}]}},"_links":{"self":[{"href":"https:\/\/www.mirnockhueter.com\/en\/wp-json\/wp\/v2\/pages\/1785","targetHints":{"allow":["GET"]}}],"collection":[{"href":"https:\/\/www.mirnockhueter.com\/en\/wp-json\/wp\/v2\/pages"}],"about":[{"href":"https:\/\/www.mirnockhueter.com\/en\/wp-json\/wp\/v2\/types\/page"}],"author":[{"embeddable":true,"href":"https:\/\/www.mirnockhueter.com\/en\/wp-json\/wp\/v2\/users\/1"}],"replies":[{"embeddable":true,"href":"https:\/\/www.mirnockhueter.com\/en\/wp-json\/wp\/v2\/comments?post=1785"}],"version-history":[{"count":7,"href":"https:\/\/www.mirnockhueter.com\/en\/wp-json\/wp\/v2\/pages\/1785\/revisions"}],"predecessor-version":[{"id":2823,"href":"https:\/\/www.mirnockhueter.com\/en\/wp-json\/wp\/v2\/pages\/1785\/revisions\/2823"}],"wp:attachment":[{"href":"https:\/\/www.mirnockhueter.com\/en\/wp-json\/wp\/v2\/media?parent=1785"}],"curies":[{"name":"wp","href":"https:\/\/api.w.org\/{rel}","templated":true}]}}