{"id":1781,"date":"2022-05-08T11:53:29","date_gmt":"2022-05-08T09:53:29","guid":{"rendered":"http:\/\/mirnockhueter.markus-shiatsu.at\/?page_id=1781"},"modified":"2023-06-10T18:12:13","modified_gmt":"2023-06-10T16:12:13","slug":"anmeldung-und-vorbereitung","status":"publish","type":"page","link":"https:\/\/www.mirnockhueter.com\/en\/anmeldung-und-vorbereitung\/","title":{"rendered":"Registration and preparation for the sweat lodge"},"content":{"rendered":"<div data-elementor-type=\"wp-page\" data-elementor-id=\"1781\" class=\"elementor elementor-1781\">\n\t\t\t\t\t\t<section class=\"elementor-section elementor-top-section elementor-element elementor-element-c67dc09 elementor-section-boxed elementor-section-height-default elementor-section-height-default\" data-id=\"c67dc09\" data-element_type=\"section\" data-e-type=\"section\">\n\t\t\t\t\t\t<div class=\"elementor-container elementor-column-gap-default\">\n\t\t\t\t\t<div class=\"elementor-column elementor-col-100 elementor-top-column elementor-element elementor-element-ce07c72\" data-id=\"ce07c72\" data-element_type=\"column\" data-e-type=\"column\">\n\t\t\t<div class=\"elementor-widget-wrap elementor-element-populated\">\n\t\t\t\t\t\t<div class=\"elementor-element elementor-element-fc015e2 elementor-widget elementor-widget-image\" data-id=\"fc015e2\" data-element_type=\"widget\" data-e-type=\"widget\" data-widget_type=\"image.default\">\n\t\t\t\t<div class=\"elementor-widget-container\">\n\t\t\t\t\t\t\t\t\t\t\t\t\t\t\t\t<a href=\"https:\/\/www.mirnockhueter.com\/wp-content\/uploads\/2022\/05\/schwitzhuettenplatz-e1661152023515.jpg\" data-elementor-open-lightbox=\"yes\" data-e-action-hash=\"#elementor-action%3Aaction%3Dlightbox%26settings%3DeyJpZCI6MjQyMywidXJsIjoiaHR0cHM6XC9cL3d3dy5taXJub2NraHVldGVyLmNvbVwvd3AtY29udGVudFwvdXBsb2Fkc1wvMjAyMlwvMDVcL3NjaHdpdHpodWV0dGVucGxhdHotZTE2NjExNTIwMjM1MTUuanBnIn0%3D\">\n\t\t\t\t\t\t\t<img fetchpriority=\"high\" decoding=\"async\" width=\"768\" height=\"432\" src=\"https:\/\/www.mirnockhueter.com\/wp-content\/uploads\/2022\/05\/schwitzhuettenplatz-e1661152023515-768x432.jpg\" class=\"attachment-medium_large size-medium_large wp-image-2423\" alt=\"Anmeldung Schwitzh\u00fctte\" srcset=\"https:\/\/www.mirnockhueter.com\/wp-content\/uploads\/2022\/05\/schwitzhuettenplatz-e1661152023515-768x432.jpg 768w, https:\/\/www.mirnockhueter.com\/wp-content\/uploads\/2022\/05\/schwitzhuettenplatz-e1661152023515-300x169.jpg 300w, https:\/\/www.mirnockhueter.com\/wp-content\/uploads\/2022\/05\/schwitzhuettenplatz-e1661152023515.jpg 800w\" sizes=\"(max-width: 768px) 100vw, 768px\" \/>\t\t\t\t\t\t\t\t<\/a>\n\t\t\t\t\t\t\t\t\t\t\t\t\t\t\t<\/div>\n\t\t\t\t<\/div>\n\t\t\t\t\t<\/div>\n\t\t<\/div>\n\t\t\t\t\t<\/div>\n\t\t<\/section>\n\t\t\t\t<section class=\"elementor-section elementor-top-section elementor-element elementor-element-763999e elementor-section-boxed elementor-section-height-default elementor-section-height-default\" data-id=\"763999e\" data-element_type=\"section\" data-e-type=\"section\">\n\t\t\t\t\t\t<div class=\"elementor-container elementor-column-gap-default\">\n\t\t\t\t\t<div class=\"elementor-column elementor-col-100 elementor-top-column elementor-element elementor-element-d4f7ca8\" data-id=\"d4f7ca8\" data-element_type=\"column\" data-e-type=\"column\">\n\t\t\t<div class=\"elementor-widget-wrap elementor-element-populated\">\n\t\t\t\t\t\t<div class=\"elementor-element elementor-element-fb9ed97 elementor-widget elementor-widget-text-editor\" data-id=\"fb9ed97\" data-element_type=\"widget\" data-e-type=\"widget\" data-widget_type=\"text-editor.default\">\n\t\t\t\t<div class=\"elementor-widget-container\">\n\t\t\t\t\t\t\t\t\t<div class=\"n module-type-header diyfeLiveArea\"><h2 style=\"text-align: center;\"><span class=\"diyfeDecoration\" style=\"color: #993300;\">Registration and preparation for the sweat lodge<\/span><\/h2><\/div><div class=\"n module-type-text diyfeLiveArea\"><p><u>Meeting point<\/u>:\u00a0<strong>Saturdays<\/strong><u>,<\/u>\u00a0<u>from 1.00 pm<\/u>, at the Gasthof Bergfried, Gschriet\/Gem. Ferndorf<\/p><p><u>Ceremony<\/u>Evening, approx. 6 to 9 p.m., followed by a joint snack and debriefing<\/p><p>The participants then walk up the forest path (approx. 20 minutes) from the inn through the forest to the ceremony site at the Bergfriedh\u00fctte and enjoy the view of the mountains and Lake Millstatt. The participants' luggage is brought up to the site by the leader and fireman in their cars. After a preliminary discussion, the resting place is prepared together, wood is prepared for the fire pit, the sweat lodge is covered and the fire is lit in a ritual with drums and rattles.<\/p><p>Friends who have to work on Saturday and already have Inipi experience can join us until 5.00 pm.<\/p><p>Women during their \u201e<em>Moon time<\/em>\u201c (days) can take part in the preparation of the ceremony, but are not allowed to enter the sweat lodge for purification.<\/p><p><strong><u>Important !!!<\/u><\/strong><\/p><p><u>24 hours before and after the ceremony, participants should\u00a0<strong>no alcohol<\/strong>\u00a0or other intoxicating substances. Participants who are undergoing medical treatment for an illness and\u00a0<strong>Medication<\/strong>\u00a0must inform the head of the sweat lodge in advance. The ancient ritual of the Inipi is for\u00a0<strong>Body, mind and soul<\/strong>\u00a0a powerful\u00a0<strong>Cleansing and awareness work<\/strong>. This requires\u00a0<strong>Respect and humility<\/strong>\u00a0all.<\/u><\/p><p><u>Please bring<\/u>:<\/p><p>2 towels, shorts or loose swimming costumes, shirts, scarves, slippers (as for the sauna), possibly a rain jacket, torch, warm clothes and snacks and drinks for the meeting after the cleansing ceremony, drums, rattles and power objects (stones, crystals, amulets etc.) for the altar. Good humour, openness and wishes \u201e<em>New<\/em>\u201c for your future life and to get to know stressful \u201e<em>Old<\/em>\u201c to let go.<\/p><p>If you want to spend the night with us in the inipi or outside by the fire, you should bring a mat and sleeping bag.<\/p><p><u>Equalisation<\/u>\u00a0for participation in the sweat lodge (approx. \u20ac 50,- depending on the number of participants for wood, stones, organisation etc.) and your personal voluntary donation into the box.<\/p><p>The proceeds from the sweat lodges are used in accordance with the statutes of our association \u201e<em>Mirnock guardian<\/em>\u201c for Indian aid projects in North and South America.<\/p><p><strong>Registration<\/strong>\u00a0<strong>until Friday 6 pm<\/strong>\u00a0please per\u00a0<strong>SMS<\/strong> on <b>0699 19085985<\/b> with names, number and when you can come or via the <a href=\"https:\/\/www.mirnockhueter.com\/en\/kontakt\/\">Contact form.<\/a>\u00a0<\/p><p><strong><em>mitakuye oyasin<\/em><\/strong>\u00a0- I am connected\/related to everything<\/p><p>\u00a0<\/p><p>Prices&amp;Costs -&gt; <a href=\"https:\/\/www.mirnockhueter.com\/en\/was-kostet-das\/\"><strong>HERE<\/strong><\/a><\/p><p>\u00a0<\/p><p>Love, light &amp; peace<\/p><p>Harald\u00a0<em>Cetan<\/em><\/p><p>The Mirnock Guardians<\/p><\/div>\t\t\t\t\t\t\t\t<\/div>\n\t\t\t\t<\/div>\n\t\t\t\t\t<\/div>\n\t\t<\/div>\n\t\t\t\t\t<\/div>\n\t\t<\/section>\n\t\t\t\t<section class=\"elementor-section elementor-top-section elementor-element elementor-element-1726217 elementor-section-boxed elementor-section-height-default elementor-section-height-default\" data-id=\"1726217\" data-element_type=\"section\" data-e-type=\"section\">\n\t\t\t\t\t\t<div class=\"elementor-container elementor-column-gap-default\">\n\t\t\t\t\t<div class=\"elementor-column elementor-col-100 elementor-top-column elementor-element elementor-element-30930d1\" data-id=\"30930d1\" data-element_type=\"column\" data-e-type=\"column\">\n\t\t\t<div class=\"elementor-widget-wrap elementor-element-populated\">\n\t\t\t\t\t\t<div class=\"elementor-element elementor-element-2d18d81 elementor-widget elementor-widget-text-editor\" data-id=\"2d18d81\" data-element_type=\"widget\" data-e-type=\"widget\" data-widget_type=\"text-editor.default\">\n\t\t\t\t<div class=\"elementor-widget-container\">\n\t\t\t\t\t\t\t\t\t<p><strong>TEXTS<\/strong><\/p><p><a href=\"http:\/\/mirnockhueter.com\/wp-content\/uploads\/2022\/05\/Lakota-ceremonial-songs-JOHN-AROUND-HIM-konvertiert.pdf\" target=\"_blank\" rel=\"noopener\">lakota ceremonial songs PDF<\/a><\/p><p><a href=\"http:\/\/mirnockhueter.com\/wp-content\/uploads\/2022\/05\/lakota-inipi-songs-cd1-konvertiert.pdf\">lakota inipi songs (cd1) PDF<\/a><\/p><p><a href=\"http:\/\/mirnockhueter.com\/wp-content\/uploads\/2022\/05\/lakota-prayer-songs-cd2-konvertiert.pdf\" target=\"_blank\" rel=\"noopener\">lakota prayer songs (cd2) PDF<\/a><\/p><p><a href=\"http:\/\/mirnockhueter.com\/wp-content\/uploads\/2022\/05\/swet-lodge-info-meaning-songs-konvertiert.pdf\" target=\"_blank\" rel=\"noopener\">Procedure: sweat-lodge info meaning &amp; songs PDF<\/a><\/p><p><strong>AUDIO Playlist\u00a0<\/strong><\/p><p><a href=\"https:\/\/boxdata.synology.me:5001\/as\/sharing\/EjceTYpB\" target=\"_blank\" rel=\"noopener\">Playlist<\/a><\/p>\t\t\t\t\t\t\t\t<\/div>\n\t\t\t\t<\/div>\n\t\t\t\t\t<\/div>\n\t\t<\/div>\n\t\t\t\t\t<\/div>\n\t\t<\/section>\n\t\t\t\t<\/div>","protected":false},"excerpt":{"rendered":"<p>Anmeldung und Vorbereitung zur Schwitzh\u00fctte Treffpunkt:\u00a0Samstags,\u00a0ab 13.00 Uhr, beim Gasthof Bergfried, Gschriet\/Gem. Ferndorf Zeremonie: abends, ca. 18 bis 21 Uhr, danach gemeinsamer Imbiss und Nachbesprechung Die Teilnehmer gehen dann zur Einstimmung den Forstweg (ca. 20 min) vom Gasthof durch den Wald zum Zeremonienplatz bei der Bergfriedh\u00fctte hinauf und genie\u00dfen die Aussicht auf Berge und Millst\u00e4tter [&hellip;]<\/p>\n","protected":false},"author":1,"featured_media":0,"parent":0,"menu_order":0,"comment_status":"closed","ping_status":"closed","template":"","meta":{"site-sidebar-layout":"no-sidebar","site-content-layout":"page-builder","ast-site-content-layout":"default","site-content-style":"default","site-sidebar-style":"default","ast-global-header-display":"","ast-banner-title-visibility":"","ast-main-header-display":"","ast-hfb-above-header-display":"","ast-hfb-below-header-display":"","ast-hfb-mobile-header-display":"","site-post-title":"disabled","ast-breadcrumbs-content":"","ast-featured-img":"disabled","footer-sml-layout":"","ast-disable-related-posts":"","theme-transparent-header-meta":"","adv-header-id-meta":"","stick-header-meta":"","header-above-stick-meta":"","header-main-stick-meta":"","header-below-stick-meta":"","astra-migrate-meta-layouts":"default","ast-page-background-enabled":"default","ast-page-background-meta":{"desktop":{"background-color":"var(--ast-global-color-4)","background-image":"","background-repeat":"repeat","background-position":"center center","background-size":"auto","background-attachment":"scroll","background-type":"","background-media":"","overlay-type":"","overlay-color":"","overlay-opacity":"","overlay-gradient":""},"tablet":{"background-color":"","background-image":"","background-repeat":"repeat","background-position":"center center","background-size":"auto","background-attachment":"scroll","background-type":"","background-media":"","overlay-type":"","overlay-color":"","overlay-opacity":"","overlay-gradient":""},"mobile":{"background-color":"","background-image":"","background-repeat":"repeat","background-position":"center center","background-size":"auto","background-attachment":"scroll","background-type":"","background-media":"","overlay-type":"","overlay-color":"","overlay-opacity":"","overlay-gradient":""}},"ast-content-background-meta":{"desktop":{"background-color":"var(--ast-global-color-5)","background-image":"","background-repeat":"repeat","background-position":"center center","background-size":"auto","background-attachment":"scroll","background-type":"","background-media":"","overlay-type":"","overlay-color":"","overlay-opacity":"","overlay-gradient":""},"tablet":{"background-color":"var(--ast-global-color-5)","background-image":"","background-repeat":"repeat","background-position":"center center","background-size":"auto","background-attachment":"scroll","background-type":"","background-media":"","overlay-type":"","overlay-color":"","overlay-opacity":"","overlay-gradient":""},"mobile":{"background-color":"var(--ast-global-color-5)","background-image":"","background-repeat":"repeat","background-position":"center center","background-size":"auto","background-attachment":"scroll","background-type":"","background-media":"","overlay-type":"","overlay-color":"","overlay-opacity":"","overlay-gradient":""}},"iawp_total_views":532,"footnotes":""},"class_list":["post-1781","page","type-page","status-publish","hentry"],"yoast_head":"<!-- This site is optimized with the Yoast SEO plugin v27.0 - https:\/\/yoast.com\/product\/yoast-seo-wordpress\/ -->\n<title>Anmeldung und Vorbereitung f\u00fcr die Schwitzh\u00fctte - Mirnockh\u00fcter<\/title>\n<meta name=\"description\" content=\"Anmeldung Schwitzh\u00fctte\" \/>\n<meta name=\"robots\" content=\"index, follow, max-snippet:-1, max-image-preview:large, max-video-preview:-1\" \/>\n<link rel=\"canonical\" href=\"https:\/\/www.mirnockhueter.com\/en\/anmeldung-und-vorbereitung\/\" \/>\n<meta property=\"og:locale\" content=\"en_GB\" \/>\n<meta property=\"og:type\" content=\"article\" \/>\n<meta property=\"og:title\" content=\"Anmeldung und Vorbereitung f\u00fcr die Schwitzh\u00fctte - Mirnockh\u00fcter\" \/>\n<meta property=\"og:description\" content=\"Anmeldung Schwitzh\u00fctte\" \/>\n<meta property=\"og:url\" content=\"https:\/\/www.mirnockhueter.com\/en\/anmeldung-und-vorbereitung\/\" \/>\n<meta property=\"og:site_name\" content=\"Mirnockh\u00fcter\" \/>\n<meta property=\"article:publisher\" content=\"https:\/\/www.facebook.com\/mirnockhueter\/\" \/>\n<meta property=\"article:modified_time\" content=\"2023-06-10T16:12:13+00:00\" \/>\n<meta property=\"og:image\" content=\"https:\/\/www.mirnockhueter.com\/wp-content\/uploads\/2022\/05\/schwitzhuettenplatz-e1661152023515-768x432.jpg\" \/>\n<meta name=\"twitter:card\" content=\"summary_large_image\" \/>\n<meta name=\"twitter:label1\" content=\"Estimated reading time\" \/>\n\t<meta name=\"twitter:data1\" content=\"3 minutes\" \/>\n<script type=\"application\/ld+json\" class=\"yoast-schema-graph\">{\"@context\":\"https:\/\/schema.org\",\"@graph\":[{\"@type\":\"WebPage\",\"@id\":\"https:\/\/www.mirnockhueter.com\/anmeldung-und-vorbereitung\/\",\"url\":\"https:\/\/www.mirnockhueter.com\/anmeldung-und-vorbereitung\/\",\"name\":\"Anmeldung und Vorbereitung f\u00fcr die Schwitzh\u00fctte - Mirnockh\u00fcter\",\"isPartOf\":{\"@id\":\"https:\/\/www.mirnockhueter.com\/#website\"},\"primaryImageOfPage\":{\"@id\":\"https:\/\/www.mirnockhueter.com\/anmeldung-und-vorbereitung\/#primaryimage\"},\"image\":{\"@id\":\"https:\/\/www.mirnockhueter.com\/anmeldung-und-vorbereitung\/#primaryimage\"},\"thumbnailUrl\":\"https:\/\/www.mirnockhueter.com\/wp-content\/uploads\/2022\/05\/schwitzhuettenplatz-e1661152023515-768x432.jpg\",\"datePublished\":\"2022-05-08T09:53:29+00:00\",\"dateModified\":\"2023-06-10T16:12:13+00:00\",\"description\":\"Anmeldung Schwitzh\u00fctte\",\"breadcrumb\":{\"@id\":\"https:\/\/www.mirnockhueter.com\/anmeldung-und-vorbereitung\/#breadcrumb\"},\"inLanguage\":\"en-GB\",\"potentialAction\":[{\"@type\":\"ReadAction\",\"target\":[\"https:\/\/www.mirnockhueter.com\/anmeldung-und-vorbereitung\/\"]}]},{\"@type\":\"ImageObject\",\"inLanguage\":\"en-GB\",\"@id\":\"https:\/\/www.mirnockhueter.com\/anmeldung-und-vorbereitung\/#primaryimage\",\"url\":\"https:\/\/www.mirnockhueter.com\/wp-content\/uploads\/2022\/05\/schwitzhuettenplatz-e1661152023515-768x432.jpg\",\"contentUrl\":\"https:\/\/www.mirnockhueter.com\/wp-content\/uploads\/2022\/05\/schwitzhuettenplatz-e1661152023515-768x432.jpg\"},{\"@type\":\"BreadcrumbList\",\"@id\":\"https:\/\/www.mirnockhueter.com\/anmeldung-und-vorbereitung\/#breadcrumb\",\"itemListElement\":[{\"@type\":\"ListItem\",\"position\":1,\"name\":\"Startseite\",\"item\":\"https:\/\/www.mirnockhueter.com\/\"},{\"@type\":\"ListItem\",\"position\":2,\"name\":\"Anmeldung und Vorbereitung f\u00fcr die Schwitzh\u00fctte\"}]},{\"@type\":\"WebSite\",\"@id\":\"https:\/\/www.mirnockhueter.com\/#website\",\"url\":\"https:\/\/www.mirnockhueter.com\/\",\"name\":\"Mirnockh\u00fcter\",\"description\":\"Schwitzh\u00fctten am Kraftberg Mirnock in K\u00e4rnten\",\"publisher\":{\"@id\":\"https:\/\/www.mirnockhueter.com\/#organization\"},\"potentialAction\":[{\"@type\":\"SearchAction\",\"target\":{\"@type\":\"EntryPoint\",\"urlTemplate\":\"https:\/\/www.mirnockhueter.com\/?s={search_term_string}\"},\"query-input\":{\"@type\":\"PropertyValueSpecification\",\"valueRequired\":true,\"valueName\":\"search_term_string\"}}],\"inLanguage\":\"en-GB\"},{\"@type\":\"Organization\",\"@id\":\"https:\/\/www.mirnockhueter.com\/#organization\",\"name\":\"Mirnockh\u00fcter - -Schwitzh\u00fctten und Pfeifenrituale\",\"url\":\"https:\/\/www.mirnockhueter.com\/\",\"logo\":{\"@type\":\"ImageObject\",\"inLanguage\":\"en-GB\",\"@id\":\"https:\/\/www.mirnockhueter.com\/#\/schema\/logo\/image\/\",\"url\":\"https:\/\/www.mirnockhueter.com\/wp-content\/uploads\/2022\/05\/kraftplatz-mirnock.jpg\",\"contentUrl\":\"https:\/\/www.mirnockhueter.com\/wp-content\/uploads\/2022\/05\/kraftplatz-mirnock.jpg\",\"width\":1619,\"height\":1080,\"caption\":\"Mirnockh\u00fcter - -Schwitzh\u00fctten und Pfeifenrituale\"},\"image\":{\"@id\":\"https:\/\/www.mirnockhueter.com\/#\/schema\/logo\/image\/\"},\"sameAs\":[\"https:\/\/www.facebook.com\/mirnockhueter\/\"]}]}<\/script>\n<!-- \/ Yoast SEO plugin. -->","yoast_head_json":{"title":"Registration and preparation for the sweat lodge - Mirnockh\u00fcter","description":"Registration sweat lodge","robots":{"index":"index","follow":"follow","max-snippet":"max-snippet:-1","max-image-preview":"max-image-preview:large","max-video-preview":"max-video-preview:-1"},"canonical":"https:\/\/www.mirnockhueter.com\/en\/anmeldung-und-vorbereitung\/","og_locale":"en_GB","og_type":"article","og_title":"Anmeldung und Vorbereitung f\u00fcr die Schwitzh\u00fctte - Mirnockh\u00fcter","og_description":"Anmeldung Schwitzh\u00fctte","og_url":"https:\/\/www.mirnockhueter.com\/en\/anmeldung-und-vorbereitung\/","og_site_name":"Mirnockh\u00fcter","article_publisher":"https:\/\/www.facebook.com\/mirnockhueter\/","article_modified_time":"2023-06-10T16:12:13+00:00","og_image":[{"url":"https:\/\/www.mirnockhueter.com\/wp-content\/uploads\/2022\/05\/schwitzhuettenplatz-e1661152023515-768x432.jpg","type":"","width":"","height":""}],"twitter_card":"summary_large_image","twitter_misc":{"Estimated reading time":"3 minutes"},"schema":{"@context":"https:\/\/schema.org","@graph":[{"@type":"WebPage","@id":"https:\/\/www.mirnockhueter.com\/anmeldung-und-vorbereitung\/","url":"https:\/\/www.mirnockhueter.com\/anmeldung-und-vorbereitung\/","name":"Registration and preparation for the sweat lodge - Mirnockh\u00fcter","isPartOf":{"@id":"https:\/\/www.mirnockhueter.com\/#website"},"primaryImageOfPage":{"@id":"https:\/\/www.mirnockhueter.com\/anmeldung-und-vorbereitung\/#primaryimage"},"image":{"@id":"https:\/\/www.mirnockhueter.com\/anmeldung-und-vorbereitung\/#primaryimage"},"thumbnailUrl":"https:\/\/www.mirnockhueter.com\/wp-content\/uploads\/2022\/05\/schwitzhuettenplatz-e1661152023515-768x432.jpg","datePublished":"2022-05-08T09:53:29+00:00","dateModified":"2023-06-10T16:12:13+00:00","description":"Registration sweat lodge","breadcrumb":{"@id":"https:\/\/www.mirnockhueter.com\/anmeldung-und-vorbereitung\/#breadcrumb"},"inLanguage":"en-GB","potentialAction":[{"@type":"ReadAction","target":["https:\/\/www.mirnockhueter.com\/anmeldung-und-vorbereitung\/"]}]},{"@type":"ImageObject","inLanguage":"en-GB","@id":"https:\/\/www.mirnockhueter.com\/anmeldung-und-vorbereitung\/#primaryimage","url":"https:\/\/www.mirnockhueter.com\/wp-content\/uploads\/2022\/05\/schwitzhuettenplatz-e1661152023515-768x432.jpg","contentUrl":"https:\/\/www.mirnockhueter.com\/wp-content\/uploads\/2022\/05\/schwitzhuettenplatz-e1661152023515-768x432.jpg"},{"@type":"BreadcrumbList","@id":"https:\/\/www.mirnockhueter.com\/anmeldung-und-vorbereitung\/#breadcrumb","itemListElement":[{"@type":"ListItem","position":1,"name":"Startseite","item":"https:\/\/www.mirnockhueter.com\/"},{"@type":"ListItem","position":2,"name":"Anmeldung und Vorbereitung f\u00fcr die Schwitzh\u00fctte"}]},{"@type":"WebSite","@id":"https:\/\/www.mirnockhueter.com\/#website","url":"https:\/\/www.mirnockhueter.com\/","name":"Mirnock guardian","description":"Sweat lodges on the Mirnock power mountain in Carinthia","publisher":{"@id":"https:\/\/www.mirnockhueter.com\/#organization"},"potentialAction":[{"@type":"SearchAction","target":{"@type":"EntryPoint","urlTemplate":"https:\/\/www.mirnockhueter.com\/?s={search_term_string}"},"query-input":{"@type":"PropertyValueSpecification","valueRequired":true,"valueName":"search_term_string"}}],"inLanguage":"en-GB"},{"@type":"Organization","@id":"https:\/\/www.mirnockhueter.com\/#organization","name":"Mirnockh\u00fcter - sweat lodges and pipe rituals","url":"https:\/\/www.mirnockhueter.com\/","logo":{"@type":"ImageObject","inLanguage":"en-GB","@id":"https:\/\/www.mirnockhueter.com\/#\/schema\/logo\/image\/","url":"https:\/\/www.mirnockhueter.com\/wp-content\/uploads\/2022\/05\/kraftplatz-mirnock.jpg","contentUrl":"https:\/\/www.mirnockhueter.com\/wp-content\/uploads\/2022\/05\/kraftplatz-mirnock.jpg","width":1619,"height":1080,"caption":"Mirnockh\u00fcter - -Schwitzh\u00fctten und Pfeifenrituale"},"image":{"@id":"https:\/\/www.mirnockhueter.com\/#\/schema\/logo\/image\/"},"sameAs":["https:\/\/www.facebook.com\/mirnockhueter\/"]}]}},"_links":{"self":[{"href":"https:\/\/www.mirnockhueter.com\/en\/wp-json\/wp\/v2\/pages\/1781","targetHints":{"allow":["GET"]}}],"collection":[{"href":"https:\/\/www.mirnockhueter.com\/en\/wp-json\/wp\/v2\/pages"}],"about":[{"href":"https:\/\/www.mirnockhueter.com\/en\/wp-json\/wp\/v2\/types\/page"}],"author":[{"embeddable":true,"href":"https:\/\/www.mirnockhueter.com\/en\/wp-json\/wp\/v2\/users\/1"}],"replies":[{"embeddable":true,"href":"https:\/\/www.mirnockhueter.com\/en\/wp-json\/wp\/v2\/comments?post=1781"}],"version-history":[{"count":45,"href":"https:\/\/www.mirnockhueter.com\/en\/wp-json\/wp\/v2\/pages\/1781\/revisions"}],"predecessor-version":[{"id":6926,"href":"https:\/\/www.mirnockhueter.com\/en\/wp-json\/wp\/v2\/pages\/1781\/revisions\/6926"}],"wp:attachment":[{"href":"https:\/\/www.mirnockhueter.com\/en\/wp-json\/wp\/v2\/media?parent=1781"}],"curies":[{"name":"wp","href":"https:\/\/api.w.org\/{rel}","templated":true}]}}