{"id":1721,"date":"2022-05-08T11:27:35","date_gmt":"2022-05-08T09:27:35","guid":{"rendered":"http:\/\/mirnockhueter.markus-shiatsu.at\/?page_id=1721"},"modified":"2025-07-16T15:51:34","modified_gmt":"2025-07-16T13:51:34","slug":"dr-diethard-stelzl","status":"publish","type":"page","link":"https:\/\/www.mirnockhueter.com\/en\/dr-diethard-stelzl\/","title":{"rendered":"Dr Diethard Stelzl"},"content":{"rendered":"<div data-elementor-type=\"wp-page\" data-elementor-id=\"1721\" class=\"elementor elementor-1721\">\n\t\t\t\t\t\t<section class=\"elementor-section elementor-top-section elementor-element elementor-element-65b9471 elementor-section-boxed elementor-section-height-default elementor-section-height-default\" data-id=\"65b9471\" data-element_type=\"section\" data-e-type=\"section\">\n\t\t\t\t\t\t<div class=\"elementor-container elementor-column-gap-default\">\n\t\t\t\t\t<div class=\"elementor-column elementor-col-100 elementor-top-column elementor-element elementor-element-0ff2341\" data-id=\"0ff2341\" data-element_type=\"column\" data-e-type=\"column\">\n\t\t\t<div class=\"elementor-widget-wrap elementor-element-populated\">\n\t\t\t\t\t\t<div class=\"elementor-element elementor-element-c03aa6e elementor-widget elementor-widget-text-editor\" data-id=\"c03aa6e\" data-element_type=\"widget\" data-e-type=\"widget\" data-widget_type=\"text-editor.default\">\n\t\t\t\t<div class=\"elementor-widget-container\">\n\t\t\t\t\t\t\t\t\t<p><strong>Dr Diethard STELZL<\/strong>\u00a0:<\/p><p>was a recognised book author, Huna shamanism, light body process, spiritual healer, training in healing journeys to Bali, Hawaii, Egypt, workshops, lectures and seminars in Germany and Austria, scientific studies on earth chakras, the Gro\u00dfglockner and Mirnock<\/p>\t\t\t\t\t\t\t\t<\/div>\n\t\t\t\t<\/div>\n\t\t\t\t\t<\/div>\n\t\t<\/div>\n\t\t\t\t\t<\/div>\n\t\t<\/section>\n\t\t\t\t<section class=\"elementor-section elementor-top-section elementor-element elementor-element-cdb01d2 elementor-section-boxed elementor-section-height-default elementor-section-height-default\" data-id=\"cdb01d2\" data-element_type=\"section\" data-e-type=\"section\">\n\t\t\t\t\t\t<div class=\"elementor-container elementor-column-gap-default\">\n\t\t\t\t\t<div class=\"elementor-column elementor-col-100 elementor-top-column elementor-element elementor-element-b6aa1a2\" data-id=\"b6aa1a2\" data-element_type=\"column\" data-e-type=\"column\">\n\t\t\t<div class=\"elementor-widget-wrap elementor-element-populated\">\n\t\t\t\t\t\t<div class=\"elementor-element elementor-element-bbb857e elementor-widget elementor-widget-image\" data-id=\"bbb857e\" data-element_type=\"widget\" data-e-type=\"widget\" data-widget_type=\"image.default\">\n\t\t\t\t<div class=\"elementor-widget-container\">\n\t\t\t\t\t\t\t\t\t\t\t\t\t\t\t\t<a href=\"https:\/\/www.mirnockhueter.com\/wp-content\/uploads\/2025\/05\/WhatsApp-Image-2025-05-25-at-09.43.55.jpeg\" data-elementor-open-lightbox=\"yes\" data-e-action-hash=\"#elementor-action%3Aaction%3Dlightbox%26settings%3DeyJpZCI6ODM5NCwidXJsIjoiaHR0cHM6XC9cL3d3dy5taXJub2NraHVldGVyLmNvbVwvd3AtY29udGVudFwvdXBsb2Fkc1wvMjAyNVwvMDVcL1doYXRzQXBwLUltYWdlLTIwMjUtMDUtMjUtYXQtMDkuNDMuNTUuanBlZyJ9\">\n\t\t\t\t\t\t\t<img fetchpriority=\"high\" decoding=\"async\" width=\"212\" height=\"300\" src=\"https:\/\/www.mirnockhueter.com\/wp-content\/uploads\/2025\/05\/WhatsApp-Image-2025-05-25-at-09.43.55-212x300.jpeg\" class=\"attachment-medium size-medium wp-image-8394\" alt=\"Pate Stelzl\" srcset=\"https:\/\/www.mirnockhueter.com\/wp-content\/uploads\/2025\/05\/WhatsApp-Image-2025-05-25-at-09.43.55-212x300.jpeg 212w, https:\/\/www.mirnockhueter.com\/wp-content\/uploads\/2025\/05\/WhatsApp-Image-2025-05-25-at-09.43.55-724x1024.jpeg 724w, https:\/\/www.mirnockhueter.com\/wp-content\/uploads\/2025\/05\/WhatsApp-Image-2025-05-25-at-09.43.55-768x1086.jpeg 768w, https:\/\/www.mirnockhueter.com\/wp-content\/uploads\/2025\/05\/WhatsApp-Image-2025-05-25-at-09.43.55-1086x1536.jpeg 1086w, https:\/\/www.mirnockhueter.com\/wp-content\/uploads\/2025\/05\/WhatsApp-Image-2025-05-25-at-09.43.55.jpeg 1131w\" sizes=\"(max-width: 212px) 100vw, 212px\" \/>\t\t\t\t\t\t\t\t<\/a>\n\t\t\t\t\t\t\t\t\t\t\t\t\t\t\t<\/div>\n\t\t\t\t<\/div>\n\t\t\t\t\t<\/div>\n\t\t<\/div>\n\t\t\t\t\t<\/div>\n\t\t<\/section>\n\t\t\t\t<section class=\"elementor-section elementor-top-section elementor-element elementor-element-2da7bb7 elementor-section-boxed elementor-section-height-default elementor-section-height-default\" data-id=\"2da7bb7\" data-element_type=\"section\" data-e-type=\"section\">\n\t\t\t\t\t\t<div class=\"elementor-container elementor-column-gap-default\">\n\t\t\t\t\t<div class=\"elementor-column elementor-col-100 elementor-top-column elementor-element elementor-element-0bd505c\" data-id=\"0bd505c\" data-element_type=\"column\" data-e-type=\"column\">\n\t\t\t<div class=\"elementor-widget-wrap elementor-element-populated\">\n\t\t\t\t\t\t<div class=\"elementor-element elementor-element-d6165c9 elementor-widget elementor-widget-image\" data-id=\"d6165c9\" data-element_type=\"widget\" data-e-type=\"widget\" data-widget_type=\"image.default\">\n\t\t\t\t<div class=\"elementor-widget-container\">\n\t\t\t\t\t\t\t\t\t\t\t\t\t\t\t<img decoding=\"async\" width=\"225\" height=\"224\" src=\"https:\/\/www.mirnockhueter.com\/wp-content\/uploads\/2022\/05\/Download.jpg\" class=\"attachment-large size-large wp-image-1759\" alt=\"\" srcset=\"https:\/\/www.mirnockhueter.com\/wp-content\/uploads\/2022\/05\/Download.jpg 225w, https:\/\/www.mirnockhueter.com\/wp-content\/uploads\/2022\/05\/Download-150x150.jpg 150w\" sizes=\"(max-width: 225px) 100vw, 225px\" \/>\t\t\t\t\t\t\t\t\t\t\t\t\t\t\t<\/div>\n\t\t\t\t<\/div>\n\t\t\t\t\t<\/div>\n\t\t<\/div>\n\t\t\t\t\t<\/div>\n\t\t<\/section>\n\t\t\t\t<\/div>","protected":false},"excerpt":{"rendered":"<p>Dr. Diethard STELZL : was a recognised book author, Huna shamanism, light body process, spiritual healer, training in healing journeys to Bali, Hawaii, Egypt, workshops, lectures and seminars in Germany and Austria, scientific studies on earth chakras, the Gro\u00dfglockner and Mirnock<\/p>","protected":false},"author":1,"featured_media":0,"parent":0,"menu_order":0,"comment_status":"closed","ping_status":"closed","template":"","meta":{"site-sidebar-layout":"no-sidebar","site-content-layout":"page-builder","ast-site-content-layout":"default","site-content-style":"default","site-sidebar-style":"default","ast-global-header-display":"","ast-banner-title-visibility":"","ast-main-header-display":"","ast-hfb-above-header-display":"","ast-hfb-below-header-display":"","ast-hfb-mobile-header-display":"","site-post-title":"disabled","ast-breadcrumbs-content":"","ast-featured-img":"disabled","footer-sml-layout":"","ast-disable-related-posts":"","theme-transparent-header-meta":"","adv-header-id-meta":"","stick-header-meta":"","header-above-stick-meta":"","header-main-stick-meta":"","header-below-stick-meta":"","astra-migrate-meta-layouts":"default","ast-page-background-enabled":"default","ast-page-background-meta":{"desktop":{"background-color":"var(--ast-global-color-4)","background-image":"","background-repeat":"repeat","background-position":"center center","background-size":"auto","background-attachment":"scroll","background-type":"","background-media":"","overlay-type":"","overlay-color":"","overlay-opacity":"","overlay-gradient":""},"tablet":{"background-color":"","background-image":"","background-repeat":"repeat","background-position":"center center","background-size":"auto","background-attachment":"scroll","background-type":"","background-media":"","overlay-type":"","overlay-color":"","overlay-opacity":"","overlay-gradient":""},"mobile":{"background-color":"","background-image":"","background-repeat":"repeat","background-position":"center center","background-size":"auto","background-attachment":"scroll","background-type":"","background-media":"","overlay-type":"","overlay-color":"","overlay-opacity":"","overlay-gradient":""}},"ast-content-background-meta":{"desktop":{"background-color":"var(--ast-global-color-5)","background-image":"","background-repeat":"repeat","background-position":"center center","background-size":"auto","background-attachment":"scroll","background-type":"","background-media":"","overlay-type":"","overlay-color":"","overlay-opacity":"","overlay-gradient":""},"tablet":{"background-color":"var(--ast-global-color-5)","background-image":"","background-repeat":"repeat","background-position":"center center","background-size":"auto","background-attachment":"scroll","background-type":"","background-media":"","overlay-type":"","overlay-color":"","overlay-opacity":"","overlay-gradient":""},"mobile":{"background-color":"var(--ast-global-color-5)","background-image":"","background-repeat":"repeat","background-position":"center center","background-size":"auto","background-attachment":"scroll","background-type":"","background-media":"","overlay-type":"","overlay-color":"","overlay-opacity":"","overlay-gradient":""}},"iawp_total_views":1002,"footnotes":""},"class_list":["post-1721","page","type-page","status-publish","hentry"],"yoast_head":"<!-- This site is optimized with the Yoast SEO plugin v27.0 - https:\/\/yoast.com\/product\/yoast-seo-wordpress\/ -->\n<title>Dr. Diethard Stelzl - Mirnockh\u00fcter<\/title>\n<meta name=\"robots\" content=\"index, follow, max-snippet:-1, max-image-preview:large, max-video-preview:-1\" \/>\n<link rel=\"canonical\" href=\"https:\/\/www.mirnockhueter.com\/en\/dr-diethard-stelzl\/\" \/>\n<meta property=\"og:locale\" content=\"en_GB\" \/>\n<meta property=\"og:type\" content=\"article\" \/>\n<meta property=\"og:title\" content=\"Dr. Diethard Stelzl - Mirnockh\u00fcter\" \/>\n<meta property=\"og:description\" content=\"Dr. Diethard STELZL\u00a0: war ein anerkannter Buchautor, Huna-Schamanismus, Lichtk\u00f6rperprozess, Geistheiler, Ausbildungen bei Heilreisen nach Bali, Hawaii, \u00c4gypten, Workshops, Vortr\u00e4ge und Seminare in Deutschland und \u00d6sterreich, wissenschaftliche Studien \u00fcber Erdchakren, den Gro\u00dfglockner und Mirnock\" \/>\n<meta property=\"og:url\" content=\"https:\/\/www.mirnockhueter.com\/en\/dr-diethard-stelzl\/\" \/>\n<meta property=\"og:site_name\" content=\"Mirnockh\u00fcter\" \/>\n<meta property=\"article:publisher\" content=\"https:\/\/www.facebook.com\/mirnockhueter\/\" \/>\n<meta property=\"article:modified_time\" content=\"2025-07-16T13:51:34+00:00\" \/>\n<meta property=\"og:image\" content=\"https:\/\/www.mirnockhueter.com\/wp-content\/uploads\/2025\/05\/WhatsApp-Image-2025-05-25-at-09.43.55.jpeg\" \/>\n\t<meta property=\"og:image:width\" content=\"1131\" \/>\n\t<meta property=\"og:image:height\" content=\"1600\" \/>\n\t<meta property=\"og:image:type\" content=\"image\/jpeg\" \/>\n<meta name=\"twitter:card\" content=\"summary_large_image\" \/>\n<script type=\"application\/ld+json\" class=\"yoast-schema-graph\">{\"@context\":\"https:\/\/schema.org\",\"@graph\":[{\"@type\":\"WebPage\",\"@id\":\"https:\/\/www.mirnockhueter.com\/dr-diethard-stelzl\/\",\"url\":\"https:\/\/www.mirnockhueter.com\/dr-diethard-stelzl\/\",\"name\":\"Dr. Diethard Stelzl - Mirnockh\u00fcter\",\"isPartOf\":{\"@id\":\"https:\/\/www.mirnockhueter.com\/#website\"},\"primaryImageOfPage\":{\"@id\":\"https:\/\/www.mirnockhueter.com\/dr-diethard-stelzl\/#primaryimage\"},\"image\":{\"@id\":\"https:\/\/www.mirnockhueter.com\/dr-diethard-stelzl\/#primaryimage\"},\"thumbnailUrl\":\"https:\/\/www.mirnockhueter.com\/wp-content\/uploads\/2025\/05\/WhatsApp-Image-2025-05-25-at-09.43.55-212x300.jpeg\",\"datePublished\":\"2022-05-08T09:27:35+00:00\",\"dateModified\":\"2025-07-16T13:51:34+00:00\",\"breadcrumb\":{\"@id\":\"https:\/\/www.mirnockhueter.com\/dr-diethard-stelzl\/#breadcrumb\"},\"inLanguage\":\"en-GB\",\"potentialAction\":[{\"@type\":\"ReadAction\",\"target\":[\"https:\/\/www.mirnockhueter.com\/dr-diethard-stelzl\/\"]}]},{\"@type\":\"ImageObject\",\"inLanguage\":\"en-GB\",\"@id\":\"https:\/\/www.mirnockhueter.com\/dr-diethard-stelzl\/#primaryimage\",\"url\":\"https:\/\/www.mirnockhueter.com\/wp-content\/uploads\/2025\/05\/WhatsApp-Image-2025-05-25-at-09.43.55-212x300.jpeg\",\"contentUrl\":\"https:\/\/www.mirnockhueter.com\/wp-content\/uploads\/2025\/05\/WhatsApp-Image-2025-05-25-at-09.43.55-212x300.jpeg\"},{\"@type\":\"BreadcrumbList\",\"@id\":\"https:\/\/www.mirnockhueter.com\/dr-diethard-stelzl\/#breadcrumb\",\"itemListElement\":[{\"@type\":\"ListItem\",\"position\":1,\"name\":\"Startseite\",\"item\":\"https:\/\/www.mirnockhueter.com\/\"},{\"@type\":\"ListItem\",\"position\":2,\"name\":\"Dr. Diethard Stelzl\"}]},{\"@type\":\"WebSite\",\"@id\":\"https:\/\/www.mirnockhueter.com\/#website\",\"url\":\"https:\/\/www.mirnockhueter.com\/\",\"name\":\"Mirnockh\u00fcter\",\"description\":\"Schwitzh\u00fctten am Kraftberg Mirnock in K\u00e4rnten\",\"publisher\":{\"@id\":\"https:\/\/www.mirnockhueter.com\/#organization\"},\"potentialAction\":[{\"@type\":\"SearchAction\",\"target\":{\"@type\":\"EntryPoint\",\"urlTemplate\":\"https:\/\/www.mirnockhueter.com\/?s={search_term_string}\"},\"query-input\":{\"@type\":\"PropertyValueSpecification\",\"valueRequired\":true,\"valueName\":\"search_term_string\"}}],\"inLanguage\":\"en-GB\"},{\"@type\":\"Organization\",\"@id\":\"https:\/\/www.mirnockhueter.com\/#organization\",\"name\":\"Mirnockh\u00fcter - -Schwitzh\u00fctten und Pfeifenrituale\",\"url\":\"https:\/\/www.mirnockhueter.com\/\",\"logo\":{\"@type\":\"ImageObject\",\"inLanguage\":\"en-GB\",\"@id\":\"https:\/\/www.mirnockhueter.com\/#\/schema\/logo\/image\/\",\"url\":\"https:\/\/www.mirnockhueter.com\/wp-content\/uploads\/2022\/05\/kraftplatz-mirnock.jpg\",\"contentUrl\":\"https:\/\/www.mirnockhueter.com\/wp-content\/uploads\/2022\/05\/kraftplatz-mirnock.jpg\",\"width\":1619,\"height\":1080,\"caption\":\"Mirnockh\u00fcter - -Schwitzh\u00fctten und Pfeifenrituale\"},\"image\":{\"@id\":\"https:\/\/www.mirnockhueter.com\/#\/schema\/logo\/image\/\"},\"sameAs\":[\"https:\/\/www.facebook.com\/mirnockhueter\/\"]}]}<\/script>\n<!-- \/ Yoast SEO plugin. -->","yoast_head_json":{"title":"Dr Diethard Stelzl - Mirnockh\u00fcter","robots":{"index":"index","follow":"follow","max-snippet":"max-snippet:-1","max-image-preview":"max-image-preview:large","max-video-preview":"max-video-preview:-1"},"canonical":"https:\/\/www.mirnockhueter.com\/en\/dr-diethard-stelzl\/","og_locale":"en_GB","og_type":"article","og_title":"Dr. Diethard Stelzl - Mirnockh\u00fcter","og_description":"Dr. Diethard STELZL\u00a0: war ein anerkannter Buchautor, Huna-Schamanismus, Lichtk\u00f6rperprozess, Geistheiler, Ausbildungen bei Heilreisen nach Bali, Hawaii, \u00c4gypten, Workshops, Vortr\u00e4ge und Seminare in Deutschland und \u00d6sterreich, wissenschaftliche Studien \u00fcber Erdchakren, den Gro\u00dfglockner und Mirnock","og_url":"https:\/\/www.mirnockhueter.com\/en\/dr-diethard-stelzl\/","og_site_name":"Mirnockh\u00fcter","article_publisher":"https:\/\/www.facebook.com\/mirnockhueter\/","article_modified_time":"2025-07-16T13:51:34+00:00","og_image":[{"width":1131,"height":1600,"url":"https:\/\/www.mirnockhueter.com\/wp-content\/uploads\/2025\/05\/WhatsApp-Image-2025-05-25-at-09.43.55.jpeg","type":"image\/jpeg"}],"twitter_card":"summary_large_image","schema":{"@context":"https:\/\/schema.org","@graph":[{"@type":"WebPage","@id":"https:\/\/www.mirnockhueter.com\/dr-diethard-stelzl\/","url":"https:\/\/www.mirnockhueter.com\/dr-diethard-stelzl\/","name":"Dr Diethard Stelzl - Mirnockh\u00fcter","isPartOf":{"@id":"https:\/\/www.mirnockhueter.com\/#website"},"primaryImageOfPage":{"@id":"https:\/\/www.mirnockhueter.com\/dr-diethard-stelzl\/#primaryimage"},"image":{"@id":"https:\/\/www.mirnockhueter.com\/dr-diethard-stelzl\/#primaryimage"},"thumbnailUrl":"https:\/\/www.mirnockhueter.com\/wp-content\/uploads\/2025\/05\/WhatsApp-Image-2025-05-25-at-09.43.55-212x300.jpeg","datePublished":"2022-05-08T09:27:35+00:00","dateModified":"2025-07-16T13:51:34+00:00","breadcrumb":{"@id":"https:\/\/www.mirnockhueter.com\/dr-diethard-stelzl\/#breadcrumb"},"inLanguage":"en-GB","potentialAction":[{"@type":"ReadAction","target":["https:\/\/www.mirnockhueter.com\/dr-diethard-stelzl\/"]}]},{"@type":"ImageObject","inLanguage":"en-GB","@id":"https:\/\/www.mirnockhueter.com\/dr-diethard-stelzl\/#primaryimage","url":"https:\/\/www.mirnockhueter.com\/wp-content\/uploads\/2025\/05\/WhatsApp-Image-2025-05-25-at-09.43.55-212x300.jpeg","contentUrl":"https:\/\/www.mirnockhueter.com\/wp-content\/uploads\/2025\/05\/WhatsApp-Image-2025-05-25-at-09.43.55-212x300.jpeg"},{"@type":"BreadcrumbList","@id":"https:\/\/www.mirnockhueter.com\/dr-diethard-stelzl\/#breadcrumb","itemListElement":[{"@type":"ListItem","position":1,"name":"Startseite","item":"https:\/\/www.mirnockhueter.com\/"},{"@type":"ListItem","position":2,"name":"Dr. Diethard Stelzl"}]},{"@type":"WebSite","@id":"https:\/\/www.mirnockhueter.com\/#website","url":"https:\/\/www.mirnockhueter.com\/","name":"Mirnock guardian","description":"Sweat lodges on the Mirnock power mountain in Carinthia","publisher":{"@id":"https:\/\/www.mirnockhueter.com\/#organization"},"potentialAction":[{"@type":"SearchAction","target":{"@type":"EntryPoint","urlTemplate":"https:\/\/www.mirnockhueter.com\/?s={search_term_string}"},"query-input":{"@type":"PropertyValueSpecification","valueRequired":true,"valueName":"search_term_string"}}],"inLanguage":"en-GB"},{"@type":"Organization","@id":"https:\/\/www.mirnockhueter.com\/#organization","name":"Mirnockh\u00fcter - sweat lodges and pipe rituals","url":"https:\/\/www.mirnockhueter.com\/","logo":{"@type":"ImageObject","inLanguage":"en-GB","@id":"https:\/\/www.mirnockhueter.com\/#\/schema\/logo\/image\/","url":"https:\/\/www.mirnockhueter.com\/wp-content\/uploads\/2022\/05\/kraftplatz-mirnock.jpg","contentUrl":"https:\/\/www.mirnockhueter.com\/wp-content\/uploads\/2022\/05\/kraftplatz-mirnock.jpg","width":1619,"height":1080,"caption":"Mirnockh\u00fcter - -Schwitzh\u00fctten und Pfeifenrituale"},"image":{"@id":"https:\/\/www.mirnockhueter.com\/#\/schema\/logo\/image\/"},"sameAs":["https:\/\/www.facebook.com\/mirnockhueter\/"]}]}},"_links":{"self":[{"href":"https:\/\/www.mirnockhueter.com\/en\/wp-json\/wp\/v2\/pages\/1721","targetHints":{"allow":["GET"]}}],"collection":[{"href":"https:\/\/www.mirnockhueter.com\/en\/wp-json\/wp\/v2\/pages"}],"about":[{"href":"https:\/\/www.mirnockhueter.com\/en\/wp-json\/wp\/v2\/types\/page"}],"author":[{"embeddable":true,"href":"https:\/\/www.mirnockhueter.com\/en\/wp-json\/wp\/v2\/users\/1"}],"replies":[{"embeddable":true,"href":"https:\/\/www.mirnockhueter.com\/en\/wp-json\/wp\/v2\/comments?post=1721"}],"version-history":[{"count":11,"href":"https:\/\/www.mirnockhueter.com\/en\/wp-json\/wp\/v2\/pages\/1721\/revisions"}],"predecessor-version":[{"id":8527,"href":"https:\/\/www.mirnockhueter.com\/en\/wp-json\/wp\/v2\/pages\/1721\/revisions\/8527"}],"wp:attachment":[{"href":"https:\/\/www.mirnockhueter.com\/en\/wp-json\/wp\/v2\/media?parent=1721"}],"curies":[{"name":"wp","href":"https:\/\/api.w.org\/{rel}","templated":true}]}}