{"id":14,"date":"2021-11-21T15:14:19","date_gmt":"2021-11-21T14:14:19","guid":{"rendered":"http:\/\/mirnockhueter.markus-shiatsu.at\/about\/"},"modified":"2024-03-27T11:33:47","modified_gmt":"2024-03-27T10:33:47","slug":"ueber-uns","status":"publish","type":"page","link":"https:\/\/www.mirnockhueter.com\/en\/ueber-uns\/","title":{"rendered":"About us"},"content":{"rendered":"<div data-elementor-type=\"wp-page\" data-elementor-id=\"14\" class=\"elementor elementor-14\">\n\t\t\t\t\t\t<section class=\"elementor-section elementor-top-section elementor-element elementor-element-2330c7c elementor-section-height-min-height elementor-section-boxed elementor-section-height-default elementor-section-items-middle\" data-id=\"2330c7c\" data-element_type=\"section\" data-e-type=\"section\">\n\t\t\t\t\t\t<div class=\"elementor-container elementor-column-gap-default\">\n\t\t\t\t\t<div class=\"elementor-column elementor-col-33 elementor-top-column elementor-element elementor-element-5ac0147\" data-id=\"5ac0147\" data-element_type=\"column\" data-e-type=\"column\">\n\t\t\t<div class=\"elementor-widget-wrap elementor-element-populated\">\n\t\t\t\t\t\t<div class=\"elementor-element elementor-element-e1f867f elementor-widget elementor-widget-text-editor\" data-id=\"e1f867f\" data-element_type=\"widget\" data-e-type=\"widget\" data-widget_type=\"text-editor.default\">\n\t\t\t\t<div class=\"elementor-widget-container\">\n\t\t\t\t\t\t\t\t\t<p style=\"text-align: center;\"><strong><a href=\"\/en\/Harald\/\">Harald<\/a><\/strong><\/p><p style=\"text-align: center;\"><strong><a href=\"\/en\/heinz-peter\/\">Heinz-Peter<\/a><\/strong><\/p><p style=\"text-align: center;\"><strong><a href=\"https:\/\/www.mirnockhueter.com\/en\/karl\/\">Charles<\/a><\/strong><\/p><p style=\"text-align: center;\"><strong><a href=\"https:\/\/www.mirnockhueter.com\/en\/lena\/\">Lena<\/a><\/strong><\/p><p style=\"text-align: center;\"><strong><a href=\"https:\/\/www.mirnockhueter.com\/en\/mario\/\">Mario<\/a><\/strong><\/p><p style=\"text-align: center;\"><strong><a href=\"https:\/\/www.mirnockhueter.com\/en\/markus\/\">Mark<\/a><\/strong><\/p><p style=\"text-align: center;\"><strong><a href=\"https:\/\/www.mirnockhueter.com\/en\/nikolaus\/\">St Nicholas<\/a><\/strong><\/p><p style=\"text-align: center;\"><strong><a href=\"https:\/\/www.mirnockhueter.com\/en\/regina\/\">Patrick<\/a><\/strong><\/p><p style=\"text-align: center;\"><strong><a href=\"https:\/\/www.mirnockhueter.com\/en\/regina\/\">Regina<\/a><\/strong><\/p><p style=\"text-align: center;\"><strong><a href=\"https:\/\/www.mirnockhueter.com\/en\/rudolf\/\">Rudolf<\/a><\/strong><\/p><p style=\"text-align: center;\"><strong><a href=\"https:\/\/www.mirnockhueter.com\/en\/sabine\/\">Sabine<\/a><\/strong><\/p><p style=\"text-align: center;\"><strong><a href=\"https:\/\/www.mirnockhueter.com\/en\/susanne\/\">Susanne<\/a><\/strong><\/p>\t\t\t\t\t\t\t\t<\/div>\n\t\t\t\t<\/div>\n\t\t\t\t\t<\/div>\n\t\t<\/div>\n\t\t\t\t<div class=\"elementor-column elementor-col-66 elementor-top-column elementor-element elementor-element-84d4f7f\" data-id=\"84d4f7f\" data-element_type=\"column\" data-e-type=\"column\">\n\t\t\t<div class=\"elementor-widget-wrap elementor-element-populated\">\n\t\t\t\t\t\t<div class=\"elementor-element elementor-element-d878e6f elementor-widget elementor-widget-image\" data-id=\"d878e6f\" data-element_type=\"widget\" data-e-type=\"widget\" data-widget_type=\"image.default\">\n\t\t\t\t<div class=\"elementor-widget-container\">\n\t\t\t\t\t\t\t\t\t\t\t\t\t\t\t<img fetchpriority=\"high\" decoding=\"async\" width=\"600\" height=\"450\" src=\"https:\/\/www.mirnockhueter.com\/wp-content\/uploads\/2022\/05\/schwitzhuette-am-mirnock.jpg\" class=\"attachment-medium_large size-medium_large wp-image-1492\" alt=\"Schwitzh\u00fctte am Mirnock\" srcset=\"https:\/\/www.mirnockhueter.com\/wp-content\/uploads\/2022\/05\/schwitzhuette-am-mirnock.jpg 600w, https:\/\/www.mirnockhueter.com\/wp-content\/uploads\/2022\/05\/schwitzhuette-am-mirnock-300x225.jpg 300w\" sizes=\"(max-width: 600px) 100vw, 600px\" \/>\t\t\t\t\t\t\t\t\t\t\t\t\t\t\t<\/div>\n\t\t\t\t<\/div>\n\t\t\t\t\t<\/div>\n\t\t<\/div>\n\t\t\t\t\t<\/div>\n\t\t<\/section>\n\t\t\t\t<section class=\"elementor-section elementor-top-section elementor-element elementor-element-dd745ed elementor-section-boxed elementor-section-height-default elementor-section-height-default\" data-id=\"dd745ed\" data-element_type=\"section\" data-e-type=\"section\">\n\t\t\t\t\t\t<div class=\"elementor-container elementor-column-gap-default\">\n\t\t\t\t\t<div class=\"elementor-column elementor-col-100 elementor-top-column elementor-element elementor-element-69dd86e\" data-id=\"69dd86e\" data-element_type=\"column\" data-e-type=\"column\">\n\t\t\t<div class=\"elementor-widget-wrap elementor-element-populated\">\n\t\t\t\t\t\t<div class=\"elementor-element elementor-element-6f8fad3 elementor-widget elementor-widget-text-editor\" data-id=\"6f8fad3\" data-element_type=\"widget\" data-e-type=\"widget\" data-widget_type=\"text-editor.default\">\n\t\t\t\t<div class=\"elementor-widget-container\">\n\t\t\t\t\t\t\t\t\t<div class=\"diywebContent\"><div class=\"diywebLiveArea diyfeCA diyfeCA1\"><div class=\"diywebMain\"><div class=\"diywebGutter\"><div id=\"content_area\"><div id=\"matrix_375384\" class=\"sortable-matrix\" data-matrixid=\"375384\"><div class=\"n module-type-header diyfeLiveArea\"><h1 style=\"text-align: center;\"><span class=\"diyfeDecoration\">About us<\/span><\/h1><\/div><div class=\"n module-type-textWithImage diyfeLiveArea\" style=\"text-align: left;\"><div id=\"textWithImage-1932354\" class=\"clearover\"><div class=\"align-container imgright imgblock\" style=\"text-align: center;\"><span style=\"font-size: 16px;\">We were founded in February 2011 by spiritual and visionary friends in Carinthia. <\/span><em style=\"font-size: 16px;\">non-profit organisation<\/em><span style=\"font-size: 16px;\">\u00a0with the aim of passing on to other people our experiences and the knowledge we have received from indigenous teachers, spiritual healers, shamans, medicine men, nature experts and our ancestors in the great outdoors on the Mirnock power mountain.<\/span><\/div><div class=\"textwrapper\"><p style=\"text-align: center;\">Registered office: Municipality of Ferndorf\/District of Villach-Land\/Carinthia<\/p><div>\u00a0<\/div><p><span style=\"font-size: 16px;\">The particularly strong energies of the Mirnock power mountain were already known in the Stone Age and to our Celtic ancestors in Upper Carinthia and were worshipped at numerous power places and used for healings and ceremonies. The Mirnock lies at the intersection of two leylines (power lines), a male and female energy line, and is therefore connected to the energy field of the Grossglockner and power places in Europe up to the Himalayas, with the earth chakras on all continents in the global energetic grid.<\/span><\/p><\/div><\/div><\/div><div class=\"n module-type-text diyfeLiveArea\" style=\"text-align: left;\"><p>With its energy field and water sources and its special geomantic location between the valleys, lakes and rivers around Lake Millstatt, the Mirnock can be described as one of the most powerful places of energy in Europe (study by Dr Diethard STELZL).<\/p><p>The Native American shamans WAMBLI MONI (Lakota), INTI CESAR MALASQUEZ (Inca), JOVEN SACHARUNA MURAYARI (Amazonian curandero from Peru) and Buddhist monks from Tibet and Nepal have also been able to utilise this effectively for their ceremonies and earth healings in recent years. The Mirnock is therefore an ideal place to connect with the elemental forces of Mother Earth and the cosmic energies through ancient rituals, ceremonies and meditations in order to regain harmony for body, mind and soul.<\/p><p>These healers and medicine men have encouraged us as locals to take more care of our local mountain Mirnock and its unique energy quality for healing work for the benefit of all and for earth healings.\u00a0\u00a0<\/p><p>That is why we are called: \u00a0<strong>MIRNOCKH\u00dcTER<\/strong><\/p><\/div><\/div><\/div><\/div><\/div><\/div><\/div><div class=\"diywebFooter\"><div class=\"diywebLiveArea\"><div class=\"diywebGutter\"><div id=\"contentfooter\" style=\"text-align: left;\">\u00a0<\/div><div id=\"contentfooter\" style=\"text-align: left;\">\u00a0<\/div><\/div><\/div><\/div>\t\t\t\t\t\t\t\t<\/div>\n\t\t\t\t<\/div>\n\t\t\t\t\t<\/div>\n\t\t<\/div>\n\t\t\t\t\t<\/div>\n\t\t<\/section>\n\t\t\t\t<section class=\"elementor-section elementor-top-section elementor-element elementor-element-5b96187 elementor-section-boxed elementor-section-height-default elementor-section-height-default\" data-id=\"5b96187\" data-element_type=\"section\" data-e-type=\"section\">\n\t\t\t\t\t\t<div class=\"elementor-container elementor-column-gap-default\">\n\t\t\t\t\t<div class=\"elementor-column elementor-col-100 elementor-top-column elementor-element elementor-element-a3e808f\" data-id=\"a3e808f\" data-element_type=\"column\" data-e-type=\"column\">\n\t\t\t<div class=\"elementor-widget-wrap elementor-element-populated\">\n\t\t\t\t\t\t<div class=\"elementor-element elementor-element-ee08161 elementor-widget elementor-widget-video\" data-id=\"ee08161\" data-element_type=\"widget\" data-e-type=\"widget\" data-settings=\"{&quot;video_type&quot;:&quot;hosted&quot;,&quot;controls&quot;:&quot;yes&quot;}\" data-widget_type=\"video.default\">\n\t\t\t\t<div class=\"elementor-widget-container\">\n\t\t\t\t\t\t\t<div class=\"e-hosted-video elementor-wrapper elementor-open-inline\">\n\t\t\t\t\t<video class=\"elementor-video\" src=\"https:\/\/www.mirnockhueter.com\/wp-content\/uploads\/2022\/05\/Mirnockhu\u0308ter-TV-2014.mp4\" controls=\"\" preload=\"metadata\" controlslist=\"nodownload\" poster=\"https:\/\/www.mirnockhueter.com\/wp-content\/uploads\/2022\/08\/Mirnockhueter-im-TV-e1661012723830.jpg\"><\/video>\n\t\t\t\t<\/div>\n\t\t\t\t\t\t<\/div>\n\t\t\t\t<\/div>\n\t\t\t\t\t<\/div>\n\t\t<\/div>\n\t\t\t\t\t<\/div>\n\t\t<\/section>\n\t\t\t\t<\/div>","protected":false},"excerpt":{"rendered":"<p>Harald Heinz-Peter Karl Lena Mario Markus Nikolaus Patrick Regina Rudolf Sabine Susanne \u00dcber uns Wir sind ein im Feber 2011 von spirituellen und vision\u00e4ren Freunden in K\u00e4rnten gegr\u00fcndeter gemeinn\u00fctziger Verein\u00a0mit dem Ziel anderen Menschen unsere Erfahrungen und das erhaltene Wissen von indigenen Lehrern, Geistheilern, Schamanen, Medizinm\u00e4nnern, Naturkundigen und unseren Vorfahren in freier Natur am Kraftberg [&hellip;]<\/p>\n","protected":false},"author":1,"featured_media":0,"parent":0,"menu_order":0,"comment_status":"closed","ping_status":"closed","template":"","meta":{"site-sidebar-layout":"default","site-content-layout":"page-builder","ast-site-content-layout":"default","site-content-style":"default","site-sidebar-style":"default","ast-global-header-display":"","ast-banner-title-visibility":"","ast-main-header-display":"","ast-hfb-above-header-display":"","ast-hfb-below-header-display":"","ast-hfb-mobile-header-display":"","site-post-title":"disabled","ast-breadcrumbs-content":"","ast-featured-img":"disabled","footer-sml-layout":"","ast-disable-related-posts":"","theme-transparent-header-meta":"disabled","adv-header-id-meta":"","stick-header-meta":"","header-above-stick-meta":"","header-main-stick-meta":"","header-below-stick-meta":"","astra-migrate-meta-layouts":"default","ast-page-background-enabled":"default","ast-page-background-meta":{"desktop":{"background-color":"var(--ast-global-color-4)","background-image":"","background-repeat":"repeat","background-position":"center center","background-size":"auto","background-attachment":"scroll","background-type":"","background-media":"","overlay-type":"","overlay-color":"","overlay-opacity":"","overlay-gradient":""},"tablet":{"background-color":"","background-image":"","background-repeat":"repeat","background-position":"center center","background-size":"auto","background-attachment":"scroll","background-type":"","background-media":"","overlay-type":"","overlay-color":"","overlay-opacity":"","overlay-gradient":""},"mobile":{"background-color":"","background-image":"","background-repeat":"repeat","background-position":"center center","background-size":"auto","background-attachment":"scroll","background-type":"","background-media":"","overlay-type":"","overlay-color":"","overlay-opacity":"","overlay-gradient":""}},"ast-content-background-meta":{"desktop":{"background-color":"var(--ast-global-color-5)","background-image":"","background-repeat":"repeat","background-position":"center center","background-size":"auto","background-attachment":"scroll","background-type":"","background-media":"","overlay-type":"","overlay-color":"","overlay-opacity":"","overlay-gradient":""},"tablet":{"background-color":"var(--ast-global-color-5)","background-image":"","background-repeat":"repeat","background-position":"center center","background-size":"auto","background-attachment":"scroll","background-type":"","background-media":"","overlay-type":"","overlay-color":"","overlay-opacity":"","overlay-gradient":""},"mobile":{"background-color":"var(--ast-global-color-5)","background-image":"","background-repeat":"repeat","background-position":"center center","background-size":"auto","background-attachment":"scroll","background-type":"","background-media":"","overlay-type":"","overlay-color":"","overlay-opacity":"","overlay-gradient":""}},"iawp_total_views":458,"footnotes":""},"class_list":["post-14","page","type-page","status-publish","hentry"],"yoast_head":"<!-- This site is optimized with the Yoast SEO plugin v27.0 - https:\/\/yoast.com\/product\/yoast-seo-wordpress\/ -->\n<title>\u00dcber Uns - Mirnockh\u00fcter<\/title>\n<meta name=\"description\" content=\"Wir sind ein gemeinn\u00fctziger Verein mit dem Ziel anderen Menschen unsere Erfahrungen und das erhaltene Wissen von indigenen Lehrern, Geistheilern, Schamanen, Medizinm\u00e4nnern, Naturkundigen und unseren Vorfahren in freier Natur am Kraftberg Mirnock weiterzugeben.\" \/>\n<meta name=\"robots\" content=\"index, follow, max-snippet:-1, max-image-preview:large, max-video-preview:-1\" \/>\n<link rel=\"canonical\" href=\"https:\/\/www.mirnockhueter.com\/en\/ueber-uns\/\" \/>\n<meta property=\"og:locale\" content=\"en_GB\" \/>\n<meta property=\"og:type\" content=\"article\" \/>\n<meta property=\"og:title\" content=\"\u00dcber Uns - Mirnockh\u00fcter\" \/>\n<meta property=\"og:description\" content=\"Wir sind ein gemeinn\u00fctziger Verein mit dem Ziel anderen Menschen unsere Erfahrungen und das erhaltene Wissen von indigenen Lehrern, Geistheilern, Schamanen, Medizinm\u00e4nnern, Naturkundigen und unseren Vorfahren in freier Natur am Kraftberg Mirnock weiterzugeben.\" \/>\n<meta property=\"og:url\" content=\"https:\/\/www.mirnockhueter.com\/en\/ueber-uns\/\" \/>\n<meta property=\"og:site_name\" content=\"Mirnockh\u00fcter\" \/>\n<meta property=\"article:publisher\" content=\"https:\/\/www.facebook.com\/mirnockhueter\/\" \/>\n<meta property=\"article:modified_time\" content=\"2024-03-27T10:33:47+00:00\" \/>\n<meta property=\"og:image\" content=\"https:\/\/www.mirnockhueter.com\/wp-content\/uploads\/2022\/05\/schwitzhuette-am-mirnock.jpg\" \/>\n<meta name=\"twitter:card\" content=\"summary_large_image\" \/>\n<meta name=\"twitter:label1\" content=\"Estimated reading time\" \/>\n\t<meta name=\"twitter:data1\" content=\"4 minutes\" \/>\n<script type=\"application\/ld+json\" class=\"yoast-schema-graph\">{\"@context\":\"https:\/\/schema.org\",\"@graph\":[{\"@type\":\"WebPage\",\"@id\":\"https:\/\/www.mirnockhueter.com\/ueber-uns\/\",\"url\":\"https:\/\/www.mirnockhueter.com\/ueber-uns\/\",\"name\":\"\u00dcber Uns - Mirnockh\u00fcter\",\"isPartOf\":{\"@id\":\"https:\/\/www.mirnockhueter.com\/#website\"},\"primaryImageOfPage\":{\"@id\":\"https:\/\/www.mirnockhueter.com\/ueber-uns\/#primaryimage\"},\"image\":{\"@id\":\"https:\/\/www.mirnockhueter.com\/ueber-uns\/#primaryimage\"},\"thumbnailUrl\":\"https:\/\/www.mirnockhueter.com\/wp-content\/uploads\/2022\/05\/schwitzhuette-am-mirnock.jpg\",\"datePublished\":\"2021-11-21T14:14:19+00:00\",\"dateModified\":\"2024-03-27T10:33:47+00:00\",\"description\":\"Wir sind ein gemeinn\u00fctziger Verein mit dem Ziel anderen Menschen unsere Erfahrungen und das erhaltene Wissen von indigenen Lehrern, Geistheilern, Schamanen, Medizinm\u00e4nnern, Naturkundigen und unseren Vorfahren in freier Natur am Kraftberg Mirnock weiterzugeben.\",\"breadcrumb\":{\"@id\":\"https:\/\/www.mirnockhueter.com\/ueber-uns\/#breadcrumb\"},\"inLanguage\":\"en-GB\",\"potentialAction\":[{\"@type\":\"ReadAction\",\"target\":[\"https:\/\/www.mirnockhueter.com\/ueber-uns\/\"]}]},{\"@type\":\"ImageObject\",\"inLanguage\":\"en-GB\",\"@id\":\"https:\/\/www.mirnockhueter.com\/ueber-uns\/#primaryimage\",\"url\":\"https:\/\/www.mirnockhueter.com\/wp-content\/uploads\/2022\/05\/schwitzhuette-am-mirnock.jpg\",\"contentUrl\":\"https:\/\/www.mirnockhueter.com\/wp-content\/uploads\/2022\/05\/schwitzhuette-am-mirnock.jpg\"},{\"@type\":\"BreadcrumbList\",\"@id\":\"https:\/\/www.mirnockhueter.com\/ueber-uns\/#breadcrumb\",\"itemListElement\":[{\"@type\":\"ListItem\",\"position\":1,\"name\":\"Startseite\",\"item\":\"https:\/\/www.mirnockhueter.com\/\"},{\"@type\":\"ListItem\",\"position\":2,\"name\":\"\u00dcber Uns\"}]},{\"@type\":\"WebSite\",\"@id\":\"https:\/\/www.mirnockhueter.com\/#website\",\"url\":\"https:\/\/www.mirnockhueter.com\/\",\"name\":\"Mirnockh\u00fcter\",\"description\":\"Schwitzh\u00fctten am Kraftberg Mirnock in K\u00e4rnten\",\"publisher\":{\"@id\":\"https:\/\/www.mirnockhueter.com\/#organization\"},\"potentialAction\":[{\"@type\":\"SearchAction\",\"target\":{\"@type\":\"EntryPoint\",\"urlTemplate\":\"https:\/\/www.mirnockhueter.com\/?s={search_term_string}\"},\"query-input\":{\"@type\":\"PropertyValueSpecification\",\"valueRequired\":true,\"valueName\":\"search_term_string\"}}],\"inLanguage\":\"en-GB\"},{\"@type\":\"Organization\",\"@id\":\"https:\/\/www.mirnockhueter.com\/#organization\",\"name\":\"Mirnockh\u00fcter - -Schwitzh\u00fctten und Pfeifenrituale\",\"url\":\"https:\/\/www.mirnockhueter.com\/\",\"logo\":{\"@type\":\"ImageObject\",\"inLanguage\":\"en-GB\",\"@id\":\"https:\/\/www.mirnockhueter.com\/#\/schema\/logo\/image\/\",\"url\":\"https:\/\/www.mirnockhueter.com\/wp-content\/uploads\/2022\/05\/kraftplatz-mirnock.jpg\",\"contentUrl\":\"https:\/\/www.mirnockhueter.com\/wp-content\/uploads\/2022\/05\/kraftplatz-mirnock.jpg\",\"width\":1619,\"height\":1080,\"caption\":\"Mirnockh\u00fcter - -Schwitzh\u00fctten und Pfeifenrituale\"},\"image\":{\"@id\":\"https:\/\/www.mirnockhueter.com\/#\/schema\/logo\/image\/\"},\"sameAs\":[\"https:\/\/www.facebook.com\/mirnockhueter\/\"]}]}<\/script>\n<!-- \/ Yoast SEO plugin. -->","yoast_head_json":{"title":"About us - Mirnockh\u00fcter","description":"We are a non-profit organisation with the aim of passing on to other people our experiences and the knowledge we have received from indigenous teachers, spiritual healers, shamans, medicine men, nature experts and our ancestors in the great outdoors on the Mirnock power mountain.","robots":{"index":"index","follow":"follow","max-snippet":"max-snippet:-1","max-image-preview":"max-image-preview:large","max-video-preview":"max-video-preview:-1"},"canonical":"https:\/\/www.mirnockhueter.com\/en\/ueber-uns\/","og_locale":"en_GB","og_type":"article","og_title":"\u00dcber Uns - Mirnockh\u00fcter","og_description":"Wir sind ein gemeinn\u00fctziger Verein mit dem Ziel anderen Menschen unsere Erfahrungen und das erhaltene Wissen von indigenen Lehrern, Geistheilern, Schamanen, Medizinm\u00e4nnern, Naturkundigen und unseren Vorfahren in freier Natur am Kraftberg Mirnock weiterzugeben.","og_url":"https:\/\/www.mirnockhueter.com\/en\/ueber-uns\/","og_site_name":"Mirnockh\u00fcter","article_publisher":"https:\/\/www.facebook.com\/mirnockhueter\/","article_modified_time":"2024-03-27T10:33:47+00:00","og_image":[{"url":"https:\/\/www.mirnockhueter.com\/wp-content\/uploads\/2022\/05\/schwitzhuette-am-mirnock.jpg","type":"","width":"","height":""}],"twitter_card":"summary_large_image","twitter_misc":{"Estimated reading time":"4 minutes"},"schema":{"@context":"https:\/\/schema.org","@graph":[{"@type":"WebPage","@id":"https:\/\/www.mirnockhueter.com\/ueber-uns\/","url":"https:\/\/www.mirnockhueter.com\/ueber-uns\/","name":"About us - Mirnockh\u00fcter","isPartOf":{"@id":"https:\/\/www.mirnockhueter.com\/#website"},"primaryImageOfPage":{"@id":"https:\/\/www.mirnockhueter.com\/ueber-uns\/#primaryimage"},"image":{"@id":"https:\/\/www.mirnockhueter.com\/ueber-uns\/#primaryimage"},"thumbnailUrl":"https:\/\/www.mirnockhueter.com\/wp-content\/uploads\/2022\/05\/schwitzhuette-am-mirnock.jpg","datePublished":"2021-11-21T14:14:19+00:00","dateModified":"2024-03-27T10:33:47+00:00","description":"We are a non-profit organisation with the aim of passing on to other people our experiences and the knowledge we have received from indigenous teachers, spiritual healers, shamans, medicine men, nature experts and our ancestors in the great outdoors on the Mirnock power mountain.","breadcrumb":{"@id":"https:\/\/www.mirnockhueter.com\/ueber-uns\/#breadcrumb"},"inLanguage":"en-GB","potentialAction":[{"@type":"ReadAction","target":["https:\/\/www.mirnockhueter.com\/ueber-uns\/"]}]},{"@type":"ImageObject","inLanguage":"en-GB","@id":"https:\/\/www.mirnockhueter.com\/ueber-uns\/#primaryimage","url":"https:\/\/www.mirnockhueter.com\/wp-content\/uploads\/2022\/05\/schwitzhuette-am-mirnock.jpg","contentUrl":"https:\/\/www.mirnockhueter.com\/wp-content\/uploads\/2022\/05\/schwitzhuette-am-mirnock.jpg"},{"@type":"BreadcrumbList","@id":"https:\/\/www.mirnockhueter.com\/ueber-uns\/#breadcrumb","itemListElement":[{"@type":"ListItem","position":1,"name":"Startseite","item":"https:\/\/www.mirnockhueter.com\/"},{"@type":"ListItem","position":2,"name":"\u00dcber Uns"}]},{"@type":"WebSite","@id":"https:\/\/www.mirnockhueter.com\/#website","url":"https:\/\/www.mirnockhueter.com\/","name":"Mirnock guardian","description":"Sweat lodges on the Mirnock power mountain in Carinthia","publisher":{"@id":"https:\/\/www.mirnockhueter.com\/#organization"},"potentialAction":[{"@type":"SearchAction","target":{"@type":"EntryPoint","urlTemplate":"https:\/\/www.mirnockhueter.com\/?s={search_term_string}"},"query-input":{"@type":"PropertyValueSpecification","valueRequired":true,"valueName":"search_term_string"}}],"inLanguage":"en-GB"},{"@type":"Organization","@id":"https:\/\/www.mirnockhueter.com\/#organization","name":"Mirnockh\u00fcter - sweat lodges and pipe rituals","url":"https:\/\/www.mirnockhueter.com\/","logo":{"@type":"ImageObject","inLanguage":"en-GB","@id":"https:\/\/www.mirnockhueter.com\/#\/schema\/logo\/image\/","url":"https:\/\/www.mirnockhueter.com\/wp-content\/uploads\/2022\/05\/kraftplatz-mirnock.jpg","contentUrl":"https:\/\/www.mirnockhueter.com\/wp-content\/uploads\/2022\/05\/kraftplatz-mirnock.jpg","width":1619,"height":1080,"caption":"Mirnockh\u00fcter - -Schwitzh\u00fctten und Pfeifenrituale"},"image":{"@id":"https:\/\/www.mirnockhueter.com\/#\/schema\/logo\/image\/"},"sameAs":["https:\/\/www.facebook.com\/mirnockhueter\/"]}]}},"_links":{"self":[{"href":"https:\/\/www.mirnockhueter.com\/en\/wp-json\/wp\/v2\/pages\/14","targetHints":{"allow":["GET"]}}],"collection":[{"href":"https:\/\/www.mirnockhueter.com\/en\/wp-json\/wp\/v2\/pages"}],"about":[{"href":"https:\/\/www.mirnockhueter.com\/en\/wp-json\/wp\/v2\/types\/page"}],"author":[{"embeddable":true,"href":"https:\/\/www.mirnockhueter.com\/en\/wp-json\/wp\/v2\/users\/1"}],"replies":[{"embeddable":true,"href":"https:\/\/www.mirnockhueter.com\/en\/wp-json\/wp\/v2\/comments?post=14"}],"version-history":[{"count":92,"href":"https:\/\/www.mirnockhueter.com\/en\/wp-json\/wp\/v2\/pages\/14\/revisions"}],"predecessor-version":[{"id":7567,"href":"https:\/\/www.mirnockhueter.com\/en\/wp-json\/wp\/v2\/pages\/14\/revisions\/7567"}],"wp:attachment":[{"href":"https:\/\/www.mirnockhueter.com\/en\/wp-json\/wp\/v2\/media?parent=14"}],"curies":[{"name":"wp","href":"https:\/\/api.w.org\/{rel}","templated":true}]}}